{"id":10986,"date":"2025-12-10T07:42:36","date_gmt":"2025-12-10T06:42:36","guid":{"rendered":"https:\/\/v31.es\/booksonline\/?post_type=product&#038;p=10986"},"modified":"2025-12-10T08:48:28","modified_gmt":"2025-12-10T07:48:28","slug":"la-escritora-de","status":"publish","type":"product","link":"https:\/\/v31.es\/booksonline\/producto\/la-escritora-de\/","title":{"rendered":"La escritora de&#8230;"},"content":{"rendered":"<h1 class=\"product_title entry-title\">La escritora de l\u00edneas rojas<\/h1>\n<p>Arist\u00f3bulo Falcone es un forense docto en asuntos de la Cosa Nostra. Cuando Anna aparece en su vida, abandonar N\u00e1poles parece ser la \u00fanica opci\u00f3n dada su genuina inclinaci\u00f3n a los h\u00e1bitos delincuenciales. Pero la familia no olvida; il miglior perdono e la vendetta. Acuciado por la mafia y desgraciado como un bac\u00edn oxidado, en su huida encarar\u00e1 su penoso pasado y las dudas que habitan en el espinoso coraz\u00f3n de un ogro sin escr\u00fapulos. Zaragoza, N\u00e1poles, Oporto. El g\u00e9nero negro vuela en busca de un amor enterrado, removiendo tugurios de post\u00edn donde cada corbata tiene un hacha asignada.<\/p>\n","protected":false},"excerpt":{"rendered":"<p>La escritora de l\u00edneas rojas Arist\u00f3bulo Falcone es un forense docto en asuntos de la Cosa Nostra. Cuando Anna aparece en su vida, abandonar N\u00e1poles parece ser la \u00fanica opci\u00f3n dada su genuina inclinaci\u00f3n a los h\u00e1bitos delincuenciales. Pero la familia no olvida; il miglior perdono e la vendetta. Acuciado por la mafia y desgraciado [&hellip;]<\/p>\n","protected":false},"featured_media":10987,"comment_status":"open","ping_status":"closed","template":"","meta":{"_et_pb_use_builder":"off","_et_pb_old_content":"\u201cNada es lo que parece, nada parece lo que es\u201d\r\n\r\n[learn_more caption=\"leer m\u00e1s\"]Nos pasamos la mayor parte de nuestra existencia sumidos en una profunda oscuridad, y no somos conscientes de que con un simple gesto, podemos pulsar el interruptor que llenar\u00eda nuestra vida de luz y felicidad. Pocas son las personas capaces de ver que malgastando nuestro tiempo en esa pelea constante con nosotros mismos y con los dem\u00e1s nunca llegaremos a encontrar lo que realmente buscamos, el amor. El amor llegar\u00e1 a ti si le abres la puerta, o al menos una ventana. El amor no es perfecto, pero es lo \u00fanico por lo que merece la pena sufrir, y sobre todo vivir.[\/learn_more]","_et_gb_content_width":""},"product_brand":[],"product_cat":[454,453],"product_tag":[36],"class_list":{"0":"post-10986","1":"product","2":"type-product","3":"status-publish","4":"has-post-thumbnail","6":"product_cat-diego-martinez-castillon","7":"product_cat-octubre-negro-ediciones","8":"product_tag-novela","9":"product_shipping_class-envio-estandar","11":"first","12":"instock","13":"taxable","14":"shipping-taxable","15":"purchasable","16":"product-type-simple"},"_links":{"self":[{"href":"https:\/\/v31.es\/booksonline\/wp-json\/wp\/v2\/product\/10986","targetHints":{"allow":["GET"]}}],"collection":[{"href":"https:\/\/v31.es\/booksonline\/wp-json\/wp\/v2\/product"}],"about":[{"href":"https:\/\/v31.es\/booksonline\/wp-json\/wp\/v2\/types\/product"}],"replies":[{"embeddable":true,"href":"https:\/\/v31.es\/booksonline\/wp-json\/wp\/v2\/comments?post=10986"}],"wp:featuredmedia":[{"embeddable":true,"href":"https:\/\/v31.es\/booksonline\/wp-json\/wp\/v2\/media\/10987"}],"wp:attachment":[{"href":"https:\/\/v31.es\/booksonline\/wp-json\/wp\/v2\/media?parent=10986"}],"wp:term":[{"taxonomy":"product_brand","embeddable":true,"href":"https:\/\/v31.es\/booksonline\/wp-json\/wp\/v2\/product_brand?post=10986"},{"taxonomy":"product_cat","embeddable":true,"href":"https:\/\/v31.es\/booksonline\/wp-json\/wp\/v2\/product_cat?post=10986"},{"taxonomy":"product_tag","embeddable":true,"href":"https:\/\/v31.es\/booksonline\/wp-json\/wp\/v2\/product_tag?post=10986"}],"curies":[{"name":"wp","href":"https:\/\/api.w.org\/{rel}","templated":true}]}}