{"id":10990,"date":"2025-12-10T08:43:10","date_gmt":"2025-12-10T07:43:10","guid":{"rendered":"https:\/\/v31.es\/booksonline\/?post_type=product&#038;p=10990"},"modified":"2025-12-11T09:04:25","modified_gmt":"2025-12-11T08:04:25","slug":"los-chicos-del","status":"publish","type":"product","link":"https:\/\/v31.es\/booksonline\/producto\/los-chicos-del\/","title":{"rendered":"Los chicos del&#8230;"},"content":{"rendered":"<p>La vida de Sim\u00f3n, Gaspar, Valent\u00edn y Lorenzo, cuatro amigos de la infancia, se ve truncada de un d\u00eda para otro debido al estallido de la guerra civil espa\u00f1ola. Con distintos puntos de vista, se dividir\u00e1n entre bandos y comenzar\u00e1n a vivir sus vidas separados. Su objetivo ser\u00e1 no morir en el intento de luchar por una Espa\u00f1a mejor.<\/p>\n<p>Sus vidas no hab\u00edan sido f\u00e1ciles hasta entonces. Ninguno de ellos proven\u00eda de familias acomodadas y sus ideas tendr\u00e1n un papel muy importante en su destino. Tambi\u00e9n habr\u00e1 tiempo para el amor, en muchos casos imposible, por el que tambi\u00e9n tendr\u00e1n que luchar.<\/p>\n<p>El amor, la amistad, la familia y las luchas de poder ser\u00e1n la piedra angular de Los chicos del Avenida, una novela basada en hechos reales que pone en entredicho la naturaleza humana y la despersonalizaci\u00f3n del enemigo. Y que, adem\u00e1s, propone un conflicto \u00e9tico sobre el insignificante valor que a veces parece d\u00e1rsele a las v\u00edctimas de los conflictos armados.<\/p>\n","protected":false},"excerpt":{"rendered":"<p>La vida de Sim\u00f3n, Gaspar, Valent\u00edn y Lorenzo, cuatro amigos de la infancia, se ve truncada de un d\u00eda para otro debido al estallido de la guerra civil espa\u00f1ola. Con distintos puntos de vista, se dividir\u00e1n entre bandos y comenzar\u00e1n a vivir sus vidas separados. Su objetivo ser\u00e1 no morir en el intento de luchar [&hellip;]<\/p>\n","protected":false},"featured_media":10991,"comment_status":"open","ping_status":"closed","template":"","meta":{"_et_pb_use_builder":"off","_et_pb_old_content":"\u201cNada es lo que parece, nada parece lo que es\u201d\r\n\r\n[learn_more caption=\"leer m\u00e1s\"]Nos pasamos la mayor parte de nuestra existencia sumidos en una profunda oscuridad, y no somos conscientes de que con un simple gesto, podemos pulsar el interruptor que llenar\u00eda nuestra vida de luz y felicidad. Pocas son las personas capaces de ver que malgastando nuestro tiempo en esa pelea constante con nosotros mismos y con los dem\u00e1s nunca llegaremos a encontrar lo que realmente buscamos, el amor. El amor llegar\u00e1 a ti si le abres la puerta, o al menos una ventana. El amor no es perfecto, pero es lo \u00fanico por lo que merece la pena sufrir, y sobre todo vivir.[\/learn_more]","_et_gb_content_width":""},"product_brand":[],"product_cat":[457,455],"product_tag":[36],"class_list":{"0":"post-10990","1":"product","2":"type-product","3":"status-publish","4":"has-post-thumbnail","6":"product_cat-elena-satue-carrera","7":"product_cat-inazio-laghetasc","8":"product_tag-novela","9":"product_shipping_class-envio-estandar","11":"first","12":"instock","13":"taxable","14":"shipping-taxable","15":"purchasable","16":"product-type-simple"},"_links":{"self":[{"href":"https:\/\/v31.es\/booksonline\/wp-json\/wp\/v2\/product\/10990","targetHints":{"allow":["GET"]}}],"collection":[{"href":"https:\/\/v31.es\/booksonline\/wp-json\/wp\/v2\/product"}],"about":[{"href":"https:\/\/v31.es\/booksonline\/wp-json\/wp\/v2\/types\/product"}],"replies":[{"embeddable":true,"href":"https:\/\/v31.es\/booksonline\/wp-json\/wp\/v2\/comments?post=10990"}],"wp:featuredmedia":[{"embeddable":true,"href":"https:\/\/v31.es\/booksonline\/wp-json\/wp\/v2\/media\/10991"}],"wp:attachment":[{"href":"https:\/\/v31.es\/booksonline\/wp-json\/wp\/v2\/media?parent=10990"}],"wp:term":[{"taxonomy":"product_brand","embeddable":true,"href":"https:\/\/v31.es\/booksonline\/wp-json\/wp\/v2\/product_brand?post=10990"},{"taxonomy":"product_cat","embeddable":true,"href":"https:\/\/v31.es\/booksonline\/wp-json\/wp\/v2\/product_cat?post=10990"},{"taxonomy":"product_tag","embeddable":true,"href":"https:\/\/v31.es\/booksonline\/wp-json\/wp\/v2\/product_tag?post=10990"}],"curies":[{"name":"wp","href":"https:\/\/api.w.org\/{rel}","templated":true}]}}