{"id":11025,"date":"2026-02-02T07:09:51","date_gmt":"2026-02-02T06:09:51","guid":{"rendered":"https:\/\/v31.es\/booksonline\/?post_type=product&#038;p=11025"},"modified":"2026-02-03T09:28:49","modified_gmt":"2026-02-03T08:28:49","slug":"milaneta-juego","status":"publish","type":"product","link":"https:\/\/v31.es\/booksonline\/producto\/milaneta-juego\/","title":{"rendered":"Milaneta &#8211; Juego"},"content":{"rendered":"<div class=\"grid-module-container-root animated-element is-visible\">\n<div class=\"text-root text-a2f1eddd-dafb-4b3f-955e-e3b2e50e04ef\">\n<div>\n<h2><strong>Queremos educar, sensibilizar y concienciar para crear un mundo mejor.\u00a0<\/strong><br \/>\n<strong>Conoce a trav\u00e9s del juego \u00a0amenazas a la biodiversidad y como combatirlas.<\/strong><\/h2>\n<p><span class=\"theming-custom\">\u00bfQuieres conocer Arag\u00f3n y su patrimonio natural?, \u00bfTe animas a colaborar con entidades conservacionistas?, \u00bfConoces y puedes hacer algo para proteger la biodiversidad?<\/span><\/p>\n<p><span class=\"theming-custom\">Proyecto Milaneta es un juego de mesa de car\u00e1cter ambiental, ideal para aprender jugando y tomar conciencia sobre la importancia de la conservaci\u00f3n de la biodiversidad y el cuidado del patrimonio natural aragon\u00e9s.<\/span><\/p>\n<p><span class=\"theming-custom\">\u00a0Una sencilla herramienta para sensibilizar al margen de inteligencias artificiales, realidades aumentadas y tecnolog\u00edas absorventes.<\/span><\/p>\n<\/div>\n<\/div>\n<\/div>\n<div class=\"grid-module-container-root animated-element is-visible\">\n<div class=\"text-root text-fdfdde5d-88bb-40df-a1e4-4b801f25448d\">\n<p><span class=\"theming-basic-Grey\">Proyecto Milaneta es m\u00e1s que un juego, es una invitaci\u00f3n a la reflexi\u00f3n, al pensamiento cr\u00edtico y al cambio de actitudes para proteger nuestro medio ambiente. Hagamos juntos de este mundo un lugar mejor.<\/span><\/p>\n<p><a href=\"https:\/\/www.proyectomilaneta.org\/el-juego\/\">https:\/\/www.proyectomilaneta.org\/el-juego\/<\/a><\/p>\n<\/div>\n<\/div>\n","protected":false},"excerpt":{"rendered":"<p>Queremos educar, sensibilizar y concienciar para crear un mundo mejor.\u00a0 Conoce a trav\u00e9s del juego \u00a0amenazas a la biodiversidad y como combatirlas. \u00bfQuieres conocer Arag\u00f3n y su patrimonio natural?, \u00bfTe animas a colaborar con entidades conservacionistas?, \u00bfConoces y puedes hacer algo para proteger la biodiversidad? Proyecto Milaneta es un juego de mesa de car\u00e1cter ambiental, [&hellip;]<\/p>\n","protected":false},"featured_media":11026,"comment_status":"open","ping_status":"closed","template":"","meta":{"_et_pb_use_builder":"off","_et_pb_old_content":"\u201cNada es lo que parece, nada parece lo que es\u201d\r\n\r\n[learn_more caption=\"leer m\u00e1s\"]Nos pasamos la mayor parte de nuestra existencia sumidos en una profunda oscuridad, y no somos conscientes de que con un simple gesto, podemos pulsar el interruptor que llenar\u00eda nuestra vida de luz y felicidad. Pocas son las personas capaces de ver que malgastando nuestro tiempo en esa pelea constante con nosotros mismos y con los dem\u00e1s nunca llegaremos a encontrar lo que realmente buscamos, el amor. El amor llegar\u00e1 a ti si le abres la puerta, o al menos una ventana. El amor no es perfecto, pero es lo \u00fanico por lo que merece la pena sufrir, y sobre todo vivir.[\/learn_more]","_et_gb_content_width":""},"product_brand":[],"product_cat":[20],"product_tag":[36],"class_list":{"0":"post-11025","1":"product","2":"type-product","3":"status-publish","4":"has-post-thumbnail","6":"product_cat-sin-categorizar","7":"product_tag-novela","8":"product_shipping_class-envio-estandar","10":"first","11":"instock","12":"taxable","13":"shipping-taxable","14":"purchasable","15":"product-type-simple"},"_links":{"self":[{"href":"https:\/\/v31.es\/booksonline\/wp-json\/wp\/v2\/product\/11025","targetHints":{"allow":["GET"]}}],"collection":[{"href":"https:\/\/v31.es\/booksonline\/wp-json\/wp\/v2\/product"}],"about":[{"href":"https:\/\/v31.es\/booksonline\/wp-json\/wp\/v2\/types\/product"}],"replies":[{"embeddable":true,"href":"https:\/\/v31.es\/booksonline\/wp-json\/wp\/v2\/comments?post=11025"}],"wp:featuredmedia":[{"embeddable":true,"href":"https:\/\/v31.es\/booksonline\/wp-json\/wp\/v2\/media\/11026"}],"wp:attachment":[{"href":"https:\/\/v31.es\/booksonline\/wp-json\/wp\/v2\/media?parent=11025"}],"wp:term":[{"taxonomy":"product_brand","embeddable":true,"href":"https:\/\/v31.es\/booksonline\/wp-json\/wp\/v2\/product_brand?post=11025"},{"taxonomy":"product_cat","embeddable":true,"href":"https:\/\/v31.es\/booksonline\/wp-json\/wp\/v2\/product_cat?post=11025"},{"taxonomy":"product_tag","embeddable":true,"href":"https:\/\/v31.es\/booksonline\/wp-json\/wp\/v2\/product_tag?post=11025"}],"curies":[{"name":"wp","href":"https:\/\/api.w.org\/{rel}","templated":true}]}}