{"id":11062,"date":"2026-03-05T16:37:02","date_gmt":"2026-03-05T15:37:02","guid":{"rendered":"https:\/\/v31.es\/booksonline\/?post_type=product&#038;p=11062"},"modified":"2026-03-05T17:25:33","modified_gmt":"2026-03-05T16:25:33","slug":"la-vida-judia","status":"publish","type":"product","link":"https:\/\/v31.es\/booksonline\/producto\/la-vida-judia\/","title":{"rendered":"La Vida Jud\u00eda&#8230;"},"content":{"rendered":"<p class=\"yiv9420252476ydp4b673ffbMsoNormal\"><strong>La vida jud\u00eda en la corona de Arag\u00f3n<\/strong><\/p>\n<p><strong>Entre los siglos XII y XV (La aljama jud\u00eda de Monz\u00f3n)\u00a0<\/strong><\/p>\n<p>\u00abLa consulta de manuscritos latinos con informaci\u00f3n sobre las comunidades jud\u00edas de la Corona de Arag\u00f3n -especialmente del Archivo de la Corona de Arag\u00f3n-, de archivos, protocolos notariales, responsa y bibliograf\u00eda especializada me han permitido acercarme muy detalladamente a las caracter\u00edsticas reales de la vida jud\u00eda, a la vida cotidiana en las comunidades jud\u00edas de la Corona de Arag\u00f3n, hasta el siglo XV. Tambi\u00e9n me han permitido confirmar que la singularidad de la comunidad jud\u00eda de Monz\u00f3n entre los siglos XIV y XV nos ayuda a conocer y entender el devenir de esta comunidad, las del entorno y, por extensi\u00f3n, las de la Corona de Arag\u00f3n entre los siglos XII y XV.<\/p>\n<p>Traducir manuscritos hebreos medievales, responsa rab\u00ednicos, Sheelot u-teshubot, documentos en hebreo y obras de historiograf\u00eda en hebreo me ha abierto a ampliar m\u00e1s datos hist\u00f3ricos que complementan los ya conocidos y descubren otros matices de la vida cotidiana y de la sociabilidad en las juder\u00edas. Surgen unas existencias muy relacionadas y moldeadas por las tres sociedades humanas que coexistieron, las influencias religiosas, realidades sociales, econ\u00f3micas, art\u00edsticas y culturales. En definitiva, una mirada, un estudio sociohist\u00f3rico de los siglos XII-XV con especial atenci\u00f3n a las crisis de los siglos XIV y XV combinando los principios de la historia y de la sociolog\u00eda. Esta tesis muestra las relaciones entre sociedades, durante siglos tumultuosas, sus mundos sociales, econ\u00f3micos, pol\u00edticos y culturales.<\/p>\n<p>De todas las fuentes consultadas se desprende que la relaci\u00f3n entre jud\u00edos y cristianos entre los siglos XII-XV es una relaci\u00f3n de coexistencia, violencias y persecuci\u00f3n, es decir, una relaci\u00f3n no exenta de tensiones\u00bb Andreu Lascorz (<em>autor de la obra<\/em>).<\/p>\n","protected":false},"excerpt":{"rendered":"<p>La vida jud\u00eda en la corona de Arag\u00f3n Entre los siglos XII y XV (La aljama jud\u00eda de Monz\u00f3n)\u00a0 \u00abLa consulta de manuscritos latinos con informaci\u00f3n sobre las comunidades jud\u00edas de la Corona de Arag\u00f3n -especialmente del Archivo de la Corona de Arag\u00f3n-, de archivos, protocolos notariales, responsa y bibliograf\u00eda especializada me han permitido acercarme [&hellip;]<\/p>\n","protected":false},"featured_media":11063,"comment_status":"open","ping_status":"closed","template":"","meta":{"_et_pb_use_builder":"off","_et_pb_old_content":"\u201cNada es lo que parece, nada parece lo que es\u201d\r\n\r\n[learn_more caption=\"leer m\u00e1s\"]Nos pasamos la mayor parte de nuestra existencia sumidos en una profunda oscuridad, y no somos conscientes de que con un simple gesto, podemos pulsar el interruptor que llenar\u00eda nuestra vida de luz y felicidad. Pocas son las personas capaces de ver que malgastando nuestro tiempo en esa pelea constante con nosotros mismos y con los dem\u00e1s nunca llegaremos a encontrar lo que realmente buscamos, el amor. El amor llegar\u00e1 a ti si le abres la puerta, o al menos una ventana. El amor no es perfecto, pero es lo \u00fanico por lo que merece la pena sufrir, y sobre todo vivir.[\/learn_more]","_et_gb_content_width":""},"product_brand":[],"product_cat":[462,463],"product_tag":[266],"class_list":{"0":"post-11062","1":"product","2":"type-product","3":"status-publish","4":"has-post-thumbnail","6":"product_cat-francisco-andres-lascorz-arcas","7":"product_cat-varia-editio","8":"product_tag-historia","9":"product_shipping_class-envio-estandar","11":"first","12":"instock","13":"taxable","14":"shipping-taxable","15":"purchasable","16":"product-type-simple"},"_links":{"self":[{"href":"https:\/\/v31.es\/booksonline\/wp-json\/wp\/v2\/product\/11062","targetHints":{"allow":["GET"]}}],"collection":[{"href":"https:\/\/v31.es\/booksonline\/wp-json\/wp\/v2\/product"}],"about":[{"href":"https:\/\/v31.es\/booksonline\/wp-json\/wp\/v2\/types\/product"}],"replies":[{"embeddable":true,"href":"https:\/\/v31.es\/booksonline\/wp-json\/wp\/v2\/comments?post=11062"}],"wp:featuredmedia":[{"embeddable":true,"href":"https:\/\/v31.es\/booksonline\/wp-json\/wp\/v2\/media\/11063"}],"wp:attachment":[{"href":"https:\/\/v31.es\/booksonline\/wp-json\/wp\/v2\/media?parent=11062"}],"wp:term":[{"taxonomy":"product_brand","embeddable":true,"href":"https:\/\/v31.es\/booksonline\/wp-json\/wp\/v2\/product_brand?post=11062"},{"taxonomy":"product_cat","embeddable":true,"href":"https:\/\/v31.es\/booksonline\/wp-json\/wp\/v2\/product_cat?post=11062"},{"taxonomy":"product_tag","embeddable":true,"href":"https:\/\/v31.es\/booksonline\/wp-json\/wp\/v2\/product_tag?post=11062"}],"curies":[{"name":"wp","href":"https:\/\/api.w.org\/{rel}","templated":true}]}}