{"id":1208,"date":"2019-07-08T09:16:32","date_gmt":"2019-07-08T07:16:32","guid":{"rendered":"http:\/\/v31.es\/booksonline\/?post_type=product&#038;p=1208"},"modified":"2021-11-26T09:32:57","modified_gmt":"2021-11-26T08:32:57","slug":"matrioska-copia-2","status":"publish","type":"product","link":"https:\/\/v31.es\/booksonline\/producto\/matrioska-copia-2\/","title":{"rendered":"Matrioska"},"content":{"rendered":"<p>No solo en las historias de ficci\u00f3n, tambi\u00e9n en la vida misma, hay papel para un actor secundario. Atormentado por el recuerdo de Lyss, que, sin dar explicaci\u00f3n, una tarde de verano se march\u00f3,\u00a0 Antonio decide morir. \u00a0Pero en el proceso de la b\u00fasqueda de su muerte, vivir\u00e1 una serie de acontecimientos, reencuentros con el pasado y revelaciones que acabar\u00e1n por cambiar el guion y convertirlo, por primera vez, en el protagonista de una historia&#8230; la de Lyss. \u201cNo hay nada m\u00e1s dram\u00e1tico y a la vez m\u00e1s pasional que tratar de encontrar la verdad.\u201d\u00a0 Matrioska habla de eso, de lo insaciable que puede\u00a0 ser una persona, para volver a sentirse viva.<\/p>\n","protected":false},"excerpt":{"rendered":"<p>No solo en las historias de ficci\u00f3n, tambi\u00e9n en la vida misma, hay papel para un actor secundario. Atormentado por el recuerdo de Lyss, que, sin dar explicaci\u00f3n, una tarde de verano se march\u00f3,\u00a0 Antonio decide morir. \u00a0Pero en el proceso de la b\u00fasqueda de su muerte, vivir\u00e1 una serie de acontecimientos, reencuentros con el [&hellip;]<\/p>\n","protected":false},"featured_media":714,"comment_status":"open","ping_status":"closed","template":"","meta":{"_et_pb_use_builder":"","_et_pb_old_content":"","_et_gb_content_width":""},"product_brand":[],"product_cat":[215],"product_tag":[36],"class_list":{"0":"post-1208","1":"product","2":"type-product","3":"status-publish","4":"has-post-thumbnail","6":"product_cat-rafa-caballero-puyato","7":"product_tag-novela","9":"first","10":"instock","11":"taxable","12":"shipping-taxable","13":"purchasable","14":"product-type-simple"},"_links":{"self":[{"href":"https:\/\/v31.es\/booksonline\/wp-json\/wp\/v2\/product\/1208","targetHints":{"allow":["GET"]}}],"collection":[{"href":"https:\/\/v31.es\/booksonline\/wp-json\/wp\/v2\/product"}],"about":[{"href":"https:\/\/v31.es\/booksonline\/wp-json\/wp\/v2\/types\/product"}],"replies":[{"embeddable":true,"href":"https:\/\/v31.es\/booksonline\/wp-json\/wp\/v2\/comments?post=1208"}],"wp:featuredmedia":[{"embeddable":true,"href":"https:\/\/v31.es\/booksonline\/wp-json\/wp\/v2\/media\/714"}],"wp:attachment":[{"href":"https:\/\/v31.es\/booksonline\/wp-json\/wp\/v2\/media?parent=1208"}],"wp:term":[{"taxonomy":"product_brand","embeddable":true,"href":"https:\/\/v31.es\/booksonline\/wp-json\/wp\/v2\/product_brand?post=1208"},{"taxonomy":"product_cat","embeddable":true,"href":"https:\/\/v31.es\/booksonline\/wp-json\/wp\/v2\/product_cat?post=1208"},{"taxonomy":"product_tag","embeddable":true,"href":"https:\/\/v31.es\/booksonline\/wp-json\/wp\/v2\/product_tag?post=1208"}],"curies":[{"name":"wp","href":"https:\/\/api.w.org\/{rel}","templated":true}]}}