{"id":1209,"date":"2019-07-08T09:17:03","date_gmt":"2019-07-08T07:17:03","guid":{"rendered":"http:\/\/v31.es\/booksonline\/?post_type=product&#038;p=1209"},"modified":"2025-04-28T11:57:22","modified_gmt":"2025-04-28T09:57:22","slug":"ontinena-de-secano-a-regadio-2","status":"publish","type":"product","link":"https:\/\/v31.es\/booksonline\/producto\/ontinena-de-secano-a-regadio-2\/","title":{"rendered":"Onti\u00f1ena de Secano a Regad\u00edo"},"content":{"rendered":"<p><span style=\"vertical-align: inherit;\">Es un libro escrito por Inma Ferrer y que se ha editado en el marco de las ayudas concedidas por la Diputaci\u00f3n Provincial de Huesca (DPH), en los Premios F\u00e9lix de Azara. <div class='et-learn-more clearfix'>\n\t\t\t\t\t<h3 class='heading-more'>leer m\u00e1s<span class='et_learnmore_arrow'><span><\/span><\/span><\/h3>\n\t\t\t\t\t<div class='learn-more-content'>En esta obra se habla de la mecanizaci\u00f3n del campo y sus consecuencias, y tambi\u00e9n del futuro de la ciudadan\u00eda (Onti\u00f1ena) con el proyecto de riego Monegros II. Se describe la lucha diaria de hombres y mujeres para conseguir el agua, la autoconstrucci\u00f3n de balsas que son obras de ingenier\u00eda, junto con un texto y corrales de piedra para el ganado.<\/div>\n\t\t\t\t<\/div> \u00a0<\/span><\/p>\n","protected":false},"excerpt":{"rendered":"<p>Es un libro escrito por Inma Ferrer y que se ha editado en el marco de las ayudas concedidas por la Diputaci\u00f3n Provincial de Huesca (DPH), en los Premios F\u00e9lix de Azara. \u00a0<\/p>\n","protected":false},"featured_media":1202,"comment_status":"open","ping_status":"closed","template":"","meta":{"_et_pb_use_builder":"","_et_pb_old_content":"","_et_gb_content_width":""},"product_brand":[],"product_cat":[224,350],"product_tag":[228],"class_list":{"0":"post-1209","1":"product","2":"type-product","3":"status-publish","4":"has-post-thumbnail","6":"product_cat-inma-ferrer","7":"product_cat-kiosco-de-libros","8":"product_tag-testimonial","10":"first","11":"instock","12":"taxable","13":"shipping-taxable","14":"purchasable","15":"product-type-simple"},"_links":{"self":[{"href":"https:\/\/v31.es\/booksonline\/wp-json\/wp\/v2\/product\/1209","targetHints":{"allow":["GET"]}}],"collection":[{"href":"https:\/\/v31.es\/booksonline\/wp-json\/wp\/v2\/product"}],"about":[{"href":"https:\/\/v31.es\/booksonline\/wp-json\/wp\/v2\/types\/product"}],"replies":[{"embeddable":true,"href":"https:\/\/v31.es\/booksonline\/wp-json\/wp\/v2\/comments?post=1209"}],"wp:featuredmedia":[{"embeddable":true,"href":"https:\/\/v31.es\/booksonline\/wp-json\/wp\/v2\/media\/1202"}],"wp:attachment":[{"href":"https:\/\/v31.es\/booksonline\/wp-json\/wp\/v2\/media?parent=1209"}],"wp:term":[{"taxonomy":"product_brand","embeddable":true,"href":"https:\/\/v31.es\/booksonline\/wp-json\/wp\/v2\/product_brand?post=1209"},{"taxonomy":"product_cat","embeddable":true,"href":"https:\/\/v31.es\/booksonline\/wp-json\/wp\/v2\/product_cat?post=1209"},{"taxonomy":"product_tag","embeddable":true,"href":"https:\/\/v31.es\/booksonline\/wp-json\/wp\/v2\/product_tag?post=1209"}],"curies":[{"name":"wp","href":"https:\/\/api.w.org\/{rel}","templated":true}]}}