{"id":1213,"date":"2019-07-08T09:19:41","date_gmt":"2019-07-08T07:19:41","guid":{"rendered":"http:\/\/v31.es\/booksonline\/?post_type=product&#038;p=1213"},"modified":"2021-11-30T11:49:01","modified_gmt":"2021-11-30T10:49:01","slug":"mi-vida-con-tundra-copia","status":"publish","type":"product","link":"https:\/\/v31.es\/booksonline\/producto\/mi-vida-con-tundra-copia\/","title":{"rendered":"Mi Vida con Tundra"},"content":{"rendered":"<p>\u201cMi vida con Tundra\u201d es una peque\u00f1a obra de lectura obligada para los que amamos a los animales,\u00a0 que en muchos pasajes se reconocer\u00e1n.<\/p>\n<p>Y muy recomendable para que los ni\u00f1os y ni\u00f1as aprendan desde peque\u00f1os esta lecci\u00f3n de cari\u00f1o y lealtad que les har\u00e1n crecer como personas. El libro, se ofrece como un canto a la vida, como un alegato a favor de los animales y el mejor verso dedicado a los fieles amigos de compa\u00f1\u00eda de cuatro patas. Ernesto Romeu.<\/p>\n","protected":false},"excerpt":{"rendered":"<p>\u201cMi vida con Tundra\u201d es una peque\u00f1a obra de lectura obligada para los que amamos a los animales,\u00a0 que en muchos pasajes se reconocer\u00e1n. Y muy recomendable para que los ni\u00f1os y ni\u00f1as aprendan desde peque\u00f1os esta lecci\u00f3n de cari\u00f1o y lealtad que les har\u00e1n crecer como personas. El libro, se ofrece como un canto [&hellip;]<\/p>\n","protected":false},"featured_media":725,"comment_status":"open","ping_status":"closed","template":"","meta":{"_et_pb_use_builder":"","_et_pb_old_content":"","_et_gb_content_width":""},"product_brand":[],"product_cat":[218,229],"product_tag":[36],"class_list":{"0":"post-1213","1":"product","2":"type-product","3":"status-publish","4":"has-post-thumbnail","6":"product_cat-booksonline","7":"product_cat-conchi-garde-torres","8":"product_tag-novela","10":"first","11":"instock","12":"taxable","13":"shipping-taxable","14":"purchasable","15":"product-type-simple"},"_links":{"self":[{"href":"https:\/\/v31.es\/booksonline\/wp-json\/wp\/v2\/product\/1213","targetHints":{"allow":["GET"]}}],"collection":[{"href":"https:\/\/v31.es\/booksonline\/wp-json\/wp\/v2\/product"}],"about":[{"href":"https:\/\/v31.es\/booksonline\/wp-json\/wp\/v2\/types\/product"}],"replies":[{"embeddable":true,"href":"https:\/\/v31.es\/booksonline\/wp-json\/wp\/v2\/comments?post=1213"}],"wp:featuredmedia":[{"embeddable":true,"href":"https:\/\/v31.es\/booksonline\/wp-json\/wp\/v2\/media\/725"}],"wp:attachment":[{"href":"https:\/\/v31.es\/booksonline\/wp-json\/wp\/v2\/media?parent=1213"}],"wp:term":[{"taxonomy":"product_brand","embeddable":true,"href":"https:\/\/v31.es\/booksonline\/wp-json\/wp\/v2\/product_brand?post=1213"},{"taxonomy":"product_cat","embeddable":true,"href":"https:\/\/v31.es\/booksonline\/wp-json\/wp\/v2\/product_cat?post=1213"},{"taxonomy":"product_tag","embeddable":true,"href":"https:\/\/v31.es\/booksonline\/wp-json\/wp\/v2\/product_tag?post=1213"}],"curies":[{"name":"wp","href":"https:\/\/api.w.org\/{rel}","templated":true}]}}