{"id":1368,"date":"2019-07-26T14:29:53","date_gmt":"2019-07-26T12:29:53","guid":{"rendered":"http:\/\/v31.es\/booksonline\/?post_type=product&#038;p=1368"},"modified":"2019-08-11T00:21:04","modified_gmt":"2019-08-10T22:21:04","slug":"el-latido-de-la-tierra","status":"publish","type":"product","link":"https:\/\/v31.es\/booksonline\/producto\/el-latido-de-la-tierra\/","title":{"rendered":"El Latido de la tierra"},"content":{"rendered":"<p>Cuando el amor es verdadero, simplemente se escucha al coraz\u00f3n Vuelve Luz Gab\u00e1s con su novela m\u00e1s sentida.<\/p>\n<div class='et-learn-more clearfix'>\n\t\t\t\t\t<h3 class='heading-more'>Leer m\u00e1s<span class='et_learnmore_arrow'><span><\/span><\/span><\/h3>\n\t\t\t\t\t<div class='learn-more-content'>Alira, heredera de la mansi\u00f3n y las tierras que su familia conserva desde hace generaciones, se debate entre mantenerse fiel a sus or\u00edgenes o adaptarse a los nuevos tiempos. Cuando cree encontrar la respuesta a sus dudas, una misteriosa desaparici\u00f3n perturba la aparente calma que reinaba en la casa, la \u00fanica habitada en un peque\u00f1o pueblo abandonado. Un gui\u00f1o del destino la obligar\u00e1 a enfrentarse a su pasado y a cuestionarse cuanto para ella hab\u00eda sido inmutable. A partir de ese momento comenzar\u00e1 a sentir algo para lo que nunca pens\u00f3 estar preparada: el amor. Luz Gab\u00e1s construye de manera magistral una bella historia de pasi\u00f3n, lealtad, intriga y sentimientos encontrados. \u00abDespu\u00e9s de Palmeras en la nieve, El latido de la tierra es mi novela m\u00e1s sentida, m\u00e1s personal. En ella he volcado mis emociones, la historia de los que me rodean, la vida de un valle lejano pero que late con fuerza\u00bb Luz Gab\u00e1s<\/div>\n\t\t\t\t<\/div>\n","protected":false},"excerpt":{"rendered":"<p>Cuando el amor es verdadero, simplemente se escucha al coraz\u00f3n Vuelve Luz Gab\u00e1s con su novela m\u00e1s sentida.<\/p>\n","protected":false},"featured_media":1371,"comment_status":"open","ping_status":"closed","template":"","meta":{"_et_pb_use_builder":"","_et_pb_old_content":"","_et_gb_content_width":""},"product_brand":[],"product_cat":[241],"product_tag":[36],"class_list":{"0":"post-1368","1":"product","2":"type-product","3":"status-publish","4":"has-post-thumbnail","6":"product_cat-luz-gabas","7":"product_tag-novela","9":"first","10":"instock","11":"taxable","12":"shipping-taxable","13":"purchasable","14":"product-type-simple"},"_links":{"self":[{"href":"https:\/\/v31.es\/booksonline\/wp-json\/wp\/v2\/product\/1368","targetHints":{"allow":["GET"]}}],"collection":[{"href":"https:\/\/v31.es\/booksonline\/wp-json\/wp\/v2\/product"}],"about":[{"href":"https:\/\/v31.es\/booksonline\/wp-json\/wp\/v2\/types\/product"}],"replies":[{"embeddable":true,"href":"https:\/\/v31.es\/booksonline\/wp-json\/wp\/v2\/comments?post=1368"}],"wp:featuredmedia":[{"embeddable":true,"href":"https:\/\/v31.es\/booksonline\/wp-json\/wp\/v2\/media\/1371"}],"wp:attachment":[{"href":"https:\/\/v31.es\/booksonline\/wp-json\/wp\/v2\/media?parent=1368"}],"wp:term":[{"taxonomy":"product_brand","embeddable":true,"href":"https:\/\/v31.es\/booksonline\/wp-json\/wp\/v2\/product_brand?post=1368"},{"taxonomy":"product_cat","embeddable":true,"href":"https:\/\/v31.es\/booksonline\/wp-json\/wp\/v2\/product_cat?post=1368"},{"taxonomy":"product_tag","embeddable":true,"href":"https:\/\/v31.es\/booksonline\/wp-json\/wp\/v2\/product_tag?post=1368"}],"curies":[{"name":"wp","href":"https:\/\/api.w.org\/{rel}","templated":true}]}}