{"id":2794,"date":"2019-10-22T09:39:59","date_gmt":"2019-10-22T07:39:59","guid":{"rendered":"http:\/\/v31.es\/booksonline\/?post_type=product&#038;p=2794"},"modified":"2019-10-22T10:03:07","modified_gmt":"2019-10-22T08:03:07","slug":"el-hijo-de-la-costurera","status":"publish","type":"product","link":"https:\/\/v31.es\/booksonline\/producto\/el-hijo-de-la-costurera\/","title":{"rendered":"El HIJO DE LA COSTURERA"},"content":{"rendered":"<p>Ambientada en el San Sebasti\u00e1n y el Par\u00eds de principios del siglo xx y basada, en gran parte, en la historia del maestro\u00a0<b>Crist\u00f3bal Balenciaga<\/b>,<\/p>\n<div class='et-learn-more clearfix'>\n\t\t\t\t\t<h3 class='heading-more'>Leer m\u00e1s<span class='et_learnmore_arrow'><span><\/span><\/span><\/h3>\n\t\t\t\t\t<div class='learn-more-content'>\u00a0 esta novela es una conmovedora historia de amor, de secretos de amigos y de la divina y eterna ingenuidad de los veranos de la infancia.<\/p>\n<p>Desde sus inicios como aprendiz de costura con su madre, Balenciaga se rodear\u00e1 de un exclusivo mundo, gracias a la amistad con su mentora la marquesa de Casa Torres y de las relaciones con la aristocracia europea y la casa real, a las que visti\u00f3 de glamour en la \u00e9poca de la regente Mar\u00eda Cristina.<\/p>\n<p>En 1907, en Getaria, Crist\u00f3bal conocer\u00e1 a Hugo, un d\u00edscolo bailar\u00edn de danza cl\u00e1sica. Juntos descubrir\u00e1n la amistad verdadera y el amor. Forjar\u00e1n sus destinos por caminos tan cercanos como dolorosamente distantes y ser\u00e1n testigos de una \u00e9poca efervescente, en una Europa sobre la que planeaba el terror de la Primera Guerra Mundial mientras en Donostia se viv\u00eda el lujo de una burbuja ajena a los males del mundo.\u00a0<\/div>\n\t\t\t\t<\/div>\n","protected":false},"excerpt":{"rendered":"<p>Ambientada en el San Sebasti\u00e1n y el Par\u00eds de principios del siglo xx y basada, en gran parte, en la historia del maestro\u00a0Crist\u00f3bal Balenciaga,<\/p>\n","protected":false},"featured_media":2796,"comment_status":"open","ping_status":"closed","template":"","meta":{"_et_pb_use_builder":"","_et_pb_old_content":"","_et_gb_content_width":""},"product_brand":[],"product_cat":[245],"product_tag":[36],"class_list":{"0":"post-2794","1":"product","2":"type-product","3":"status-publish","4":"has-post-thumbnail","6":"product_cat-nacho-montes","7":"product_tag-novela","9":"first","10":"instock","11":"sale","12":"taxable","13":"shipping-taxable","14":"purchasable","15":"product-type-simple"},"_links":{"self":[{"href":"https:\/\/v31.es\/booksonline\/wp-json\/wp\/v2\/product\/2794","targetHints":{"allow":["GET"]}}],"collection":[{"href":"https:\/\/v31.es\/booksonline\/wp-json\/wp\/v2\/product"}],"about":[{"href":"https:\/\/v31.es\/booksonline\/wp-json\/wp\/v2\/types\/product"}],"replies":[{"embeddable":true,"href":"https:\/\/v31.es\/booksonline\/wp-json\/wp\/v2\/comments?post=2794"}],"wp:featuredmedia":[{"embeddable":true,"href":"https:\/\/v31.es\/booksonline\/wp-json\/wp\/v2\/media\/2796"}],"wp:attachment":[{"href":"https:\/\/v31.es\/booksonline\/wp-json\/wp\/v2\/media?parent=2794"}],"wp:term":[{"taxonomy":"product_brand","embeddable":true,"href":"https:\/\/v31.es\/booksonline\/wp-json\/wp\/v2\/product_brand?post=2794"},{"taxonomy":"product_cat","embeddable":true,"href":"https:\/\/v31.es\/booksonline\/wp-json\/wp\/v2\/product_cat?post=2794"},{"taxonomy":"product_tag","embeddable":true,"href":"https:\/\/v31.es\/booksonline\/wp-json\/wp\/v2\/product_tag?post=2794"}],"curies":[{"name":"wp","href":"https:\/\/api.w.org\/{rel}","templated":true}]}}