{"id":4132,"date":"2020-01-02T10:06:51","date_gmt":"2020-01-02T09:06:51","guid":{"rendered":"http:\/\/v31.es\/booksonline\/?post_type=product&#038;p=4132"},"modified":"2020-01-02T10:35:31","modified_gmt":"2020-01-02T09:35:31","slug":"la-piel-de-todos","status":"publish","type":"product","link":"https:\/\/v31.es\/booksonline\/producto\/la-piel-de-todos\/","title":{"rendered":"LA PIEL DE TODOS"},"content":{"rendered":"<p>Este libro pretende ser una peque\u00f1a aportaci\u00f3n al conocimiento de aquellos hechos que, por su trascendencia, han marcado un hito en la historia universal.<\/p>\n<div class='et-learn-more clearfix'>\n\t\t\t\t\t<h3 class='heading-more'>Leer m\u00e1s<span class='et_learnmore_arrow'><span><\/span><\/span><\/h3>\n\t\t\t\t\t<div class='learn-more-content'>\u00a0 Una herramienta para que los espa\u00f1oles sientan orgullo de su pasado. Poniendo en valor una historia \u00fanica, muchas veces desconocida. Un compendio de grandes haza\u00f1as, pero tambi\u00e9n de peque\u00f1as cosas que fueron fruto de la necesidad y del ingenio. La espa\u00f1ola, es una historia compartida, humana y universal. Todo un privilegio para los que vivimos en este rinc\u00f3n del mundo que bien podemos llamar la piel de todos.<\/div>\n\t\t\t\t<\/div>\n","protected":false},"excerpt":{"rendered":"<p>Este libro pretende ser una peque\u00f1a aportaci\u00f3n al conocimiento de aquellos hechos que, por su trascendencia, han marcado un hito en la historia universal.<\/p>\n","protected":false},"featured_media":4133,"comment_status":"open","ping_status":"closed","template":"","meta":{"_et_pb_use_builder":"","_et_pb_old_content":"","_et_gb_content_width":""},"product_brand":[],"product_cat":[248,247],"product_tag":[228],"class_list":{"0":"post-4132","1":"product","2":"type-product","3":"status-publish","4":"has-post-thumbnail","6":"product_cat-mileniarts-leermola","7":"product_cat-oscar-uceda-marquez-2","8":"product_tag-testimonial","10":"first","11":"instock","12":"taxable","13":"shipping-taxable","14":"purchasable","15":"product-type-simple"},"_links":{"self":[{"href":"https:\/\/v31.es\/booksonline\/wp-json\/wp\/v2\/product\/4132","targetHints":{"allow":["GET"]}}],"collection":[{"href":"https:\/\/v31.es\/booksonline\/wp-json\/wp\/v2\/product"}],"about":[{"href":"https:\/\/v31.es\/booksonline\/wp-json\/wp\/v2\/types\/product"}],"replies":[{"embeddable":true,"href":"https:\/\/v31.es\/booksonline\/wp-json\/wp\/v2\/comments?post=4132"}],"wp:featuredmedia":[{"embeddable":true,"href":"https:\/\/v31.es\/booksonline\/wp-json\/wp\/v2\/media\/4133"}],"wp:attachment":[{"href":"https:\/\/v31.es\/booksonline\/wp-json\/wp\/v2\/media?parent=4132"}],"wp:term":[{"taxonomy":"product_brand","embeddable":true,"href":"https:\/\/v31.es\/booksonline\/wp-json\/wp\/v2\/product_brand?post=4132"},{"taxonomy":"product_cat","embeddable":true,"href":"https:\/\/v31.es\/booksonline\/wp-json\/wp\/v2\/product_cat?post=4132"},{"taxonomy":"product_tag","embeddable":true,"href":"https:\/\/v31.es\/booksonline\/wp-json\/wp\/v2\/product_tag?post=4132"}],"curies":[{"name":"wp","href":"https:\/\/api.w.org\/{rel}","templated":true}]}}