{"id":4139,"date":"2020-01-02T10:41:49","date_gmt":"2020-01-02T09:41:49","guid":{"rendered":"http:\/\/v31.es\/booksonline\/?post_type=product&#038;p=4139"},"modified":"2025-07-04T23:23:09","modified_gmt":"2025-07-04T21:23:09","slug":"te-nombro","status":"publish","type":"product","link":"https:\/\/v31.es\/booksonline\/producto\/te-nombro\/","title":{"rendered":"TE NOMBRO"},"content":{"rendered":"<p>\u00bfC\u00f3mo sobrellevar la muerte de un ser querido? \u00bfC\u00f3mo continuar con la vida ?<\/p>\n<div class='et-learn-more clearfix'>\n\t\t\t\t\t<h3 class='heading-more'>Leer m\u00e1s<span class='et_learnmore_arrow'><span><\/span><\/span><\/h3>\n\t\t\t\t\t<div class='learn-more-content'>\u00a0 Dolors L\u00f3pez Alarc\u00f3n\u200b, pol\u00edtica, docente y escritora valenciana. Presenta \u201cTe nombro\u201d su primera novela.\nUn relato vivido que m\u00e1s all\u00e1 de una simple novela repasa todos los preceptos establecidos por la ortodoxia cl\u00e1sica para superar cualquier duelo. . L\u00f3pez, en esta hermosa novela nos habla sobre la muerte de su \u00fanica hija, sobre como llega a aceptar sus sentimientos (tristeza, rabia, frustraci\u00f3n y hasta agotamiento), sobre el modo en que se obliga a cuidarse a ella misma y a quienes le acompa\u00f1an. Pero sobre todo, y de forma premeditada, busca y encuentra la forma de ayudar a otras personas que tambi\u00e9n lidian con la p\u00e9rdida, compartiendo, rememorando y celebrando la vida vivida y la que queda por vivir.<\/div>\n\t\t\t\t<\/div>\n","protected":false},"excerpt":{"rendered":"<p>\u00bfC\u00f3mo sobrellevar la muerte de un ser querido? \u00bfC\u00f3mo continuar con la vida ?<\/p>\n","protected":false},"featured_media":4140,"comment_status":"open","ping_status":"closed","template":"","meta":{"_et_pb_use_builder":"","_et_pb_old_content":"","_et_gb_content_width":""},"product_brand":[],"product_cat":[251,248],"product_tag":[36],"class_list":{"0":"post-4139","1":"product","2":"type-product","3":"status-publish","4":"has-post-thumbnail","6":"product_cat-dolors-lopez-alarcon","7":"product_cat-mileniarts-leermola","8":"product_tag-novela","10":"first","11":"instock","12":"taxable","13":"shipping-taxable","14":"purchasable","15":"product-type-simple"},"_links":{"self":[{"href":"https:\/\/v31.es\/booksonline\/wp-json\/wp\/v2\/product\/4139","targetHints":{"allow":["GET"]}}],"collection":[{"href":"https:\/\/v31.es\/booksonline\/wp-json\/wp\/v2\/product"}],"about":[{"href":"https:\/\/v31.es\/booksonline\/wp-json\/wp\/v2\/types\/product"}],"replies":[{"embeddable":true,"href":"https:\/\/v31.es\/booksonline\/wp-json\/wp\/v2\/comments?post=4139"}],"wp:featuredmedia":[{"embeddable":true,"href":"https:\/\/v31.es\/booksonline\/wp-json\/wp\/v2\/media\/4140"}],"wp:attachment":[{"href":"https:\/\/v31.es\/booksonline\/wp-json\/wp\/v2\/media?parent=4139"}],"wp:term":[{"taxonomy":"product_brand","embeddable":true,"href":"https:\/\/v31.es\/booksonline\/wp-json\/wp\/v2\/product_brand?post=4139"},{"taxonomy":"product_cat","embeddable":true,"href":"https:\/\/v31.es\/booksonline\/wp-json\/wp\/v2\/product_cat?post=4139"},{"taxonomy":"product_tag","embeddable":true,"href":"https:\/\/v31.es\/booksonline\/wp-json\/wp\/v2\/product_tag?post=4139"}],"curies":[{"name":"wp","href":"https:\/\/api.w.org\/{rel}","templated":true}]}}