{"id":4145,"date":"2020-01-02T11:14:37","date_gmt":"2020-01-02T10:14:37","guid":{"rendered":"http:\/\/v31.es\/booksonline\/?post_type=product&#038;p=4145"},"modified":"2020-01-02T11:32:44","modified_gmt":"2020-01-02T10:32:44","slug":"piratas-en-la-ciudad","status":"publish","type":"product","link":"https:\/\/v31.es\/booksonline\/producto\/piratas-en-la-ciudad\/","title":{"rendered":"PIRATAS EN LA CIUDAD"},"content":{"rendered":"<p>En esta historia llena de aventuras, seis primos, Pablo, Mar\u00eda, Ventura.<\/p>\n<div class='et-learn-more clearfix'>\n\t\t\t\t\t<h3 class='heading-more'>Leer m\u00e1s<span class='et_learnmore_arrow'><span><\/span><\/span><\/h3>\n\t\t\t\t\t<div class='learn-more-content'>Elena, Victoria y Bertr\u00e1n persiguen a un par de piratas por toda la ciudad con el objetivo de encontrar, antes que ellos, el tesoro que buscan. Acompa\u00f1ados por una experta periodista, que adem\u00e1s es su abuela, y un sabueso de tomo y lomo, su perro Conan, se organizan para evitar que los piratas se apoderen de algo que no es suyo. \u00bfDescubrir\u00e1n los valientes primos todas y cada una de las pistas que llevan al tesoro escondido? Disfruta con ellos de todas las emocionantes peripecias que viven juntos descubriendo secretos! Te sorprender\u00e1 comprobar que la ciudad es un lugar m\u00e1gico y misterioso en el que todo puede suceder porque t\u00fa puedes hacer que ocurra. \u00bfTe atreves?<\/div>\n\t\t\t\t<\/div>\n","protected":false},"excerpt":{"rendered":"<p>En esta historia llena de aventuras, seis primos, Pablo, Mar\u00eda, Ventura.<\/p>\n","protected":false},"featured_media":4146,"comment_status":"open","ping_status":"closed","template":"","meta":{"_et_pb_use_builder":"","_et_pb_old_content":"","_et_gb_content_width":""},"product_brand":[],"product_cat":[249,248],"product_tag":[250],"class_list":{"0":"post-4145","1":"product","2":"type-product","3":"status-publish","4":"has-post-thumbnail","6":"product_cat-isabel-de-villalonga","7":"product_cat-mileniarts-leermola","8":"product_tag-infantil","10":"first","11":"instock","12":"taxable","13":"shipping-taxable","14":"purchasable","15":"product-type-simple"},"_links":{"self":[{"href":"https:\/\/v31.es\/booksonline\/wp-json\/wp\/v2\/product\/4145","targetHints":{"allow":["GET"]}}],"collection":[{"href":"https:\/\/v31.es\/booksonline\/wp-json\/wp\/v2\/product"}],"about":[{"href":"https:\/\/v31.es\/booksonline\/wp-json\/wp\/v2\/types\/product"}],"replies":[{"embeddable":true,"href":"https:\/\/v31.es\/booksonline\/wp-json\/wp\/v2\/comments?post=4145"}],"wp:featuredmedia":[{"embeddable":true,"href":"https:\/\/v31.es\/booksonline\/wp-json\/wp\/v2\/media\/4146"}],"wp:attachment":[{"href":"https:\/\/v31.es\/booksonline\/wp-json\/wp\/v2\/media?parent=4145"}],"wp:term":[{"taxonomy":"product_brand","embeddable":true,"href":"https:\/\/v31.es\/booksonline\/wp-json\/wp\/v2\/product_brand?post=4145"},{"taxonomy":"product_cat","embeddable":true,"href":"https:\/\/v31.es\/booksonline\/wp-json\/wp\/v2\/product_cat?post=4145"},{"taxonomy":"product_tag","embeddable":true,"href":"https:\/\/v31.es\/booksonline\/wp-json\/wp\/v2\/product_tag?post=4145"}],"curies":[{"name":"wp","href":"https:\/\/api.w.org\/{rel}","templated":true}]}}