{"id":4188,"date":"2020-01-03T09:15:24","date_gmt":"2020-01-03T08:15:24","guid":{"rendered":"http:\/\/v31.es\/booksonline\/?post_type=product&#038;p=4188"},"modified":"2021-12-27T13:10:10","modified_gmt":"2021-12-27T12:10:10","slug":"la-campana-de-huesca","status":"publish","type":"product","link":"https:\/\/v31.es\/booksonline\/producto\/la-campana-de-huesca\/","title":{"rendered":"La campana de Huesca"},"content":{"rendered":"<p>Tras la muerte de Pedro I y Alfonso \u201cel Batallador\u201d llegar\u00e1 a reinar en Arag\u00f3n el tercer hermano de la dinast\u00eda: Ramiro II \u201cel Monje\u201d.<\/p>\n<div class='et-learn-more clearfix'>\n\t\t\t\t\t<h3 class='heading-more'>Leer m\u00e1s<span class='et_learnmore_arrow'><span><\/span><\/span><\/h3>\n\t\t\t\t\t<div class='learn-more-content'><p>Imponer su autoridad ante unos nobles rebelados no ser\u00e1 f\u00e1cil. El rey pac\u00edfico, el rey monje, lo conseguir\u00e1 con una campana que todav\u00eda hoy sigue sonando.<\/p>\n<p>Una leyenda aragonesa, magistralmente ilustrada, que nos traslada a la Edad Media del Altoarag\u00f3n.<\/p><\/div>\n\t\t\t\t<\/div>\n","protected":false},"excerpt":{"rendered":"<p>Tras la muerte de Pedro I y Alfonso \u201cel Batallador\u201d llegar\u00e1 a reinar en Arag\u00f3n el tercer hermano de la dinast\u00eda: Ramiro II \u201cel Monje\u201d.<\/p>\n","protected":false},"featured_media":4189,"comment_status":"open","ping_status":"closed","template":"","meta":{"_et_pb_use_builder":"","_et_pb_old_content":"","_et_gb_content_width":""},"product_brand":[],"product_cat":[255,242],"product_tag":[250],"class_list":{"0":"post-4188","1":"product","2":"type-product","3":"status-publish","4":"has-post-thumbnail","6":"product_cat-sandra-araguas","7":"product_cat-sin-cabeza","8":"product_tag-infantil","9":"product_shipping_class-envio-estandar","11":"first","12":"instock","13":"taxable","14":"shipping-taxable","15":"purchasable","16":"product-type-simple"},"_links":{"self":[{"href":"https:\/\/v31.es\/booksonline\/wp-json\/wp\/v2\/product\/4188","targetHints":{"allow":["GET"]}}],"collection":[{"href":"https:\/\/v31.es\/booksonline\/wp-json\/wp\/v2\/product"}],"about":[{"href":"https:\/\/v31.es\/booksonline\/wp-json\/wp\/v2\/types\/product"}],"replies":[{"embeddable":true,"href":"https:\/\/v31.es\/booksonline\/wp-json\/wp\/v2\/comments?post=4188"}],"wp:featuredmedia":[{"embeddable":true,"href":"https:\/\/v31.es\/booksonline\/wp-json\/wp\/v2\/media\/4189"}],"wp:attachment":[{"href":"https:\/\/v31.es\/booksonline\/wp-json\/wp\/v2\/media?parent=4188"}],"wp:term":[{"taxonomy":"product_brand","embeddable":true,"href":"https:\/\/v31.es\/booksonline\/wp-json\/wp\/v2\/product_brand?post=4188"},{"taxonomy":"product_cat","embeddable":true,"href":"https:\/\/v31.es\/booksonline\/wp-json\/wp\/v2\/product_cat?post=4188"},{"taxonomy":"product_tag","embeddable":true,"href":"https:\/\/v31.es\/booksonline\/wp-json\/wp\/v2\/product_tag?post=4188"}],"curies":[{"name":"wp","href":"https:\/\/api.w.org\/{rel}","templated":true}]}}