{"id":4205,"date":"2020-01-03T10:08:24","date_gmt":"2020-01-03T09:08:24","guid":{"rendered":"http:\/\/v31.es\/booksonline\/?post_type=product&#038;p=4205"},"modified":"2021-12-27T13:09:08","modified_gmt":"2021-12-27T12:09:08","slug":"amina-quiere-ser-bruja","status":"publish","type":"product","link":"https:\/\/v31.es\/booksonline\/producto\/amina-quiere-ser-bruja\/","title":{"rendered":"Amina quiere ser bruja"},"content":{"rendered":"<p>Amina tiene ocho a\u00f1os y once meses, o sea,<\/p>\n<div class='et-learn-more clearfix'>\n\t\t\t\t\t<h3 class='heading-more'>Leer m\u00e1s<span class='et_learnmore_arrow'><span><\/span><\/span><\/h3>\n\t\t\t\t\t<div class='learn-more-content'><p>casi nueve a\u00f1os. Sus amigas quieren ser m\u00e9dicos, profesoras\u2026 pero ella quiere ser bruja. \u00bfY de cu\u00e1les se har\u00e1, de las buenas o de las malas? Ella lo tiene clar\u00edsimo: \u00a1de las malas, que son m\u00e1s divertidas! Y aunque en su casa no se lo crean mucho, es capaz de hacer los conjuros m\u00e1s incre\u00edbles.<\/p><\/div>\n\t\t\t\t<\/div>\n","protected":false},"excerpt":{"rendered":"<p>Amina tiene ocho a\u00f1os y once meses, o sea,<\/p>\n","protected":false},"featured_media":4206,"comment_status":"open","ping_status":"closed","template":"","meta":{"_et_pb_use_builder":"","_et_pb_old_content":"","_et_gb_content_width":""},"product_brand":[],"product_cat":[255,242],"product_tag":[250],"class_list":{"0":"post-4205","1":"product","2":"type-product","3":"status-publish","4":"has-post-thumbnail","6":"product_cat-sandra-araguas","7":"product_cat-sin-cabeza","8":"product_tag-infantil","9":"product_shipping_class-envio-estandar","11":"first","12":"instock","13":"taxable","14":"shipping-taxable","15":"purchasable","16":"product-type-simple"},"_links":{"self":[{"href":"https:\/\/v31.es\/booksonline\/wp-json\/wp\/v2\/product\/4205","targetHints":{"allow":["GET"]}}],"collection":[{"href":"https:\/\/v31.es\/booksonline\/wp-json\/wp\/v2\/product"}],"about":[{"href":"https:\/\/v31.es\/booksonline\/wp-json\/wp\/v2\/types\/product"}],"replies":[{"embeddable":true,"href":"https:\/\/v31.es\/booksonline\/wp-json\/wp\/v2\/comments?post=4205"}],"wp:featuredmedia":[{"embeddable":true,"href":"https:\/\/v31.es\/booksonline\/wp-json\/wp\/v2\/media\/4206"}],"wp:attachment":[{"href":"https:\/\/v31.es\/booksonline\/wp-json\/wp\/v2\/media?parent=4205"}],"wp:term":[{"taxonomy":"product_brand","embeddable":true,"href":"https:\/\/v31.es\/booksonline\/wp-json\/wp\/v2\/product_brand?post=4205"},{"taxonomy":"product_cat","embeddable":true,"href":"https:\/\/v31.es\/booksonline\/wp-json\/wp\/v2\/product_cat?post=4205"},{"taxonomy":"product_tag","embeddable":true,"href":"https:\/\/v31.es\/booksonline\/wp-json\/wp\/v2\/product_tag?post=4205"}],"curies":[{"name":"wp","href":"https:\/\/api.w.org\/{rel}","templated":true}]}}