{"id":4213,"date":"2020-01-03T10:33:57","date_gmt":"2020-01-03T09:33:57","guid":{"rendered":"http:\/\/v31.es\/booksonline\/?post_type=product&#038;p=4213"},"modified":"2021-12-27T13:08:40","modified_gmt":"2021-12-27T12:08:40","slug":"por-encima-de-rama-y-hoja","status":"publish","type":"product","link":"https:\/\/v31.es\/booksonline\/producto\/por-encima-de-rama-y-hoja\/","title":{"rendered":"Por encima de rama y hoja"},"content":{"rendered":"<p>Al trajinero se la echado la noche encima,<\/p>\n<div class='et-learn-more clearfix'>\n\t\t\t\t\t<h3 class='heading-more'>Leer m\u00e1s<span class='et_learnmore_arrow'><span><\/span><\/span><\/h3>\n\t\t\t\t\t<div class='learn-more-content'>pero tres caritativas hermanas lo acoger\u00e1n en su casa. Cuando mejor dorm\u00eda, al filo de la media noche, se despierta al o\u00edr unos ruidos que se acercan.<\/p>\n<p>Las \u00a0hermanas avivan el fuego y traen un caldero.<\/p>\n<p>\u00bfSer\u00e1 m\u00e1s comida lo que le preparen?<\/p><\/div>\n\t\t\t\t<\/div>\n","protected":false},"excerpt":{"rendered":"<p>Al trajinero se la echado la noche encima,<\/p>\n","protected":false},"featured_media":4214,"comment_status":"open","ping_status":"closed","template":"","meta":{"_et_pb_use_builder":"","_et_pb_old_content":"","_et_gb_content_width":""},"product_brand":[],"product_cat":[255,242],"product_tag":[250],"class_list":{"0":"post-4213","1":"product","2":"type-product","3":"status-publish","4":"has-post-thumbnail","6":"product_cat-sandra-araguas","7":"product_cat-sin-cabeza","8":"product_tag-infantil","9":"product_shipping_class-envio-estandar","11":"first","12":"instock","13":"taxable","14":"shipping-taxable","15":"purchasable","16":"product-type-simple"},"_links":{"self":[{"href":"https:\/\/v31.es\/booksonline\/wp-json\/wp\/v2\/product\/4213","targetHints":{"allow":["GET"]}}],"collection":[{"href":"https:\/\/v31.es\/booksonline\/wp-json\/wp\/v2\/product"}],"about":[{"href":"https:\/\/v31.es\/booksonline\/wp-json\/wp\/v2\/types\/product"}],"replies":[{"embeddable":true,"href":"https:\/\/v31.es\/booksonline\/wp-json\/wp\/v2\/comments?post=4213"}],"wp:featuredmedia":[{"embeddable":true,"href":"https:\/\/v31.es\/booksonline\/wp-json\/wp\/v2\/media\/4214"}],"wp:attachment":[{"href":"https:\/\/v31.es\/booksonline\/wp-json\/wp\/v2\/media?parent=4213"}],"wp:term":[{"taxonomy":"product_brand","embeddable":true,"href":"https:\/\/v31.es\/booksonline\/wp-json\/wp\/v2\/product_brand?post=4213"},{"taxonomy":"product_cat","embeddable":true,"href":"https:\/\/v31.es\/booksonline\/wp-json\/wp\/v2\/product_cat?post=4213"},{"taxonomy":"product_tag","embeddable":true,"href":"https:\/\/v31.es\/booksonline\/wp-json\/wp\/v2\/product_tag?post=4213"}],"curies":[{"name":"wp","href":"https:\/\/api.w.org\/{rel}","templated":true}]}}