{"id":4235,"date":"2020-01-03T11:26:27","date_gmt":"2020-01-03T10:26:27","guid":{"rendered":"http:\/\/v31.es\/booksonline\/?post_type=product&#038;p=4235"},"modified":"2021-12-27T13:08:10","modified_gmt":"2021-12-27T12:08:10","slug":"belentuela-y-solfeo","status":"publish","type":"product","link":"https:\/\/v31.es\/booksonline\/producto\/belentuela-y-solfeo\/","title":{"rendered":"Belentuela y Solfeo,"},"content":{"rendered":"<p>Tero es un calcet\u00edn que vive solo en un tendedor. Gracias a Belentuela, conocer\u00e1 a una divertida familia de calcetines musicales. Junto con la Clave de Sol y unos raperos muy marchosos, tendr\u00e1n que enfrentarse a una tarea muy dif\u00edcil: conseguir que el maestro Solfeo recupere la alegr\u00eda. Con esta nueva y divertida historia, Belentuela consigue que los m\u00e1s peque\u00f1os se adentren en el maravilloso mundo de la m\u00fasica.<\/p>\n","protected":false},"excerpt":{"rendered":"<p>Tero es un calcet\u00edn que vive solo en un tendedor. Gracias a Belentuela, conocer\u00e1 a una divertida familia de calcetines musicales. Junto con la Clave de Sol y unos raperos muy marchosos, tendr\u00e1n que enfrentarse a una tarea muy dif\u00edcil: conseguir que el maestro Solfeo recupere la alegr\u00eda. Con esta nueva y divertida historia, Belentuela [&hellip;]<\/p>\n","protected":false},"featured_media":4236,"comment_status":"open","ping_status":"closed","template":"","meta":{"_et_pb_use_builder":"","_et_pb_old_content":"","_et_gb_content_width":""},"product_brand":[],"product_cat":[257,258],"product_tag":[250],"class_list":{"0":"post-4235","1":"product","2":"type-product","3":"status-publish","4":"has-post-thumbnail","6":"product_cat-belen-castel","7":"product_cat-divertimento-musica-itinerante","8":"product_tag-infantil","9":"product_shipping_class-envio-estandar","11":"first","12":"instock","13":"taxable","14":"shipping-taxable","15":"purchasable","16":"product-type-simple"},"_links":{"self":[{"href":"https:\/\/v31.es\/booksonline\/wp-json\/wp\/v2\/product\/4235","targetHints":{"allow":["GET"]}}],"collection":[{"href":"https:\/\/v31.es\/booksonline\/wp-json\/wp\/v2\/product"}],"about":[{"href":"https:\/\/v31.es\/booksonline\/wp-json\/wp\/v2\/types\/product"}],"replies":[{"embeddable":true,"href":"https:\/\/v31.es\/booksonline\/wp-json\/wp\/v2\/comments?post=4235"}],"wp:featuredmedia":[{"embeddable":true,"href":"https:\/\/v31.es\/booksonline\/wp-json\/wp\/v2\/media\/4236"}],"wp:attachment":[{"href":"https:\/\/v31.es\/booksonline\/wp-json\/wp\/v2\/media?parent=4235"}],"wp:term":[{"taxonomy":"product_brand","embeddable":true,"href":"https:\/\/v31.es\/booksonline\/wp-json\/wp\/v2\/product_brand?post=4235"},{"taxonomy":"product_cat","embeddable":true,"href":"https:\/\/v31.es\/booksonline\/wp-json\/wp\/v2\/product_cat?post=4235"},{"taxonomy":"product_tag","embeddable":true,"href":"https:\/\/v31.es\/booksonline\/wp-json\/wp\/v2\/product_tag?post=4235"}],"curies":[{"name":"wp","href":"https:\/\/api.w.org\/{rel}","templated":true}]}}