{"id":4241,"date":"2020-01-03T11:56:04","date_gmt":"2020-01-03T10:56:04","guid":{"rendered":"http:\/\/v31.es\/booksonline\/?post_type=product&#038;p=4241"},"modified":"2021-12-27T13:07:52","modified_gmt":"2021-12-27T12:07:52","slug":"belentuela-2","status":"publish","type":"product","link":"https:\/\/v31.es\/booksonline\/producto\/belentuela-2\/","title":{"rendered":"Belentuela"},"content":{"rendered":"<p>Belentuela y sus tres duendes trabajan juntos en La Fabriseta <span id=\"ctl00_CPHMainCenter_productDetails_productDescription\">Diferente, divertida, sensible, cari\u00f1osa, fuerte, especial&#8230;<br \/>\n\u00bfser\u00e1 un hada? Con su caravana por el mundo va; lo mismo te cuenta que te anta un cuento. En este libro la conocer\u00e1s, y en los pr\u00f3ximos compartir\u00e1s sus historias y aventuras. Si en tu mundo entras&#8230; \u00a1Ya no podr\u00e1s escapar!\u00a0<\/span><\/p>\n","protected":false},"excerpt":{"rendered":"<p>Belentuela y sus tres duendes trabajan juntos en La Fabriseta Diferente, divertida, sensible, cari\u00f1osa, fuerte, especial&#8230; \u00bfser\u00e1 un hada? Con su caravana por el mundo va; lo mismo te cuenta que te anta un cuento. En este libro la conocer\u00e1s, y en los pr\u00f3ximos compartir\u00e1s sus historias y aventuras. Si en tu mundo entras&#8230; \u00a1Ya [&hellip;]<\/p>\n","protected":false},"featured_media":4238,"comment_status":"open","ping_status":"closed","template":"","meta":{"_et_pb_use_builder":"","_et_pb_old_content":"","_et_gb_content_width":""},"product_brand":[],"product_cat":[257,258],"product_tag":[250],"class_list":{"0":"post-4241","1":"product","2":"type-product","3":"status-publish","4":"has-post-thumbnail","6":"product_cat-belen-castel","7":"product_cat-divertimento-musica-itinerante","8":"product_tag-infantil","9":"product_shipping_class-envio-estandar","11":"first","12":"instock","13":"taxable","14":"shipping-taxable","15":"purchasable","16":"product-type-simple"},"_links":{"self":[{"href":"https:\/\/v31.es\/booksonline\/wp-json\/wp\/v2\/product\/4241","targetHints":{"allow":["GET"]}}],"collection":[{"href":"https:\/\/v31.es\/booksonline\/wp-json\/wp\/v2\/product"}],"about":[{"href":"https:\/\/v31.es\/booksonline\/wp-json\/wp\/v2\/types\/product"}],"replies":[{"embeddable":true,"href":"https:\/\/v31.es\/booksonline\/wp-json\/wp\/v2\/comments?post=4241"}],"wp:featuredmedia":[{"embeddable":true,"href":"https:\/\/v31.es\/booksonline\/wp-json\/wp\/v2\/media\/4238"}],"wp:attachment":[{"href":"https:\/\/v31.es\/booksonline\/wp-json\/wp\/v2\/media?parent=4241"}],"wp:term":[{"taxonomy":"product_brand","embeddable":true,"href":"https:\/\/v31.es\/booksonline\/wp-json\/wp\/v2\/product_brand?post=4241"},{"taxonomy":"product_cat","embeddable":true,"href":"https:\/\/v31.es\/booksonline\/wp-json\/wp\/v2\/product_cat?post=4241"},{"taxonomy":"product_tag","embeddable":true,"href":"https:\/\/v31.es\/booksonline\/wp-json\/wp\/v2\/product_tag?post=4241"}],"curies":[{"name":"wp","href":"https:\/\/api.w.org\/{rel}","templated":true}]}}