{"id":4242,"date":"2020-01-03T12:12:11","date_gmt":"2020-01-03T11:12:11","guid":{"rendered":"http:\/\/v31.es\/booksonline\/?post_type=product&#038;p=4242"},"modified":"2021-12-27T13:07:43","modified_gmt":"2021-12-27T12:07:43","slug":"lo-que-el-mar-no-se-lleva","status":"publish","type":"product","link":"https:\/\/v31.es\/booksonline\/producto\/lo-que-el-mar-no-se-lleva\/","title":{"rendered":"LO QUE EL MAR NO SE LLEVA"},"content":{"rendered":"<p>Tailandia, un ex\u00f3tico pa\u00eds con playas de ensue\u00f1o, selvas v\u00edrgenes, fauna salvaje y gente hospitalaria.<\/p>\n<div class='et-learn-more clearfix'>\n\t\t\t\t\t<h3 class='heading-more'>Leer m\u00e1s<span class='et_learnmore_arrow'><span><\/span><\/span><\/h3>\n\t\t\t\t\t<div class='learn-more-content'>En navidad del a\u00f1o 2004 fue azotada por un devastador tsunami, que convirti\u00f3 al mayor de los para\u00edsos en un aut\u00e9ntico infierno.<\/p>\n<p>Fran, un joven espa\u00f1ol harto de su mon\u00f3tona vida, decide viajar a Tailandia buscando un cambio de rumbo. Una historia de aventuras y superaci\u00f3n, donde la fuerza del amor ser\u00e1 determinante.<\/p>\n<p>Lo que el mar no se lleva te acercar\u00e1 a conocer la cultura y costumbres de un pueblo fascinante, recorriendo lugares incre\u00edbles y con una trama llena de acci\u00f3n y peligros.<\/div>\n\t\t\t\t<\/div>\n","protected":false},"excerpt":{"rendered":"<p>Tailandia, un ex\u00f3tico pa\u00eds con playas de ensue\u00f1o, selvas v\u00edrgenes, fauna salvaje y gente hospitalaria.<\/p>\n","protected":false},"featured_media":4245,"comment_status":"open","ping_status":"closed","template":"","meta":{"_et_pb_use_builder":"","_et_pb_old_content":"","_et_gb_content_width":""},"product_brand":[],"product_cat":[259],"product_tag":[36],"class_list":{"0":"post-4242","1":"product","2":"type-product","3":"status-publish","4":"has-post-thumbnail","6":"product_cat-daniel-zaragoza","7":"product_tag-novela","8":"product_shipping_class-envio-estandar","10":"first","11":"instock","12":"taxable","13":"shipping-taxable","14":"purchasable","15":"product-type-simple"},"_links":{"self":[{"href":"https:\/\/v31.es\/booksonline\/wp-json\/wp\/v2\/product\/4242","targetHints":{"allow":["GET"]}}],"collection":[{"href":"https:\/\/v31.es\/booksonline\/wp-json\/wp\/v2\/product"}],"about":[{"href":"https:\/\/v31.es\/booksonline\/wp-json\/wp\/v2\/types\/product"}],"replies":[{"embeddable":true,"href":"https:\/\/v31.es\/booksonline\/wp-json\/wp\/v2\/comments?post=4242"}],"wp:featuredmedia":[{"embeddable":true,"href":"https:\/\/v31.es\/booksonline\/wp-json\/wp\/v2\/media\/4245"}],"wp:attachment":[{"href":"https:\/\/v31.es\/booksonline\/wp-json\/wp\/v2\/media?parent=4242"}],"wp:term":[{"taxonomy":"product_brand","embeddable":true,"href":"https:\/\/v31.es\/booksonline\/wp-json\/wp\/v2\/product_brand?post=4242"},{"taxonomy":"product_cat","embeddable":true,"href":"https:\/\/v31.es\/booksonline\/wp-json\/wp\/v2\/product_cat?post=4242"},{"taxonomy":"product_tag","embeddable":true,"href":"https:\/\/v31.es\/booksonline\/wp-json\/wp\/v2\/product_tag?post=4242"}],"curies":[{"name":"wp","href":"https:\/\/api.w.org\/{rel}","templated":true}]}}