{"id":4342,"date":"2020-01-07T07:38:08","date_gmt":"2020-01-07T06:38:08","guid":{"rendered":"http:\/\/v31.es\/booksonline\/?post_type=product&#038;p=4342"},"modified":"2021-12-27T13:06:40","modified_gmt":"2021-12-27T12:06:40","slug":"la-verdad-os-hara-copia","status":"publish","type":"product","link":"https:\/\/v31.es\/booksonline\/producto\/la-verdad-os-hara-copia\/","title":{"rendered":"Un mill\u00f3n de pasos"},"content":{"rendered":"<p>El\u00a0<b>Camino de Santiago<\/b>\u00a0ha sido recorrido durante siglos por millones de peregrinos venidos de todo el mundo, algunos atra\u00eddos por su espiritualidad, otros por conocer media Espa\u00f1a al ritmo de sus pasos,<\/p>\n<div class='et-learn-more clearfix'>\n\t\t\t\t\t<h3 class='heading-more'>Leer m\u00e1s<span class='et_learnmore_arrow'><span><\/span><\/span><\/h3>\n\t\t\t\t\t<div class='learn-more-content'>y la mayor\u00eda buscando que la peregrinaci\u00f3n sea el preludio de un cambio de vida.Son los mismos paisajes, senderos y piedras pisadas una y otra vez, pero los peregrinos son diferentes. Cada uno con su historia, con sus miedos y anhelos, con sus ilusiones y con un motivo personal por el que recorrer un mill\u00f3n de pasos por el Camino de las Estrellas.\n<b>\u201cEl Camino es la gente que lo recorre\u201d.<\/b>\nCuatro peregrinos y dos peregrinas de distintos pa\u00edses, con sus problemas, traumas, sue\u00f1os y esperanzas, nos muestran desde su mirada el Camino de Santiago franc\u00e9s. Conoceremos los beneficios de caminar cada d\u00eda cargando con lo necesario, en contacto con la naturaleza, hablando con desconocidos, con tiempo para pensar y conocerse a s\u00ed mismo, llevando una vida sencilla, asombr\u00e1ndote con cada descubrimiento y con un sue\u00f1o que cumplir. Pero como en la vida, en el Camino no todo es maravilloso. Tambi\u00e9n hay que lidiar con el sufrimiento, el cansancio, personas t\u00f3xicas, abusos sexuales, e incluso, la muerte.\nNo estamos ante una gu\u00eda de viajes. Puedes disfrutar de este libro tanto si eres amante del Camino, como si no, pues posee todos los elementos que debe tener una buena novela.\n<b>Basada en hechos reales,<\/b>\u00a0ya sea vividos directamente por el autor al recorrer el Camino o contados por los muchos peregrinos y hospitaleros conocidos.<\/div>\n\t\t\t\t<\/div>\n","protected":false},"excerpt":{"rendered":"<p>El\u00a0Camino de Santiago\u00a0ha sido recorrido durante siglos por millones de peregrinos venidos de todo el mundo, algunos atra\u00eddos por su espiritualidad, otros por conocer media Espa\u00f1a al ritmo de sus pasos,<\/p>\n","protected":false},"featured_media":4343,"comment_status":"open","ping_status":"closed","template":"","meta":{"_et_pb_use_builder":"","_et_pb_old_content":"","_et_gb_content_width":""},"product_brand":[],"product_cat":[259],"product_tag":[36],"class_list":{"0":"post-4342","1":"product","2":"type-product","3":"status-publish","4":"has-post-thumbnail","6":"product_cat-daniel-zaragoza","7":"product_tag-novela","8":"product_shipping_class-envio-estandar","10":"first","11":"outofstock","12":"taxable","13":"shipping-taxable","14":"purchasable","15":"product-type-simple"},"_links":{"self":[{"href":"https:\/\/v31.es\/booksonline\/wp-json\/wp\/v2\/product\/4342","targetHints":{"allow":["GET"]}}],"collection":[{"href":"https:\/\/v31.es\/booksonline\/wp-json\/wp\/v2\/product"}],"about":[{"href":"https:\/\/v31.es\/booksonline\/wp-json\/wp\/v2\/types\/product"}],"replies":[{"embeddable":true,"href":"https:\/\/v31.es\/booksonline\/wp-json\/wp\/v2\/comments?post=4342"}],"wp:featuredmedia":[{"embeddable":true,"href":"https:\/\/v31.es\/booksonline\/wp-json\/wp\/v2\/media\/4343"}],"wp:attachment":[{"href":"https:\/\/v31.es\/booksonline\/wp-json\/wp\/v2\/media?parent=4342"}],"wp:term":[{"taxonomy":"product_brand","embeddable":true,"href":"https:\/\/v31.es\/booksonline\/wp-json\/wp\/v2\/product_brand?post=4342"},{"taxonomy":"product_cat","embeddable":true,"href":"https:\/\/v31.es\/booksonline\/wp-json\/wp\/v2\/product_cat?post=4342"},{"taxonomy":"product_tag","embeddable":true,"href":"https:\/\/v31.es\/booksonline\/wp-json\/wp\/v2\/product_tag?post=4342"}],"curies":[{"name":"wp","href":"https:\/\/api.w.org\/{rel}","templated":true}]}}