{"id":4345,"date":"2020-01-07T07:47:47","date_gmt":"2020-01-07T06:47:47","guid":{"rendered":"http:\/\/v31.es\/booksonline\/?post_type=product&#038;p=4345"},"modified":"2021-12-27T13:06:28","modified_gmt":"2021-12-27T12:06:28","slug":"alcanadre","status":"publish","type":"product","link":"https:\/\/v31.es\/booksonline\/producto\/alcanadre\/","title":{"rendered":"ALCANADRE"},"content":{"rendered":"<p>A partir de unas cartas y de los fragmentos de un diario personal, hallados en la casa familiar a la muerte del padre, el autor narra la amistad profunda con un compa\u00f1ero durante los a\u00f1os pasados en un internado. Aquella experiencia, que se mov\u00eda entre sentimientos y afectos a\u00fan desconocidos, le dejar\u00e1 un recuerdo afilado, dulce e inquietante al mismo tiempo, que la memoria hab\u00eda procurado ocultar.<\/p>\n<p>Acabado el curso, el trabajo de camarero durante las vacaciones estivales le abrir\u00e1 horizontes luminosos cerca del r\u00edo Alcanadre y se apropiar\u00e1 de las palabras del protagonista de la novela de Baroja que est\u00e1 leyendo: \u00abYo no olvidar\u00e9 nunca la primera vez que atraves\u00e9 el oce\u00e1no\u00bb.<\/p>\n<p>Con esta novela Joan Peruga se adentra sin pudor en un per\u00edodo crucial de su vida con un estilo preciso y directo. <em>Alcanadre<\/em> nos acerca de manera valiente y delicada a los descubrimientos gozosos, y tambi\u00e9n a las decepciones, que nos acompa\u00f1an cuando abandonamos definitivamente la edad de la inocencia.<\/p>\n","protected":false},"excerpt":{"rendered":"<p>A partir de unas cartas y de los fragmentos de un diario personal, hallados en la casa familiar a la muerte del padre, el autor narra la amistad profunda con un compa\u00f1ero durante los a\u00f1os pasados en un internado. Aquella experiencia, que se mov\u00eda entre sentimientos y afectos a\u00fan desconocidos, le dejar\u00e1 un recuerdo afilado, [&hellip;]<\/p>\n","protected":false},"featured_media":4346,"comment_status":"open","ping_status":"closed","template":"","meta":{"_et_pb_use_builder":"","_et_pb_old_content":"","_et_gb_content_width":""},"product_brand":[],"product_cat":[263,262],"product_tag":[264],"class_list":{"0":"post-4345","1":"product","2":"type-product","3":"status-publish","4":"has-post-thumbnail","6":"product_cat-andorrana","7":"product_cat-joan-peruga","8":"product_tag-narrativa","9":"product_shipping_class-envio-estandar","11":"first","12":"instock","13":"taxable","14":"shipping-taxable","15":"purchasable","16":"product-type-simple"},"_links":{"self":[{"href":"https:\/\/v31.es\/booksonline\/wp-json\/wp\/v2\/product\/4345","targetHints":{"allow":["GET"]}}],"collection":[{"href":"https:\/\/v31.es\/booksonline\/wp-json\/wp\/v2\/product"}],"about":[{"href":"https:\/\/v31.es\/booksonline\/wp-json\/wp\/v2\/types\/product"}],"replies":[{"embeddable":true,"href":"https:\/\/v31.es\/booksonline\/wp-json\/wp\/v2\/comments?post=4345"}],"wp:featuredmedia":[{"embeddable":true,"href":"https:\/\/v31.es\/booksonline\/wp-json\/wp\/v2\/media\/4346"}],"wp:attachment":[{"href":"https:\/\/v31.es\/booksonline\/wp-json\/wp\/v2\/media?parent=4345"}],"wp:term":[{"taxonomy":"product_brand","embeddable":true,"href":"https:\/\/v31.es\/booksonline\/wp-json\/wp\/v2\/product_brand?post=4345"},{"taxonomy":"product_cat","embeddable":true,"href":"https:\/\/v31.es\/booksonline\/wp-json\/wp\/v2\/product_cat?post=4345"},{"taxonomy":"product_tag","embeddable":true,"href":"https:\/\/v31.es\/booksonline\/wp-json\/wp\/v2\/product_tag?post=4345"}],"curies":[{"name":"wp","href":"https:\/\/api.w.org\/{rel}","templated":true}]}}