{"id":4438,"date":"2020-01-10T11:13:48","date_gmt":"2020-01-10T10:13:48","guid":{"rendered":"http:\/\/v31.es\/booksonline\/?post_type=product&#038;p=4438"},"modified":"2021-12-27T12:59:57","modified_gmt":"2021-12-27T11:59:57","slug":"los-tributos-del-amor","status":"publish","type":"product","link":"https:\/\/v31.es\/booksonline\/producto\/los-tributos-del-amor\/","title":{"rendered":"Los tributos del amor"},"content":{"rendered":"<p>En \u201cLos tributos el amor\u201d, el autor, Ram\u00f3n Raluy est\u00e1 reconstruyendo a un mismo tiempo los edificios<\/p>\n<div class='et-learn-more clearfix'>\n\t\t\t\t\t<h3 class='heading-more'>Leer m\u00e1s<span class='et_learnmore_arrow'><span><\/span><\/span><\/h3>\n\t\t\t\t\t<div class='learn-more-content'>\u00a0y las connivencias de una \u00e9poca; y de la misma manera que nace una preciosa avenida en un pueblo donde dos muchachos despiertan al amor a la salida del cine, as\u00ed despierta a la vida tambi\u00e9n un hombre nuevo abri\u00e9ndose paso entre la niebla de un pasado est\u00fapido y cruel del que cuesta desprenderse. Carga a sus espaldas no s\u00f3lo con la vanidad, el ego\u00edsmo y la avaricia de amores interesados, sino tambi\u00e9n con los todos los prejuicios de esa sociedad hip\u00f3crita y miedosa de la posguerra. En el Monz\u00f3n de los cuarenta est\u00e1 ambientada esta\nnovela de amores y tributos por ellos pagados; esta historia de un joven, que de haber existido en la realidad, hoy ser\u00eda un hombre feliz. Disfruten de su lectura.<\/div>\n\t\t\t\t<\/div>\n","protected":false},"excerpt":{"rendered":"<p>En \u201cLos tributos el amor\u201d, el autor, Ram\u00f3n Raluy est\u00e1 reconstruyendo a un mismo tiempo los edificios<\/p>\n","protected":false},"featured_media":4439,"comment_status":"open","ping_status":"closed","template":"","meta":{"_et_pb_use_builder":"","_et_pb_old_content":"","_et_gb_content_width":""},"product_brand":[],"product_cat":[265,267],"product_tag":[36],"class_list":{"0":"post-4438","1":"product","2":"type-product","3":"status-publish","4":"has-post-thumbnail","6":"product_cat-la-clamor","7":"product_cat-ramon-raluy-atanasio","8":"product_tag-novela","9":"product_shipping_class-envio-estandar","11":"first","12":"instock","13":"taxable","14":"shipping-taxable","15":"purchasable","16":"product-type-simple"},"_links":{"self":[{"href":"https:\/\/v31.es\/booksonline\/wp-json\/wp\/v2\/product\/4438","targetHints":{"allow":["GET"]}}],"collection":[{"href":"https:\/\/v31.es\/booksonline\/wp-json\/wp\/v2\/product"}],"about":[{"href":"https:\/\/v31.es\/booksonline\/wp-json\/wp\/v2\/types\/product"}],"replies":[{"embeddable":true,"href":"https:\/\/v31.es\/booksonline\/wp-json\/wp\/v2\/comments?post=4438"}],"wp:featuredmedia":[{"embeddable":true,"href":"https:\/\/v31.es\/booksonline\/wp-json\/wp\/v2\/media\/4439"}],"wp:attachment":[{"href":"https:\/\/v31.es\/booksonline\/wp-json\/wp\/v2\/media?parent=4438"}],"wp:term":[{"taxonomy":"product_brand","embeddable":true,"href":"https:\/\/v31.es\/booksonline\/wp-json\/wp\/v2\/product_brand?post=4438"},{"taxonomy":"product_cat","embeddable":true,"href":"https:\/\/v31.es\/booksonline\/wp-json\/wp\/v2\/product_cat?post=4438"},{"taxonomy":"product_tag","embeddable":true,"href":"https:\/\/v31.es\/booksonline\/wp-json\/wp\/v2\/product_tag?post=4438"}],"curies":[{"name":"wp","href":"https:\/\/api.w.org\/{rel}","templated":true}]}}