{"id":492,"date":"2019-06-05T11:17:23","date_gmt":"2019-06-05T09:17:23","guid":{"rendered":"http:\/\/v31.es\/booksonline\/producto\/import-placeholder-for-313\/"},"modified":"2022-01-11T11:26:30","modified_gmt":"2022-01-11T10:26:30","slug":"manu-vinas","status":"publish","type":"product","link":"https:\/\/v31.es\/booksonline\/producto\/manu-vinas\/","title":{"rendered":"Manu Vi\u00f1as"},"content":{"rendered":"","protected":false},"excerpt":{"rendered":"<p>Manu Vi\u00f1as Limonchi, Vicedecano de Publicidad y\u00a0RRPP de la Universidad San Jorge, es una autoridad en\u00a0el escenario creativo comunicativo, instrumentado a\u00a0trav\u00e9s de las nuevas tecnolog\u00edas de la informaci\u00f3n.<\/p>\n<p style=\"text-align: justify;\">[read more=\u00bbLeer m\u00e1s\u00bb less=\u00bbOcultar\u00a0\u00ab]<b>\u00a0<\/b><\/p>\n<p>En este libro MARY K. SMITH le pregunta sobre\u00a0la situaci\u00f3n del mercado publicitario en la actualidad y\u00a0su opini\u00f3n respecto a la profesionalizaci\u00f3n del sector en\u00a0Arag\u00f3n. El doctor Vi\u00f1as con respuestas directas y documentadas\u00a0refleja la realidad actual de la comunicaci\u00f3n\u00a0comercial y tambi\u00e9n nos desvela sus preferencias como\u00a0profesional del sector.<\/p>\n<p>Manu Vi\u00f1as es un millenniArs procedente de Andaluc\u00eda,\u00a0su tierra natal, que vive y trabaja en Arag\u00f3n con\u00a0entusiasmo, formando nuevos profesionales en un \u00e1rea\u00a0de conocimiento tan relevante para el futuro econ\u00f3mico\u00a0de Arag\u00f3n como es la Publicidad y las Relaciones P\u00fablicas.<br \/>\nDos profesiones fundamentales para el despegue\u00a0de las marcas aragonesas cuyo paradigma acad\u00e9mico -el\u00a0grado universitario- hasta hace poco no se impart\u00eda en\u00a0Arag\u00f3n.<\/p>\n<p>Un libro, necesario para todos los empresarios\u00a0aragoneses que buscan agencia de publicidad o interesados\u00a0en el desarrollo de su propia marca.<\/p>\n<p style=\"text-align: justify;\"><b>\u00a0<\/b>[\/read]<\/p>\n<p>&nbsp;<\/p>\n","protected":false},"featured_media":541,"comment_status":"open","ping_status":"closed","template":"","meta":{"_et_pb_use_builder":"","_et_pb_old_content":"","_et_gb_content_width":""},"product_brand":[],"product_cat":[243,57],"product_tag":[45,62,63,47,64],"class_list":{"0":"post-492","1":"product","2":"type-product","3":"status-publish","4":"has-post-thumbnail","6":"product_cat-millenniars","7":"product_cat-por-ejemplo","8":"product_tag-aragon-tiene-talento","9":"product_tag-manu-vinas","10":"product_tag-mary-k","11":"product_tag-millenniars","12":"product_tag-smith","13":"product_shipping_class-envio-estandar","15":"first","16":"instock","17":"taxable","18":"shipping-taxable","19":"purchasable","20":"product-type-simple"},"_links":{"self":[{"href":"https:\/\/v31.es\/booksonline\/wp-json\/wp\/v2\/product\/492","targetHints":{"allow":["GET"]}}],"collection":[{"href":"https:\/\/v31.es\/booksonline\/wp-json\/wp\/v2\/product"}],"about":[{"href":"https:\/\/v31.es\/booksonline\/wp-json\/wp\/v2\/types\/product"}],"replies":[{"embeddable":true,"href":"https:\/\/v31.es\/booksonline\/wp-json\/wp\/v2\/comments?post=492"}],"wp:featuredmedia":[{"embeddable":true,"href":"https:\/\/v31.es\/booksonline\/wp-json\/wp\/v2\/media\/541"}],"wp:attachment":[{"href":"https:\/\/v31.es\/booksonline\/wp-json\/wp\/v2\/media?parent=492"}],"wp:term":[{"taxonomy":"product_brand","embeddable":true,"href":"https:\/\/v31.es\/booksonline\/wp-json\/wp\/v2\/product_brand?post=492"},{"taxonomy":"product_cat","embeddable":true,"href":"https:\/\/v31.es\/booksonline\/wp-json\/wp\/v2\/product_cat?post=492"},{"taxonomy":"product_tag","embeddable":true,"href":"https:\/\/v31.es\/booksonline\/wp-json\/wp\/v2\/product_tag?post=492"}],"curies":[{"name":"wp","href":"https:\/\/api.w.org\/{rel}","templated":true}]}}