{"id":493,"date":"2019-06-05T11:17:23","date_gmt":"2019-06-05T09:17:23","guid":{"rendered":"http:\/\/v31.es\/booksonline\/producto\/import-placeholder-for-315\/"},"modified":"2022-01-11T11:27:07","modified_gmt":"2022-01-11T10:27:07","slug":"el-estereotipo-me-mata","status":"publish","type":"product","link":"https:\/\/v31.es\/booksonline\/producto\/el-estereotipo-me-mata\/","title":{"rendered":"El estereotipo me mata"},"content":{"rendered":"","protected":false},"excerpt":{"rendered":"<p>ELESTEREOTIPOMEMATA, este libro que ten\u00e9is entre las manos, es justo lo que se necesita para ir enriqueciendo ese otro 50%. Su lectura nos permite ser cada d\u00eda m\u00e1s sabios. Yo dir\u00eda incluso que nos incita a ser mejores, a que nuestra actitud sea positiva, a ser humildes, generosos, a ser personas. A aprender de Richard.<\/p>\n","protected":false},"featured_media":544,"comment_status":"open","ping_status":"closed","template":"","meta":{"_et_pb_use_builder":"","_et_pb_old_content":"","_et_gb_content_width":""},"product_brand":[],"product_cat":[49,243],"product_tag":[45,65,47,66],"class_list":{"0":"post-493","1":"product","2":"type-product","3":"status-publish","4":"has-post-thumbnail","6":"product_cat-asi-se-hace","7":"product_cat-millenniars","8":"product_tag-aragon-tiene-talento","9":"product_tag-el-estereotipo-me-mata","10":"product_tag-millenniars","11":"product_tag-richard-wakefield","12":"product_shipping_class-envio-estandar","14":"first","15":"instock","16":"taxable","17":"shipping-taxable","18":"purchasable","19":"product-type-simple"},"_links":{"self":[{"href":"https:\/\/v31.es\/booksonline\/wp-json\/wp\/v2\/product\/493","targetHints":{"allow":["GET"]}}],"collection":[{"href":"https:\/\/v31.es\/booksonline\/wp-json\/wp\/v2\/product"}],"about":[{"href":"https:\/\/v31.es\/booksonline\/wp-json\/wp\/v2\/types\/product"}],"replies":[{"embeddable":true,"href":"https:\/\/v31.es\/booksonline\/wp-json\/wp\/v2\/comments?post=493"}],"wp:featuredmedia":[{"embeddable":true,"href":"https:\/\/v31.es\/booksonline\/wp-json\/wp\/v2\/media\/544"}],"wp:attachment":[{"href":"https:\/\/v31.es\/booksonline\/wp-json\/wp\/v2\/media?parent=493"}],"wp:term":[{"taxonomy":"product_brand","embeddable":true,"href":"https:\/\/v31.es\/booksonline\/wp-json\/wp\/v2\/product_brand?post=493"},{"taxonomy":"product_cat","embeddable":true,"href":"https:\/\/v31.es\/booksonline\/wp-json\/wp\/v2\/product_cat?post=493"},{"taxonomy":"product_tag","embeddable":true,"href":"https:\/\/v31.es\/booksonline\/wp-json\/wp\/v2\/product_tag?post=493"}],"curies":[{"name":"wp","href":"https:\/\/api.w.org\/{rel}","templated":true}]}}