{"id":512,"date":"2019-06-05T11:17:50","date_gmt":"2019-06-05T09:17:50","guid":{"rendered":"http:\/\/v31.es\/booksonline\/producto\/import-placeholder-for-336\/"},"modified":"2019-06-05T11:22:51","modified_gmt":"2019-06-05T09:22:51","slug":"monzon-la-alegria","status":"publish","type":"product","link":"https:\/\/v31.es\/booksonline\/producto\/monzon-la-alegria\/","title":{"rendered":"Monz\u00f3n La Alegr\u00eda"},"content":{"rendered":"","protected":false},"excerpt":{"rendered":"<p><span style=\"color: #808080;\"><strong>No hay mejor juguete que un cuento<\/strong><\/span><\/p>\n<p>En la Alegr\u00eda de Monz\u00f3n los ni\u00f1os descubrir\u00e1n una de las fiestas m\u00e1s importantes del lugar. Lo atractiva que es la naturaleza y lo bien que podemos pasarlo juntos.<\/p>\n<p style=\"text-align: justify;\">[read more=\u00bbLeer m\u00e1s\u00bb less=\u00bbOcultar\u00a0\u00ab]<b>\u00a0<\/b><\/p>\n<p><span style=\"color: #808080;\"><strong>Para los padres y educadores<\/strong><\/span><\/p>\n<p>La idea del cuento es servir de base para que a partir del mismo unos pregunten, otros contesten, se revivan an\u00e9cdotas y se generen nuevas historias. Alegr\u00eda y comunicaci\u00f3n guardan mucha relaci\u00f3n.<\/p>\n<p style=\"text-align: justify;\"><b> <\/b>[\/read]<\/p>\n<p style=\"text-align: justify;\">\n","protected":false},"featured_media":564,"comment_status":"open","ping_status":"closed","template":"","meta":{"_et_pb_use_builder":"","_et_pb_old_content":"","_et_gb_content_width":""},"product_brand":[],"product_cat":[111],"product_tag":[45,47,115,61,116,117],"class_list":{"0":"post-512","1":"product","2":"type-product","3":"status-publish","4":"has-post-thumbnail","6":"product_cat-mi-pueblo-mola","7":"product_tag-aragon-tiene-talento","8":"product_tag-millenniars","9":"product_tag-monzon-la-alegria","10":"product_tag-olga-asensio-puyalto","11":"product_tag-sheila-hospital","12":"product_tag-uri-guillen","13":"product_shipping_class-envio-estandar","15":"first","16":"instock","17":"taxable","18":"shipping-taxable","19":"purchasable","20":"product-type-simple"},"_links":{"self":[{"href":"https:\/\/v31.es\/booksonline\/wp-json\/wp\/v2\/product\/512","targetHints":{"allow":["GET"]}}],"collection":[{"href":"https:\/\/v31.es\/booksonline\/wp-json\/wp\/v2\/product"}],"about":[{"href":"https:\/\/v31.es\/booksonline\/wp-json\/wp\/v2\/types\/product"}],"replies":[{"embeddable":true,"href":"https:\/\/v31.es\/booksonline\/wp-json\/wp\/v2\/comments?post=512"}],"wp:featuredmedia":[{"embeddable":true,"href":"https:\/\/v31.es\/booksonline\/wp-json\/wp\/v2\/media\/564"}],"wp:attachment":[{"href":"https:\/\/v31.es\/booksonline\/wp-json\/wp\/v2\/media?parent=512"}],"wp:term":[{"taxonomy":"product_brand","embeddable":true,"href":"https:\/\/v31.es\/booksonline\/wp-json\/wp\/v2\/product_brand?post=512"},{"taxonomy":"product_cat","embeddable":true,"href":"https:\/\/v31.es\/booksonline\/wp-json\/wp\/v2\/product_cat?post=512"},{"taxonomy":"product_tag","embeddable":true,"href":"https:\/\/v31.es\/booksonline\/wp-json\/wp\/v2\/product_tag?post=512"}],"curies":[{"name":"wp","href":"https:\/\/api.w.org\/{rel}","templated":true}]}}