{"id":514,"date":"2019-06-05T11:17:51","date_gmt":"2019-06-05T09:17:51","guid":{"rendered":"http:\/\/v31.es\/booksonline\/producto\/import-placeholder-for-345\/"},"modified":"2019-06-05T11:23:31","modified_gmt":"2019-06-05T09:23:31","slug":"ballobar-mercado-medieval","status":"publish","type":"product","link":"https:\/\/v31.es\/booksonline\/producto\/ballobar-mercado-medieval\/","title":{"rendered":"Ballobar, mercado medieval"},"content":{"rendered":"","protected":false},"excerpt":{"rendered":"<p><span style=\"color: #808080;\"><strong>No hay mejor juguete que un cuento<\/strong><\/span><\/p>\n<p>Un cuento para empezar a hablar del pasado, del presente y del futuro.<\/p>\n<p style=\"text-align: justify;\">[read more=\u00bbLeer m\u00e1s\u00bb less=\u00bbOcultar\u00a0\u00ab]<b>\u00a0<\/b><\/p>\n<p><span style=\"color: #808080;\"><strong>Para los padres y educadores<\/strong><\/span><\/p>\n<p style=\"text-align: justify;\">En este cuento los ni\u00f1os descubren que los caminos llevan a lugares pr\u00f3ximos donde pasan cosas a menudo fant\u00e1sticas. Como el trabajo colaborativo de todos los vecinos de un pueblo, que deciden jugar juntos un d\u00eda al a\u00f1o, para rendir homenaje a los mercados antiguos y sentirse pr\u00edncipes, princesas, trovadores, campesinos, artesanos o soldados&#8230;<\/p>\n<p>Los mercados han sido siempre y siguen siendo un punto de encuentro, de intercambio, de vida social y un motor para la econom\u00eda local.<\/p>\n<p style=\"text-align: justify;\"><b>\u00a0<\/b>[\/read]<\/p>\n<p style=\"text-align: justify;\">\n","protected":false},"featured_media":566,"comment_status":"open","ping_status":"closed","template":"","meta":{"_et_pb_use_builder":"","_et_pb_old_content":"","_et_gb_content_width":""},"product_brand":[],"product_cat":[111],"product_tag":[45,119,112,113,47],"class_list":{"0":"post-514","1":"product","2":"type-product","3":"status-publish","4":"has-post-thumbnail","6":"product_cat-mi-pueblo-mola","7":"product_tag-aragon-tiene-talento","8":"product_tag-ballobar-mercado-medieval","9":"product_tag-eleuterio-pueyo","10":"product_tag-emeri-mur","11":"product_tag-millenniars","12":"product_shipping_class-envio-estandar","14":"first","15":"instock","16":"taxable","17":"shipping-taxable","18":"purchasable","19":"product-type-simple"},"_links":{"self":[{"href":"https:\/\/v31.es\/booksonline\/wp-json\/wp\/v2\/product\/514","targetHints":{"allow":["GET"]}}],"collection":[{"href":"https:\/\/v31.es\/booksonline\/wp-json\/wp\/v2\/product"}],"about":[{"href":"https:\/\/v31.es\/booksonline\/wp-json\/wp\/v2\/types\/product"}],"replies":[{"embeddable":true,"href":"https:\/\/v31.es\/booksonline\/wp-json\/wp\/v2\/comments?post=514"}],"wp:featuredmedia":[{"embeddable":true,"href":"https:\/\/v31.es\/booksonline\/wp-json\/wp\/v2\/media\/566"}],"wp:attachment":[{"href":"https:\/\/v31.es\/booksonline\/wp-json\/wp\/v2\/media?parent=514"}],"wp:term":[{"taxonomy":"product_brand","embeddable":true,"href":"https:\/\/v31.es\/booksonline\/wp-json\/wp\/v2\/product_brand?post=514"},{"taxonomy":"product_cat","embeddable":true,"href":"https:\/\/v31.es\/booksonline\/wp-json\/wp\/v2\/product_cat?post=514"},{"taxonomy":"product_tag","embeddable":true,"href":"https:\/\/v31.es\/booksonline\/wp-json\/wp\/v2\/product_tag?post=514"}],"curies":[{"name":"wp","href":"https:\/\/api.w.org\/{rel}","templated":true}]}}