{"id":516,"date":"2019-06-05T11:17:51","date_gmt":"2019-06-05T09:17:51","guid":{"rendered":"http:\/\/v31.es\/booksonline\/producto\/import-placeholder-for-350\/"},"modified":"2019-06-05T11:23:45","modified_gmt":"2019-06-05T09:23:45","slug":"alcolea-campeones","status":"publish","type":"product","link":"https:\/\/v31.es\/booksonline\/producto\/alcolea-campeones\/","title":{"rendered":"Alcolea, Campeones"},"content":{"rendered":"","protected":false},"excerpt":{"rendered":"<p><span style=\"color: #808080;\"><strong>No hay mejor juguete que un cuento<\/strong><\/span><\/p>\n<p>En este cuento el campeonato de f\u00fatbol es una oportunidad para visitar a nuestros vecinos, pasarlo bien juntos y hacer nuevos amigos.<\/p>\n<p style=\"text-align: justify;\">[read more=\u00bbLeer m\u00e1s\u00bb less=\u00bbOcultar\u00a0\u00ab]<b>\u00a0<\/b><\/p>\n<p><span style=\"color: #808080;\"><strong>Para los padres y educadores<\/strong><\/span><\/p>\n<p>En el campeonato de f\u00fatbol aprendemos que practicar un deporte de equipo como el f\u00fatbol nos ense\u00f1a a ser sociables, a tener paciencia, a respetar unas normas, a trabajar para mejorar continuamente y a ser humildes. Se trata de comprender que en la vida unas veces se gana y otras se pierde, pero si sabes divertirte jugando siempre ganas.<\/p>\n<p style=\"text-align: justify;\"><b>\u00a0<\/b>[\/read]<\/p>\n<p style=\"text-align: justify;\">\n","protected":false},"featured_media":571,"comment_status":"open","ping_status":"closed","template":"","meta":{"_et_pb_use_builder":"","_et_pb_old_content":"","_et_gb_content_width":""},"product_brand":[],"product_cat":[111],"product_tag":[124,45,112,113,47],"class_list":{"0":"post-516","1":"product","2":"type-product","3":"status-publish","4":"has-post-thumbnail","6":"product_cat-mi-pueblo-mola","7":"product_tag-alcolea-campeones","8":"product_tag-aragon-tiene-talento","9":"product_tag-eleuterio-pueyo","10":"product_tag-emeri-mur","11":"product_tag-millenniars","12":"product_shipping_class-envio-estandar","14":"first","15":"instock","16":"taxable","17":"shipping-taxable","18":"purchasable","19":"product-type-simple"},"_links":{"self":[{"href":"https:\/\/v31.es\/booksonline\/wp-json\/wp\/v2\/product\/516","targetHints":{"allow":["GET"]}}],"collection":[{"href":"https:\/\/v31.es\/booksonline\/wp-json\/wp\/v2\/product"}],"about":[{"href":"https:\/\/v31.es\/booksonline\/wp-json\/wp\/v2\/types\/product"}],"replies":[{"embeddable":true,"href":"https:\/\/v31.es\/booksonline\/wp-json\/wp\/v2\/comments?post=516"}],"wp:featuredmedia":[{"embeddable":true,"href":"https:\/\/v31.es\/booksonline\/wp-json\/wp\/v2\/media\/571"}],"wp:attachment":[{"href":"https:\/\/v31.es\/booksonline\/wp-json\/wp\/v2\/media?parent=516"}],"wp:term":[{"taxonomy":"product_brand","embeddable":true,"href":"https:\/\/v31.es\/booksonline\/wp-json\/wp\/v2\/product_brand?post=516"},{"taxonomy":"product_cat","embeddable":true,"href":"https:\/\/v31.es\/booksonline\/wp-json\/wp\/v2\/product_cat?post=516"},{"taxonomy":"product_tag","embeddable":true,"href":"https:\/\/v31.es\/booksonline\/wp-json\/wp\/v2\/product_tag?post=516"}],"curies":[{"name":"wp","href":"https:\/\/api.w.org\/{rel}","templated":true}]}}