{"id":518,"date":"2019-06-05T11:17:52","date_gmt":"2019-06-05T09:17:52","guid":{"rendered":"http:\/\/v31.es\/booksonline\/producto\/import-placeholder-for-375\/"},"modified":"2021-12-14T12:31:59","modified_gmt":"2021-12-14T11:31:59","slug":"fla-fla-fla","status":"publish","type":"product","link":"https:\/\/v31.es\/booksonline\/producto\/fla-fla-fla\/","title":{"rendered":"Fla fla fla"},"content":{"rendered":"","protected":false},"excerpt":{"rendered":"<p><span style=\"color: #808080;\"><strong>Ap\u00e1galo y vuelve a encenderlo<\/strong><\/span><\/p>\n<p>Todos nos conocemos ya la maravillosa f\u00f3rmula para cuando el ordenador, el m\u00f3vil, la tele o cualquier otro aparato electr\u00f3nico nos da problemas. As\u00ed se recoloca el software.<\/p>\n<p style=\"text-align: justify;\">[read more=\u00bbLeer m\u00e1s\u00bb less=\u00bbOcultar\u00a0\u00ab]<b>\u00a0<\/b><\/p>\n<p>Ser\u00eda fant\u00e1stico poder hacer lo mismo con el cerebro. Especialmente en casos de ansiedad, estr\u00e9s, p\u00e9rdidas de memoria o enfermedades relacionadas con el envejecimiento neuronal o cognitivo. Y se puede!!Coloreando, seg\u00fan lo demuestran recientes estudios, lo conseguimos. Por \u00e9so este tipo de cuadernos est\u00e1 de moda en todo el mundo.<\/p>\n<p style=\"text-align: justify;\"><b>\u00a0<\/b>[\/read]<\/p>\n","protected":false},"featured_media":576,"comment_status":"open","ping_status":"closed","template":"","meta":{"_et_pb_use_builder":"","_et_pb_old_content":"","_et_gb_content_width":""},"product_brand":[],"product_cat":[125,243],"product_tag":[120,45,128,129,47],"class_list":{"0":"post-518","1":"product","2":"type-product","3":"status-publish","4":"has-post-thumbnail","6":"product_cat-colorea-on-off","7":"product_cat-millenniars","8":"product_tag-antonio-isla","9":"product_tag-aragon-tiene-talento","10":"product_tag-colorea-on-off","11":"product_tag-fla-fla-fla","12":"product_tag-millenniars","13":"product_shipping_class-envio-estandar","15":"first","16":"instock","17":"taxable","18":"shipping-taxable","19":"purchasable","20":"product-type-simple"},"_links":{"self":[{"href":"https:\/\/v31.es\/booksonline\/wp-json\/wp\/v2\/product\/518","targetHints":{"allow":["GET"]}}],"collection":[{"href":"https:\/\/v31.es\/booksonline\/wp-json\/wp\/v2\/product"}],"about":[{"href":"https:\/\/v31.es\/booksonline\/wp-json\/wp\/v2\/types\/product"}],"replies":[{"embeddable":true,"href":"https:\/\/v31.es\/booksonline\/wp-json\/wp\/v2\/comments?post=518"}],"wp:featuredmedia":[{"embeddable":true,"href":"https:\/\/v31.es\/booksonline\/wp-json\/wp\/v2\/media\/576"}],"wp:attachment":[{"href":"https:\/\/v31.es\/booksonline\/wp-json\/wp\/v2\/media?parent=518"}],"wp:term":[{"taxonomy":"product_brand","embeddable":true,"href":"https:\/\/v31.es\/booksonline\/wp-json\/wp\/v2\/product_brand?post=518"},{"taxonomy":"product_cat","embeddable":true,"href":"https:\/\/v31.es\/booksonline\/wp-json\/wp\/v2\/product_cat?post=518"},{"taxonomy":"product_tag","embeddable":true,"href":"https:\/\/v31.es\/booksonline\/wp-json\/wp\/v2\/product_tag?post=518"}],"curies":[{"name":"wp","href":"https:\/\/api.w.org\/{rel}","templated":true}]}}