{"id":533,"date":"2019-06-05T11:19:25","date_gmt":"2019-06-05T09:19:25","guid":{"rendered":"http:\/\/v31.es\/booksonline\/producto\/import-placeholder-for-482\/"},"modified":"2019-06-05T11:26:40","modified_gmt":"2019-06-05T09:26:40","slug":"chalamera-contaminar-no-mola-e-book","status":"publish","type":"product","link":"https:\/\/v31.es\/booksonline\/producto\/chalamera-contaminar-no-mola-e-book\/","title":{"rendered":"Chalamera, contaminar no mola e-book"},"content":{"rendered":"","protected":false},"excerpt":{"rendered":"<p><span style=\"color: #808080;\"><strong>No hay mejor juguete que un cuento<\/strong><\/span><\/p>\n<p>Con contaminar no mola los ni\u00f1os descubrir\u00e1n que cuidar de la naturaleza -patrimonio de todos tambi\u00e9n\u00a0es responsabilidad suya.<\/p>\n<p style=\"text-align: justify;\">[read more=\u00bbLeer m\u00e1s\u00bb less=\u00bbOcultar\u00a0\u00ab]<b>\u00a0<\/b><\/p>\n<p><span style=\"color: #808080;\"><strong>Para los padres y educadores<\/strong><\/span><\/p>\n<p>Vivir en un pueblo tiene sus ventajas y el esp\u00edritu de esta colecci\u00f3n es destacarlas. La idea del cuento es servir de base para que a partir del mismo unos pregunten, otros contesten, se revivan an\u00e9cdotas, la informaci\u00f3n circule y los ni\u00f1os no teman, pero s\u00ed aprendan.<\/p>\n<p style=\"text-align: justify;\"><b>\u00a0<\/b>[\/read]<\/p>\n<p style=\"text-align: justify;\">\n","protected":false},"featured_media":565,"comment_status":"open","ping_status":"closed","template":"","meta":{"_et_pb_use_builder":"","_et_pb_old_content":"","_et_gb_content_width":""},"product_brand":[],"product_cat":[145,111],"product_tag":[45,118,112,113,47],"class_list":{"0":"post-533","1":"product","2":"type-product","3":"status-publish","4":"has-post-thumbnail","6":"product_cat-e-book","7":"product_cat-mi-pueblo-mola","8":"product_tag-aragon-tiene-talento","9":"product_tag-chalamera-contaminar-no-mola","10":"product_tag-eleuterio-pueyo","11":"product_tag-emeri-mur","12":"product_tag-millenniars","13":"product_shipping_class-envio-estandar","15":"first","16":"instock","17":"downloadable","18":"virtual","19":"taxable","20":"purchasable","21":"product-type-simple"},"_links":{"self":[{"href":"https:\/\/v31.es\/booksonline\/wp-json\/wp\/v2\/product\/533","targetHints":{"allow":["GET"]}}],"collection":[{"href":"https:\/\/v31.es\/booksonline\/wp-json\/wp\/v2\/product"}],"about":[{"href":"https:\/\/v31.es\/booksonline\/wp-json\/wp\/v2\/types\/product"}],"replies":[{"embeddable":true,"href":"https:\/\/v31.es\/booksonline\/wp-json\/wp\/v2\/comments?post=533"}],"wp:featuredmedia":[{"embeddable":true,"href":"https:\/\/v31.es\/booksonline\/wp-json\/wp\/v2\/media\/565"}],"wp:attachment":[{"href":"https:\/\/v31.es\/booksonline\/wp-json\/wp\/v2\/media?parent=533"}],"wp:term":[{"taxonomy":"product_brand","embeddable":true,"href":"https:\/\/v31.es\/booksonline\/wp-json\/wp\/v2\/product_brand?post=533"},{"taxonomy":"product_cat","embeddable":true,"href":"https:\/\/v31.es\/booksonline\/wp-json\/wp\/v2\/product_cat?post=533"},{"taxonomy":"product_tag","embeddable":true,"href":"https:\/\/v31.es\/booksonline\/wp-json\/wp\/v2\/product_tag?post=533"}],"curies":[{"name":"wp","href":"https:\/\/api.w.org\/{rel}","templated":true}]}}