{"id":543,"date":"2019-06-05T11:20:55","date_gmt":"2019-06-05T09:20:55","guid":{"rendered":"http:\/\/v31.es\/booksonline\/producto\/import-placeholder-for-506\/"},"modified":"2019-06-05T11:26:43","modified_gmt":"2019-06-05T09:26:43","slug":"binefar-la-brujeta-cristineta-e-book","status":"publish","type":"product","link":"https:\/\/v31.es\/booksonline\/producto\/binefar-la-brujeta-cristineta-e-book\/","title":{"rendered":"Binefar &#8211; La brujeta Cristineta, e-book"},"content":{"rendered":"","protected":false},"excerpt":{"rendered":"<p><span style=\"color: #808080;\"><strong>No hay mejor juguete que un cuento<\/strong><\/span><\/p>\n<p>Este cuento nos relata las aventuras de Cristineta,\u00a0esa ni\u00f1a so\u00f1adora que todos llevamos dentro.<\/p>\n<p>[read more=\u00bbLeer m\u00e1s\u00bb less=\u00bbOcultar\u00a0\u00ab]<b>\u00a0<\/b><\/p>\n<p><span style=\"color: #808080;\"><strong>Para los padres y educadores<\/strong><\/span><\/p>\n<p>En \u201cLa Brujeta Cristineta y su Bicicleta\u201d, los ni\u00f1os y ni\u00f1as aprenden que los sue\u00f1os son un ant\u00eddoto infalible contra el aburrimiento. Este cuento pone\u00a0en valor la imaginaci\u00f3n, la alegr\u00eda y la transmisi\u00f3n oral. Los lectores, adem\u00e1s, descubrir\u00e1n y reconocer\u00e1n diferentes espacios de Bin\u00e9far donde repetir\u00a0los juegos de Cristineta, de la mano de sus amigos.<\/p>\n<p style=\"text-align: justify;\"><b>\u00a0<\/b>[\/read]<\/p>\n","protected":false},"featured_media":580,"comment_status":"open","ping_status":"closed","template":"","meta":{"_et_pb_use_builder":"","_et_pb_old_content":"","_et_gb_content_width":""},"product_brand":[],"product_cat":[145,111],"product_tag":[45,133,47,134],"class_list":{"0":"post-543","1":"product","2":"type-product","3":"status-publish","4":"has-post-thumbnail","6":"product_cat-e-book","7":"product_cat-mi-pueblo-mola","8":"product_tag-aragon-tiene-talento","9":"product_tag-eva-aparicio","10":"product_tag-millenniars","11":"product_tag-raquel-prats","12":"product_shipping_class-envio-estandar","14":"first","15":"instock","16":"downloadable","17":"virtual","18":"taxable","19":"purchasable","20":"product-type-simple"},"_links":{"self":[{"href":"https:\/\/v31.es\/booksonline\/wp-json\/wp\/v2\/product\/543","targetHints":{"allow":["GET"]}}],"collection":[{"href":"https:\/\/v31.es\/booksonline\/wp-json\/wp\/v2\/product"}],"about":[{"href":"https:\/\/v31.es\/booksonline\/wp-json\/wp\/v2\/types\/product"}],"replies":[{"embeddable":true,"href":"https:\/\/v31.es\/booksonline\/wp-json\/wp\/v2\/comments?post=543"}],"wp:featuredmedia":[{"embeddable":true,"href":"https:\/\/v31.es\/booksonline\/wp-json\/wp\/v2\/media\/580"}],"wp:attachment":[{"href":"https:\/\/v31.es\/booksonline\/wp-json\/wp\/v2\/media?parent=543"}],"wp:term":[{"taxonomy":"product_brand","embeddable":true,"href":"https:\/\/v31.es\/booksonline\/wp-json\/wp\/v2\/product_brand?post=543"},{"taxonomy":"product_cat","embeddable":true,"href":"https:\/\/v31.es\/booksonline\/wp-json\/wp\/v2\/product_cat?post=543"},{"taxonomy":"product_tag","embeddable":true,"href":"https:\/\/v31.es\/booksonline\/wp-json\/wp\/v2\/product_tag?post=543"}],"curies":[{"name":"wp","href":"https:\/\/api.w.org\/{rel}","templated":true}]}}