{"id":549,"date":"2019-06-05T11:21:51","date_gmt":"2019-06-05T09:21:51","guid":{"rendered":"http:\/\/v31.es\/booksonline\/producto\/import-placeholder-for-508\/"},"modified":"2019-06-05T11:26:44","modified_gmt":"2019-06-05T09:26:44","slug":"albalate-cuna-de-miguel-fleta-e-book","status":"publish","type":"product","link":"https:\/\/v31.es\/booksonline\/producto\/albalate-cuna-de-miguel-fleta-e-book\/","title":{"rendered":"Albalate, Cuna de Miguel Fleta, e-book"},"content":{"rendered":"","protected":false},"excerpt":{"rendered":"<p><span style=\"color: #808080;\"><strong>No hay mejor juguete que un cuento<\/strong><\/span><\/p>\n<p>En este cuento \u00a0descubrimos el patrimonio natural y cultural de Albalate de Cinca. Aprendemos que viajar \u00a0brinda la oportunidad de adquirir nuevos conocimientos siempre que nos interesemos en conocer, respetar y valorar lo que nos rodea.<\/p>\n<p style=\"text-align: justify;\">[read more=\u00bbLeer m\u00e1s\u00bb less=\u00bbOcultar\u00a0\u00ab]<b>\u00a0<\/b><\/p>\n<p><span style=\"color: #808080;\"><strong>Para los padres y educadores<\/strong><\/span><\/p>\n<p>Vivir en un pueblo tiene sus ventajas y el esp\u00edritu de esta colecci\u00f3n es destacarlas.<\/p>\n<p>La idea del cuento es servir de base para que a partir del mismo unos pregunten, otros contesten, se revivan an\u00e9cdotas, la informaci\u00f3n circule y los ni\u00f1os aprendan.<\/p>\n<p style=\"text-align: justify;\"><b>\u00a0<\/b>[\/read]<\/p>\n<p style=\"text-align: justify;\">\n","protected":false},"featured_media":584,"comment_status":"open","ping_status":"closed","template":"","meta":{"_et_pb_use_builder":"","_et_pb_old_content":"","_et_gb_content_width":""},"product_brand":[],"product_cat":[145,111],"product_tag":[144,45,112,113,47],"class_list":{"0":"post-549","1":"product","2":"type-product","3":"status-publish","4":"has-post-thumbnail","6":"product_cat-e-book","7":"product_cat-mi-pueblo-mola","8":"product_tag-albalate","9":"product_tag-aragon-tiene-talento","10":"product_tag-eleuterio-pueyo","11":"product_tag-emeri-mur","12":"product_tag-millenniars","13":"product_shipping_class-envio-estandar","15":"first","16":"instock","17":"downloadable","18":"virtual","19":"taxable","20":"purchasable","21":"product-type-simple"},"_links":{"self":[{"href":"https:\/\/v31.es\/booksonline\/wp-json\/wp\/v2\/product\/549","targetHints":{"allow":["GET"]}}],"collection":[{"href":"https:\/\/v31.es\/booksonline\/wp-json\/wp\/v2\/product"}],"about":[{"href":"https:\/\/v31.es\/booksonline\/wp-json\/wp\/v2\/types\/product"}],"replies":[{"embeddable":true,"href":"https:\/\/v31.es\/booksonline\/wp-json\/wp\/v2\/comments?post=549"}],"wp:featuredmedia":[{"embeddable":true,"href":"https:\/\/v31.es\/booksonline\/wp-json\/wp\/v2\/media\/584"}],"wp:attachment":[{"href":"https:\/\/v31.es\/booksonline\/wp-json\/wp\/v2\/media?parent=549"}],"wp:term":[{"taxonomy":"product_brand","embeddable":true,"href":"https:\/\/v31.es\/booksonline\/wp-json\/wp\/v2\/product_brand?post=549"},{"taxonomy":"product_cat","embeddable":true,"href":"https:\/\/v31.es\/booksonline\/wp-json\/wp\/v2\/product_cat?post=549"},{"taxonomy":"product_tag","embeddable":true,"href":"https:\/\/v31.es\/booksonline\/wp-json\/wp\/v2\/product_tag?post=549"}],"curies":[{"name":"wp","href":"https:\/\/api.w.org\/{rel}","templated":true}]}}