{"id":561,"date":"2019-06-05T11:22:44","date_gmt":"2019-06-05T09:22:44","guid":{"rendered":"http:\/\/v31.es\/booksonline\/producto\/import-placeholder-for-515\/"},"modified":"2019-06-05T11:26:46","modified_gmt":"2019-06-05T09:26:46","slug":"maria-eugenia-boix-e-book","status":"publish","type":"product","link":"https:\/\/v31.es\/booksonline\/producto\/maria-eugenia-boix-e-book\/","title":{"rendered":"Maria Eugenia Boix, e-book"},"content":{"rendered":"","protected":false},"excerpt":{"rendered":"<p>Mar\u00eda Eugenia Boix es \u00fanica, inconfundible.<\/p>\n<p>Su voz, su temperamento, su naturalidad, su cultura\u00a0musical, su sensibilidad y la forma en la que ha elegido\u00a0ejercer un oficio tan cosmopolita como el bel canto, sin\u00a0salir de su pueblo (Monz\u00f3n), la convierten adem\u00e1s de la\u00a0excepcional y reconocid\u00edsima autoridad vocal que es en\u00a0el mundo de la m\u00fasica culta en un nuevo paradigma del\u00a0concepto celebridad.<\/p>\n<p style=\"text-align: justify;\">[read more=\u00bbLeer m\u00e1s\u00bb less=\u00bbOcultar\u00a0\u00ab]<b>\u00a0<\/b><\/p>\n<p>OLGA ASENSIO, autora de la entrevista, nos descubre\u00a0a una Mar\u00eda Eugenia Boix pr\u00f3xima, cari\u00f1osa, carism\u00e1tica\u00a0y enamorada de su profesi\u00f3n, de su hogar montisonense\u00a0y de su familia. Una aut\u00e9ntica millenniArs.<\/p>\n<p>Si sue\u00f1as con alcanzar la fama, no te pierdas esta\u00a0entrevista. Mar\u00eda Eugenia Boix demuestra c\u00f3mo puedes\u00a0ser una gran estrella en tu firmamento profesional\u00a0y seguir viviendo en tu casa. Una nueva conquista de la\u00a0generaci\u00f3n del milenio.<\/p>\n<p>Si amas la m\u00fasica, descubre la cara m\u00e1s \u00edntima y\u00a0aut\u00e9ntica de una de sus mejores int\u00e9rpretes: La nueva\u00a0Mar\u00eda Callas.<\/p>\n<p style=\"text-align: justify;\"><b>\u00a0<\/b>[\/read]<\/p>\n<p>&nbsp;<\/p>\n","protected":false},"featured_media":540,"comment_status":"open","ping_status":"closed","template":"","meta":{"_et_pb_use_builder":"","_et_pb_old_content":"","_et_gb_content_width":""},"product_brand":[],"product_cat":[145,57],"product_tag":[45,60,47,61],"class_list":{"0":"post-561","1":"product","2":"type-product","3":"status-publish","4":"has-post-thumbnail","6":"product_cat-e-book","7":"product_cat-por-ejemplo","8":"product_tag-aragon-tiene-talento","9":"product_tag-maria-eugenia-boix","10":"product_tag-millenniars","11":"product_tag-olga-asensio-puyalto","12":"product_shipping_class-envio-estandar","14":"first","15":"instock","16":"downloadable","17":"virtual","18":"taxable","19":"purchasable","20":"product-type-simple"},"_links":{"self":[{"href":"https:\/\/v31.es\/booksonline\/wp-json\/wp\/v2\/product\/561","targetHints":{"allow":["GET"]}}],"collection":[{"href":"https:\/\/v31.es\/booksonline\/wp-json\/wp\/v2\/product"}],"about":[{"href":"https:\/\/v31.es\/booksonline\/wp-json\/wp\/v2\/types\/product"}],"replies":[{"embeddable":true,"href":"https:\/\/v31.es\/booksonline\/wp-json\/wp\/v2\/comments?post=561"}],"wp:featuredmedia":[{"embeddable":true,"href":"https:\/\/v31.es\/booksonline\/wp-json\/wp\/v2\/media\/540"}],"wp:attachment":[{"href":"https:\/\/v31.es\/booksonline\/wp-json\/wp\/v2\/media?parent=561"}],"wp:term":[{"taxonomy":"product_brand","embeddable":true,"href":"https:\/\/v31.es\/booksonline\/wp-json\/wp\/v2\/product_brand?post=561"},{"taxonomy":"product_cat","embeddable":true,"href":"https:\/\/v31.es\/booksonline\/wp-json\/wp\/v2\/product_cat?post=561"},{"taxonomy":"product_tag","embeddable":true,"href":"https:\/\/v31.es\/booksonline\/wp-json\/wp\/v2\/product_tag?post=561"}],"curies":[{"name":"wp","href":"https:\/\/api.w.org\/{rel}","templated":true}]}}