{"id":573,"date":"2019-06-05T11:24:12","date_gmt":"2019-06-05T09:24:12","guid":{"rendered":"http:\/\/v31.es\/booksonline\/producto\/import-placeholder-for-532\/"},"modified":"2023-06-06T09:53:49","modified_gmt":"2023-06-06T07:53:49","slug":"jodido-joyce-e-book","status":"publish","type":"product","link":"https:\/\/v31.es\/booksonline\/producto\/jodido-joyce-e-book\/","title":{"rendered":"Jodido Joyce, e-book"},"content":{"rendered":"<p style=\"text-align: justify;\">\u00bfLa ficci\u00f3n copia a la realidad?, \u00bfla realidad supera a la ficci\u00f3n?.\u00a0\u00bfEs el autor un director de orquesta, o un simple observador? \u00bfel lector s\u00f3lo lee o interactuamos con \u00e9l?\u00a0\u00bfEl escritor nace o se hace? La eterna pregunta&#8230;<\/p>\n<p style=\"text-align: justify;\"><div class='et-learn-more clearfix'>\n\t\t\t\t\t<h3 class='heading-more'>leer m\u00e1s<span class='et_learnmore_arrow'><span><\/span><\/span><\/h3>\n\t\t\t\t\t<div class='learn-more-content'>Qu\u00e9 mejor forma de explicar c\u00f3mo se escribe que una novela. Qui\u00e9n mejor para hacerlo que una escritora profesora con tinta en las venas.\u00a0Lee el libro, entre la vecina con bata azul de guatin\u00e9 y el enfermo de literatura, obtendr\u00e1s tus respuestas.<\/div>\n\t\t\t\t<\/div><\/p>\n","protected":false},"excerpt":{"rendered":"<p>\u00bfLa ficci\u00f3n copia a la realidad?, \u00bfla realidad supera a la ficci\u00f3n?.\u00a0\u00bfEs el autor un director de orquesta, o un simple observador? \u00bfel lector s\u00f3lo lee o interactuamos con \u00e9l?\u00a0\u00bfEl escritor nace o se hace? La eterna pregunta&#8230;<\/p>\n","protected":false},"featured_media":532,"comment_status":"open","ping_status":"closed","template":"","meta":{"_et_pb_use_builder":"","_et_pb_old_content":"","_et_gb_content_width":""},"product_brand":[],"product_cat":[49,388,145,243],"product_tag":[45,52,53,47],"class_list":{"0":"post-573","1":"product","2":"type-product","3":"status-publish","4":"has-post-thumbnail","6":"product_cat-asi-se-hace","7":"product_cat-chusa-graces","8":"product_cat-e-book","9":"product_cat-millenniars","10":"product_tag-aragon-tiene-talento","11":"product_tag-chusa-garces","12":"product_tag-jodido-joyce","13":"product_tag-millenniars","14":"product_shipping_class-envio-estandar","16":"first","17":"instock","18":"downloadable","19":"virtual","20":"taxable","21":"purchasable","22":"product-type-simple"},"_links":{"self":[{"href":"https:\/\/v31.es\/booksonline\/wp-json\/wp\/v2\/product\/573","targetHints":{"allow":["GET"]}}],"collection":[{"href":"https:\/\/v31.es\/booksonline\/wp-json\/wp\/v2\/product"}],"about":[{"href":"https:\/\/v31.es\/booksonline\/wp-json\/wp\/v2\/types\/product"}],"replies":[{"embeddable":true,"href":"https:\/\/v31.es\/booksonline\/wp-json\/wp\/v2\/comments?post=573"}],"wp:featuredmedia":[{"embeddable":true,"href":"https:\/\/v31.es\/booksonline\/wp-json\/wp\/v2\/media\/532"}],"wp:attachment":[{"href":"https:\/\/v31.es\/booksonline\/wp-json\/wp\/v2\/media?parent=573"}],"wp:term":[{"taxonomy":"product_brand","embeddable":true,"href":"https:\/\/v31.es\/booksonline\/wp-json\/wp\/v2\/product_brand?post=573"},{"taxonomy":"product_cat","embeddable":true,"href":"https:\/\/v31.es\/booksonline\/wp-json\/wp\/v2\/product_cat?post=573"},{"taxonomy":"product_tag","embeddable":true,"href":"https:\/\/v31.es\/booksonline\/wp-json\/wp\/v2\/product_tag?post=573"}],"curies":[{"name":"wp","href":"https:\/\/api.w.org\/{rel}","templated":true}]}}