{"id":588,"date":"2019-06-05T11:26:57","date_gmt":"2019-06-05T09:26:57","guid":{"rendered":"http:\/\/v31.es\/booksonline\/producto\/import-placeholder-for-588\/"},"modified":"2019-08-06T11:38:22","modified_gmt":"2019-08-06T09:38:22","slug":"la-historia-de-rita-e-book","status":"publish","type":"product","link":"https:\/\/v31.es\/booksonline\/producto\/la-historia-de-rita-e-book\/","title":{"rendered":"La Historia de Rita &#8211; e-book"},"content":{"rendered":"<p><span style=\"color: #808080;\"><strong>Ideas pr\u00e1ctica para ayudar a los ni\u00f1os a crecer felices<\/strong><\/span><\/p>\n<p>Libros que ense\u00f1ar a desarrollar las habilidades necesarias para resolver eficazmente sus conflictos emocionales, superar sus retos y aprender a pensar en positivo.<\/p>\n<p style=\"text-align: justify;\"><div class='et-learn-more clearfix'>\n\t\t\t\t\t<h3 class='heading-more'>leer m\u00e1s<span class='et_learnmore_arrow'><span><\/span><\/span><\/h3>\n\t\t\t\t\t<div class='learn-more-content'>En este cuento Rita nos muestra sus trucos para afrontar el dolor sea f\u00edsico o emocional.<\/div>\n\t\t\t\t<\/div><\/p>\n","protected":false},"excerpt":{"rendered":"<p>Ideas pr\u00e1ctica para ayudar a los ni\u00f1os a crecer felices Libros que ense\u00f1ar a desarrollar las habilidades necesarias para resolver eficazmente sus conflictos emocionales, superar sus retos y aprender a pensar en positivo.<\/p>\n","protected":false},"featured_media":622,"comment_status":"open","ping_status":"closed","template":"","meta":{"_et_pb_use_builder":"","_et_pb_old_content":"","_et_gb_content_width":""},"product_brand":[],"product_cat":[180,145,243],"product_tag":[45,182,47,183],"class_list":{"0":"post-588","1":"product","2":"type-product","3":"status-publish","4":"has-post-thumbnail","6":"product_cat-crecer-felices","7":"product_cat-e-book","8":"product_cat-millenniars","9":"product_tag-aragon-tiene-talento","10":"product_tag-maria-tallon","11":"product_tag-millenniars","12":"product_tag-silvia-romeral","13":"product_shipping_class-envio-estandar","15":"first","16":"instock","17":"downloadable","18":"virtual","19":"taxable","20":"product-type-simple"},"_links":{"self":[{"href":"https:\/\/v31.es\/booksonline\/wp-json\/wp\/v2\/product\/588","targetHints":{"allow":["GET"]}}],"collection":[{"href":"https:\/\/v31.es\/booksonline\/wp-json\/wp\/v2\/product"}],"about":[{"href":"https:\/\/v31.es\/booksonline\/wp-json\/wp\/v2\/types\/product"}],"replies":[{"embeddable":true,"href":"https:\/\/v31.es\/booksonline\/wp-json\/wp\/v2\/comments?post=588"}],"wp:featuredmedia":[{"embeddable":true,"href":"https:\/\/v31.es\/booksonline\/wp-json\/wp\/v2\/media\/622"}],"wp:attachment":[{"href":"https:\/\/v31.es\/booksonline\/wp-json\/wp\/v2\/media?parent=588"}],"wp:term":[{"taxonomy":"product_brand","embeddable":true,"href":"https:\/\/v31.es\/booksonline\/wp-json\/wp\/v2\/product_brand?post=588"},{"taxonomy":"product_cat","embeddable":true,"href":"https:\/\/v31.es\/booksonline\/wp-json\/wp\/v2\/product_cat?post=588"},{"taxonomy":"product_tag","embeddable":true,"href":"https:\/\/v31.es\/booksonline\/wp-json\/wp\/v2\/product_tag?post=588"}],"curies":[{"name":"wp","href":"https:\/\/api.w.org\/{rel}","templated":true}]}}