{"id":590,"date":"2019-06-05T11:26:57","date_gmt":"2019-06-05T09:26:57","guid":{"rendered":"http:\/\/v31.es\/booksonline\/producto\/import-placeholder-for-590\/"},"modified":"2019-08-06T11:33:30","modified_gmt":"2019-08-06T09:33:30","slug":"lluvia-de-caramelos-e-book","status":"publish","type":"product","link":"https:\/\/v31.es\/booksonline\/producto\/lluvia-de-caramelos-e-book\/","title":{"rendered":"Lluvia de Caramelos, e-book"},"content":{"rendered":"<p><span style=\"color: #808080;\"><strong>No hay mejor juguete que un cuento<\/strong><\/span><\/p>\n<p>En este cuento los ni\u00f1os aprenden que desarrollar capacidades personales y sociales depende de uno mismo.<\/p>\n<p style=\"text-align: justify;\"><div class='et-learn-more clearfix'>\n\t\t\t\t\t<h3 class='heading-more'>leer m\u00e1s<span class='et_learnmore_arrow'><span><\/span><\/span><\/h3>\n\t\t\t\t\t<div class='learn-more-content'>Para los padres y educadores Enmarcado en un contexto real, el cuento intenta fusionar tradici\u00f3n, cultura e historia, en un momento en el que la plaza de Monz\u00f3n y su Castillo-fortaleza estaban asediados. La aventura de los protagonistas puede ser la historia de millares de ni\u00f1os y ni\u00f1as que desde anta\u00f1o han vivido con entusiasmo el festejo del Bautizo del Alcalde. El 4 de diciembre para los m\u00e1s peque\u00f1os, era el momento de jugar al corro entonado la canci\u00f3n \u201cQue llueva, que llueva\u201d.Para los mayores era la ocasi\u00f3n de llenar hasta rebosar sus bolsillos de caramelos, que ten\u00edan que durar hasta acabar los fuegos artificiales de la noche, que cerrar\u00edan las Fiestas de Santa B\u00e1rbara. Su contenido va dirigido a todos los ni\u00f1os y ni\u00f1as, de cualquier lugar, as\u00ed como a padres y educadores para dialogar sobre: &#8211; Escolarizaci\u00f3n e inclusi\u00f3n. &#8211; El ni\u00f1o con p\u00e9rdida auditiva &#8211; Se\u00f1ales ac\u00fasticas y trasmisi\u00f3n del sonido. Pr\u00f3tesis auditivas.- El cerebro: las neuronas y el poder de la mente. &#8211; El valor ling\u00fc\u00edstico u ortogr\u00e1fico del uso del aragon\u00e9s: \u201cAlodia\u201d, \u201cAnchel\u201d, \u201clamines\u201d, \u201cesbalizen\u201d, \u201cestrapaluzio\u201d. &#8211; EL Patrimonio inmaterial o legado que generaci\u00f3n tras generaci\u00f3n vamos trasmitiendo. &#8211; Valores: recto, justo, razonable, amistad compa\u00f1erismo\u2026 &#8211; La historia personal y la Historia: situar los acontecimientos en el espacio y en el tiempo &#8211; Ampliar el vocabulario a trav\u00e9s del lenguaje o las nuevas tecnolog\u00edas: implante coclear, duque, morisco, festejo \u2026 &#8211; Santa B\u00e1rbara: Juegos y la meteorolog\u00eda popular<\/div>\n\t\t\t\t<\/div><\/p>\n","protected":false},"excerpt":{"rendered":"<p>No hay mejor juguete que un cuento En este cuento los ni\u00f1os aprenden que desarrollar capacidades personales y sociales depende de uno mismo.<\/p>\n","protected":false},"featured_media":613,"comment_status":"open","ping_status":"closed","template":"","meta":{"_et_pb_use_builder":"","_et_pb_old_content":"","_et_gb_content_width":""},"product_brand":[],"product_cat":[145,111,243],"product_tag":[45,47],"class_list":{"0":"post-590","1":"product","2":"type-product","3":"status-publish","4":"has-post-thumbnail","6":"product_cat-e-book","7":"product_cat-mi-pueblo-mola","8":"product_cat-millenniars","9":"product_tag-aragon-tiene-talento","10":"product_tag-millenniars","11":"product_shipping_class-envio-estandar","13":"first","14":"instock","15":"downloadable","16":"virtual","17":"taxable","18":"product-type-simple"},"_links":{"self":[{"href":"https:\/\/v31.es\/booksonline\/wp-json\/wp\/v2\/product\/590","targetHints":{"allow":["GET"]}}],"collection":[{"href":"https:\/\/v31.es\/booksonline\/wp-json\/wp\/v2\/product"}],"about":[{"href":"https:\/\/v31.es\/booksonline\/wp-json\/wp\/v2\/types\/product"}],"replies":[{"embeddable":true,"href":"https:\/\/v31.es\/booksonline\/wp-json\/wp\/v2\/comments?post=590"}],"wp:featuredmedia":[{"embeddable":true,"href":"https:\/\/v31.es\/booksonline\/wp-json\/wp\/v2\/media\/613"}],"wp:attachment":[{"href":"https:\/\/v31.es\/booksonline\/wp-json\/wp\/v2\/media?parent=590"}],"wp:term":[{"taxonomy":"product_brand","embeddable":true,"href":"https:\/\/v31.es\/booksonline\/wp-json\/wp\/v2\/product_brand?post=590"},{"taxonomy":"product_cat","embeddable":true,"href":"https:\/\/v31.es\/booksonline\/wp-json\/wp\/v2\/product_cat?post=590"},{"taxonomy":"product_tag","embeddable":true,"href":"https:\/\/v31.es\/booksonline\/wp-json\/wp\/v2\/product_tag?post=590"}],"curies":[{"name":"wp","href":"https:\/\/api.w.org\/{rel}","templated":true}]}}