{"id":593,"date":"2019-06-05T11:26:58","date_gmt":"2019-06-05T09:26:58","guid":{"rendered":"http:\/\/v31.es\/booksonline\/producto\/import-placeholder-for-648\/"},"modified":"2019-08-06T11:09:50","modified_gmt":"2019-08-06T09:09:50","slug":"zaidin-campamento-de-verano","status":"publish","type":"product","link":"https:\/\/v31.es\/booksonline\/producto\/zaidin-campamento-de-verano\/","title":{"rendered":"Zaid\u00edn, Campamento de Verano"},"content":{"rendered":"<p><span style=\"color: #808080;\"><strong>No hay mejor juguete que un cuento<\/strong><\/span><\/p>\n<p>En este cuento los ni\u00f1os aprenden que los campamentos de verano adem\u00e1s de divertidos son un excelente m\u00e9todo para hacer nuevas amistades y ampliar sus conocimientos sobre c\u00f3mo pasar el tiempo libre sin depender de la tecnolog\u00eda.<\/p>\n<p style=\"text-align: justify;\"><div class='et-learn-more clearfix'>\n\t\t\t\t\t<h3 class='heading-more'>leer m\u00e1s<span class='et_learnmore_arrow'><span><\/span><\/span><\/h3>\n\t\t\t\t\t<div class='learn-more-content'>Para los padres y educadores Los campamentos y talleres de verano son experiencias inolvidables que implican salir de casa y convivir con nuevas personas en un periodo de vacaciones libres de deberes y tareas habituales. Al convivir fuera de casa se gana en autonom\u00eda, tolerancia y socializaci\u00f3n. adem\u00e1s se conocen nuevas actividades l\u00fadicas que sirven para que identifiquen nuevas formas de pasar su tiempo libre sin depender de la tecnolog\u00eda.<\/div>\n\t\t\t\t<\/div><\/p>\n","protected":false},"excerpt":{"rendered":"<p>No hay mejor juguete que un cuento En este cuento los ni\u00f1os aprenden que los campamentos de verano adem\u00e1s de divertidos son un excelente m\u00e9todo para hacer nuevas amistades y ampliar sus conocimientos sobre c\u00f3mo pasar el tiempo libre sin depender de la tecnolog\u00eda.<\/p>\n","protected":false},"featured_media":627,"comment_status":"open","ping_status":"closed","template":"","meta":{"_et_pb_use_builder":"","_et_pb_old_content":"","_et_gb_content_width":""},"product_brand":[],"product_cat":[111,243],"product_tag":[45,195,112,113,47,196],"class_list":{"0":"post-593","1":"product","2":"type-product","3":"status-publish","4":"has-post-thumbnail","6":"product_cat-mi-pueblo-mola","7":"product_cat-millenniars","8":"product_tag-aragon-tiene-talento","9":"product_tag-campamento-de-verano","10":"product_tag-eleuterio-pueyo","11":"product_tag-emeri-mur","12":"product_tag-millenniars","13":"product_tag-zaidin","14":"product_shipping_class-envio-estandar","16":"first","17":"instock","18":"taxable","19":"shipping-taxable","20":"purchasable","21":"product-type-simple"},"_links":{"self":[{"href":"https:\/\/v31.es\/booksonline\/wp-json\/wp\/v2\/product\/593","targetHints":{"allow":["GET"]}}],"collection":[{"href":"https:\/\/v31.es\/booksonline\/wp-json\/wp\/v2\/product"}],"about":[{"href":"https:\/\/v31.es\/booksonline\/wp-json\/wp\/v2\/types\/product"}],"replies":[{"embeddable":true,"href":"https:\/\/v31.es\/booksonline\/wp-json\/wp\/v2\/comments?post=593"}],"wp:featuredmedia":[{"embeddable":true,"href":"https:\/\/v31.es\/booksonline\/wp-json\/wp\/v2\/media\/627"}],"wp:attachment":[{"href":"https:\/\/v31.es\/booksonline\/wp-json\/wp\/v2\/media?parent=593"}],"wp:term":[{"taxonomy":"product_brand","embeddable":true,"href":"https:\/\/v31.es\/booksonline\/wp-json\/wp\/v2\/product_brand?post=593"},{"taxonomy":"product_cat","embeddable":true,"href":"https:\/\/v31.es\/booksonline\/wp-json\/wp\/v2\/product_cat?post=593"},{"taxonomy":"product_tag","embeddable":true,"href":"https:\/\/v31.es\/booksonline\/wp-json\/wp\/v2\/product_tag?post=593"}],"curies":[{"name":"wp","href":"https:\/\/api.w.org\/{rel}","templated":true}]}}