{"id":604,"date":"2019-06-05T11:26:59","date_gmt":"2019-06-05T09:26:59","guid":{"rendered":"http:\/\/v31.es\/booksonline\/producto\/import-placeholder-for-782\/"},"modified":"2019-08-06T10:58:19","modified_gmt":"2019-08-06T08:58:19","slug":"montso-lalegria","status":"publish","type":"product","link":"https:\/\/v31.es\/booksonline\/producto\/montso-lalegria\/","title":{"rendered":"Montso &#8211; L\u00b4ALEGRIA"},"content":{"rendered":"<p><span style=\"color: #808080;\"><strong>No bi ha millor chuguete que bella falordia<\/strong><\/span><\/p>\n<p>En la alegr\u00eda de monz\u00f3n los ni\u00f1os descubrir\u00e1n una de las fiestas m\u00e1s importantes del lugar. Lo atractiva que es la naturaleza y lo bien que podemos pasarlo juntos.<\/p>\n<p style=\"text-align: justify;\">\n","protected":false},"excerpt":{"rendered":"<p>No bi ha millor chuguete que bella falordia En la alegr\u00eda de monz\u00f3n los ni\u00f1os descubrir\u00e1n una de las fiestas m\u00e1s importantes del lugar. Lo atractiva que es la naturaleza y lo bien que podemos pasarlo juntos.<\/p>\n","protected":false},"featured_media":637,"comment_status":"open","ping_status":"closed","template":"","meta":{"_et_pb_use_builder":"","_et_pb_old_content":"","_et_gb_content_width":""},"product_brand":[],"product_cat":[199,111,243],"product_tag":[45,47,115,61,116,117],"class_list":{"0":"post-604","1":"product","2":"type-product","3":"status-publish","4":"has-post-thumbnail","6":"product_cat-aragones","7":"product_cat-mi-pueblo-mola","8":"product_cat-millenniars","9":"product_tag-aragon-tiene-talento","10":"product_tag-millenniars","11":"product_tag-monzon-la-alegria","12":"product_tag-olga-asensio-puyalto","13":"product_tag-sheila-hospital","14":"product_tag-uri-guillen","15":"product_shipping_class-envio-estandar","17":"first","18":"instock","19":"taxable","20":"shipping-taxable","21":"purchasable","22":"product-type-simple"},"_links":{"self":[{"href":"https:\/\/v31.es\/booksonline\/wp-json\/wp\/v2\/product\/604","targetHints":{"allow":["GET"]}}],"collection":[{"href":"https:\/\/v31.es\/booksonline\/wp-json\/wp\/v2\/product"}],"about":[{"href":"https:\/\/v31.es\/booksonline\/wp-json\/wp\/v2\/types\/product"}],"replies":[{"embeddable":true,"href":"https:\/\/v31.es\/booksonline\/wp-json\/wp\/v2\/comments?post=604"}],"wp:featuredmedia":[{"embeddable":true,"href":"https:\/\/v31.es\/booksonline\/wp-json\/wp\/v2\/media\/637"}],"wp:attachment":[{"href":"https:\/\/v31.es\/booksonline\/wp-json\/wp\/v2\/media?parent=604"}],"wp:term":[{"taxonomy":"product_brand","embeddable":true,"href":"https:\/\/v31.es\/booksonline\/wp-json\/wp\/v2\/product_brand?post=604"},{"taxonomy":"product_cat","embeddable":true,"href":"https:\/\/v31.es\/booksonline\/wp-json\/wp\/v2\/product_cat?post=604"},{"taxonomy":"product_tag","embeddable":true,"href":"https:\/\/v31.es\/booksonline\/wp-json\/wp\/v2\/product_tag?post=604"}],"curies":[{"name":"wp","href":"https:\/\/api.w.org\/{rel}","templated":true}]}}