{"id":606,"date":"2019-06-05T11:27:00","date_gmt":"2019-06-05T09:27:00","guid":{"rendered":"http:\/\/v31.es\/booksonline\/producto\/import-placeholder-for-787\/"},"modified":"2019-08-06T10:15:00","modified_gmt":"2019-08-06T08:15:00","slug":"ontinena-o-zierzo","status":"publish","type":"product","link":"https:\/\/v31.es\/booksonline\/producto\/ontinena-o-zierzo\/","title":{"rendered":"Onti\u00f1ena, O ZIERZO"},"content":{"rendered":"","protected":false},"excerpt":{"rendered":"<p style=\"text-align: justify;\"><span style=\"color: #808080;\"><strong>No bi ha millor chuguete que bella falordia<\/strong><\/span><\/p>\n<p style=\"text-align: justify;\">En ista falordia os ninos escubillar\u00e1n que a o zierzo no bi ha que tenerle medrana, respeto,si. Tami\u00e9n escubillar\u00e1n balors como l \u00b4amistanza, a prudenzia o a chenerosidat.<\/p>\n<p style=\"text-align: justify;\">[read more=\u00bbLeer m\u00e1s\u00bb less=\u00bbOcultar\u00a0\u00ab]<b>\u00a0<\/b><\/p>\n<p><span style=\"color: #808080;\"><strong>Ta ros pais e educadors<\/strong><\/span><\/p>\n<p>Bibir en un lugar tiene as suyas bentachas e o esprito d\u00b4ista colezi\u00f3n ye destacarlas. Ra ideya d\u00b4a falordia ye serbir de alazet ta que a partir d\u00b4o mesmo uns demanden, e atros contesten, se remeren as chanadas, ra informazi\u00f3n adugue e ros ninos no tiengan medrana, pero si apercazen.<\/p>\n<p style=\"text-align: justify;\"><b>\u00a0<\/b>[\/read]<\/p>\n","protected":false},"featured_media":638,"comment_status":"open","ping_status":"closed","template":"","meta":{"_et_pb_use_builder":"","_et_pb_old_content":"","_et_gb_content_width":""},"product_brand":[],"product_cat":[199,111,243],"product_tag":[45,112,113,47,114],"class_list":{"0":"post-606","1":"product","2":"type-product","3":"status-publish","4":"has-post-thumbnail","6":"product_cat-aragones","7":"product_cat-mi-pueblo-mola","8":"product_cat-millenniars","9":"product_tag-aragon-tiene-talento","10":"product_tag-eleuterio-pueyo","11":"product_tag-emeri-mur","12":"product_tag-millenniars","13":"product_tag-ontinena-el-cierzo","14":"product_shipping_class-envio-estandar","16":"first","17":"instock","18":"taxable","19":"shipping-taxable","20":"purchasable","21":"product-type-simple"},"_links":{"self":[{"href":"https:\/\/v31.es\/booksonline\/wp-json\/wp\/v2\/product\/606","targetHints":{"allow":["GET"]}}],"collection":[{"href":"https:\/\/v31.es\/booksonline\/wp-json\/wp\/v2\/product"}],"about":[{"href":"https:\/\/v31.es\/booksonline\/wp-json\/wp\/v2\/types\/product"}],"replies":[{"embeddable":true,"href":"https:\/\/v31.es\/booksonline\/wp-json\/wp\/v2\/comments?post=606"}],"wp:featuredmedia":[{"embeddable":true,"href":"https:\/\/v31.es\/booksonline\/wp-json\/wp\/v2\/media\/638"}],"wp:attachment":[{"href":"https:\/\/v31.es\/booksonline\/wp-json\/wp\/v2\/media?parent=606"}],"wp:term":[{"taxonomy":"product_brand","embeddable":true,"href":"https:\/\/v31.es\/booksonline\/wp-json\/wp\/v2\/product_brand?post=606"},{"taxonomy":"product_cat","embeddable":true,"href":"https:\/\/v31.es\/booksonline\/wp-json\/wp\/v2\/product_cat?post=606"},{"taxonomy":"product_tag","embeddable":true,"href":"https:\/\/v31.es\/booksonline\/wp-json\/wp\/v2\/product_tag?post=606"}],"curies":[{"name":"wp","href":"https:\/\/api.w.org\/{rel}","templated":true}]}}