{"id":621,"date":"2019-06-05T11:29:06","date_gmt":"2019-06-05T09:29:06","guid":{"rendered":"http:\/\/v31.es\/booksonline\/producto\/import-placeholder-for-813\/"},"modified":"2025-04-20T11:52:31","modified_gmt":"2025-04-20T09:52:31","slug":"maria-de-huerva","status":"publish","type":"product","link":"https:\/\/v31.es\/booksonline\/producto\/maria-de-huerva\/","title":{"rendered":"Mar\u00eda de Huerva"},"content":{"rendered":"","protected":false},"excerpt":{"rendered":"<p><span style=\"color: #808080;\"><strong>No hay mejor juguete que un cuento<\/strong><\/span><\/p>\n<p>Paz, la prima de Luc\u00eda y Mart\u00edn, va a ir a vivir a Mar\u00eda de Huerva. Con su llegada, los dos hermanos rebosan de alegr\u00eda, y se esforzar\u00e1n en ense\u00f1arle su pueblo.<br \/>\nCon ello se pone en valor la importancia de ser hospitalarios y de acoger a los dem\u00e1s.<br \/>\nAsimismo, les servir\u00e1 para conocer un poco mejor su propia historia y descubrir qui\u00e9n<br \/>\nhabit\u00f3 el castillo de Mar\u00eda.<\/p>\n<p style=\"text-align: justify;\">[read more=\u00bbLeer m\u00e1s\u00bb less=\u00bbOcultar\u00a0\u00ab]<b>\u00a0<\/b><\/p>\n<p>\u201cQuien lee mucho y anda mucho, ve mucho y sabe mucho.\u201d<br \/>\nMIGUEL DE CERVANTES<\/p>\n<p style=\"text-align: justify;\"><b>\u00a0<\/b>[\/read]<\/p>\n<p style=\"text-align: justify;\">\n","protected":false},"featured_media":648,"comment_status":"open","ping_status":"closed","template":"","meta":{"_et_pb_use_builder":"","_et_pb_old_content":"","_et_gb_content_width":""},"product_brand":[],"product_cat":[111,243],"product_tag":[45,192,203,112,113,47],"class_list":{"0":"post-621","1":"product","2":"type-product","3":"status-publish","4":"has-post-thumbnail","6":"product_cat-mi-pueblo-mola","7":"product_cat-millenniars","8":"product_tag-aragon-tiene-talento","9":"product_tag-benabarre","10":"product_tag-brea-de-aragon","11":"product_tag-eleuterio-pueyo","12":"product_tag-emeri-mur","13":"product_tag-millenniars","14":"product_shipping_class-envio-estandar","16":"first","17":"instock","18":"taxable","19":"shipping-taxable","20":"purchasable","21":"product-type-simple"},"_links":{"self":[{"href":"https:\/\/v31.es\/booksonline\/wp-json\/wp\/v2\/product\/621","targetHints":{"allow":["GET"]}}],"collection":[{"href":"https:\/\/v31.es\/booksonline\/wp-json\/wp\/v2\/product"}],"about":[{"href":"https:\/\/v31.es\/booksonline\/wp-json\/wp\/v2\/types\/product"}],"replies":[{"embeddable":true,"href":"https:\/\/v31.es\/booksonline\/wp-json\/wp\/v2\/comments?post=621"}],"wp:featuredmedia":[{"embeddable":true,"href":"https:\/\/v31.es\/booksonline\/wp-json\/wp\/v2\/media\/648"}],"wp:attachment":[{"href":"https:\/\/v31.es\/booksonline\/wp-json\/wp\/v2\/media?parent=621"}],"wp:term":[{"taxonomy":"product_brand","embeddable":true,"href":"https:\/\/v31.es\/booksonline\/wp-json\/wp\/v2\/product_brand?post=621"},{"taxonomy":"product_cat","embeddable":true,"href":"https:\/\/v31.es\/booksonline\/wp-json\/wp\/v2\/product_cat?post=621"},{"taxonomy":"product_tag","embeddable":true,"href":"https:\/\/v31.es\/booksonline\/wp-json\/wp\/v2\/product_tag?post=621"}],"curies":[{"name":"wp","href":"https:\/\/api.w.org\/{rel}","templated":true}]}}