{"id":651,"date":"2019-06-10T08:39:09","date_gmt":"2019-06-10T06:39:09","guid":{"rendered":"http:\/\/v31.es\/booksonline\/?post_type=product&#038;p=651"},"modified":"2019-06-10T08:54:09","modified_gmt":"2019-06-10T06:54:09","slug":"el-poder-del-yo-soy","status":"publish","type":"product","link":"https:\/\/v31.es\/booksonline\/producto\/el-poder-del-yo-soy\/","title":{"rendered":"El Poder del yo soy"},"content":{"rendered":"<p><iframe loading=\"lazy\" title=\"Angeles Abella  Gira Despertar Espa\u00f1a 2018\" width=\"1080\" height=\"608\" src=\"https:\/\/www.youtube.com\/embed\/EAZd-B9gWZk?feature=oembed\" frameborder=\"0\" allow=\"accelerometer; autoplay; encrypted-media; gyroscope; picture-in-picture\" allowfullscreen><\/iframe><\/p>\n","protected":false},"excerpt":{"rendered":"<p>Es un Libro que te explica, de manera delicada, directa y sencilla, c\u00f3mo activar el PODER alqu\u00edmico del YO SOY. Igualmente te da las claves para elevar la frecuencia de tu vibraci\u00f3n conectando as\u00ed con esa\u00a0<strong>ENERG\u00cdA SAGRADA que habita en tu Coraz\u00f3n.<\/strong><\/p>\n<p>EL TESORO DIAMANTINO. El ser humano se siente lejos de Dios porque est\u00e1 lejos de s\u00ed mismo. Este Libro te dar\u00e1 las claves para poder recuperar ese CENTRO SAGRADO donde reside TU SER.<\/p>\n<p>Explica de una forma delicada, directa y transformadora c\u00f3mo valorar y potenciar EL PODER alqu\u00edmico del YO SOY. Ese Lugar \u00danico e \u00cdntimo, que siempre ha estado contigo, latente\u2026<\/p>\n<p>Tan solo esperando el momento de TU DESPERTAR.<\/p>\n","protected":false},"featured_media":652,"comment_status":"open","ping_status":"closed","template":"","meta":{"_et_pb_use_builder":"","_et_pb_old_content":"","_et_gb_content_width":""},"product_brand":[],"product_cat":[213,29],"product_tag":[214],"class_list":{"0":"post-651","1":"product","2":"type-product","3":"status-publish","4":"has-post-thumbnail","6":"product_cat-angeles-abella","7":"product_cat-tienda-1","8":"product_tag-crecimiento-personal","10":"first","11":"instock","12":"taxable","13":"shipping-taxable","14":"purchasable","15":"product-type-simple"},"_links":{"self":[{"href":"https:\/\/v31.es\/booksonline\/wp-json\/wp\/v2\/product\/651","targetHints":{"allow":["GET"]}}],"collection":[{"href":"https:\/\/v31.es\/booksonline\/wp-json\/wp\/v2\/product"}],"about":[{"href":"https:\/\/v31.es\/booksonline\/wp-json\/wp\/v2\/types\/product"}],"replies":[{"embeddable":true,"href":"https:\/\/v31.es\/booksonline\/wp-json\/wp\/v2\/comments?post=651"}],"wp:featuredmedia":[{"embeddable":true,"href":"https:\/\/v31.es\/booksonline\/wp-json\/wp\/v2\/media\/652"}],"wp:attachment":[{"href":"https:\/\/v31.es\/booksonline\/wp-json\/wp\/v2\/media?parent=651"}],"wp:term":[{"taxonomy":"product_brand","embeddable":true,"href":"https:\/\/v31.es\/booksonline\/wp-json\/wp\/v2\/product_brand?post=651"},{"taxonomy":"product_cat","embeddable":true,"href":"https:\/\/v31.es\/booksonline\/wp-json\/wp\/v2\/product_cat?post=651"},{"taxonomy":"product_tag","embeddable":true,"href":"https:\/\/v31.es\/booksonline\/wp-json\/wp\/v2\/product_tag?post=651"}],"curies":[{"name":"wp","href":"https:\/\/api.w.org\/{rel}","templated":true}]}}