{"id":8455,"date":"2020-06-14T17:42:27","date_gmt":"2020-06-14T15:42:27","guid":{"rendered":"http:\/\/v31.es\/booksonline\/?post_type=product&#038;p=8455"},"modified":"2021-12-27T12:57:22","modified_gmt":"2021-12-27T11:57:22","slug":"nosotros-los-vascos","status":"publish","type":"product","link":"https:\/\/v31.es\/booksonline\/producto\/nosotros-los-vascos\/","title":{"rendered":"Nosotros los vascos"},"content":{"rendered":"<p><em><strong>Los cuarenta grandes maestros de la cocina vasca<\/strong><\/em><\/p>\n<p>Juanjo Mendioroz,\u00a0 (Donostia-San Sebasti\u00e1n 1946) . Publicista y Gastr\u00f3nomo Gipuzkoano. A lo largo de su vida se ha dado cuenta de que las gastronom\u00eda representa bastante m\u00e1s que el mero comer para subsistir. Ha realizado en los \u00faltimos diez a\u00f1os mas de mil quinientas entrevistas a cocineros y elaboradores de productos gastron\u00f3micos desde su programa semanal de Radio San Sebasti\u00e1n Cadena SER. Y ahora se ha decidido a publicar este libro con la colaboraci\u00f3n de estos grandes maestros de la cocina vasca que han hecho posible que esta obra sea una realidad.<\/p>\n<p>&nbsp;<\/p>\n<p>432 p\u00e1ginas a todo color, editadas en el a\u00f1o 1997, con tapa dura de terciopelo grabada en oro m\u00e1s sobrecubierta, cosida en rustica y embalado en caja de cart\u00f3n individual.<\/p>\n","protected":false},"excerpt":{"rendered":"<p>Los cuarenta grandes maestros de la cocina vasca Juanjo Mendioroz,\u00a0 (Donostia-San Sebasti\u00e1n 1946) . Publicista y Gastr\u00f3nomo Gipuzkoano. A lo largo de su vida se ha dado cuenta de que las gastronom\u00eda representa bastante m\u00e1s que el mero comer para subsistir. Ha realizado en los \u00faltimos diez a\u00f1os mas de mil quinientas entrevistas a cocineros [&hellip;]<\/p>\n","protected":false},"featured_media":8483,"comment_status":"open","ping_status":"closed","template":"","meta":{"_et_pb_use_builder":"","_et_pb_old_content":"","_et_gb_content_width":""},"product_brand":[],"product_cat":[20],"product_tag":[],"class_list":{"0":"post-8455","1":"product","2":"type-product","3":"status-publish","4":"has-post-thumbnail","6":"product_cat-sin-categorizar","7":"product_shipping_class-envio-estandar","9":"first","10":"instock","11":"taxable","12":"shipping-taxable","13":"purchasable","14":"product-type-simple"},"_links":{"self":[{"href":"https:\/\/v31.es\/booksonline\/wp-json\/wp\/v2\/product\/8455","targetHints":{"allow":["GET"]}}],"collection":[{"href":"https:\/\/v31.es\/booksonline\/wp-json\/wp\/v2\/product"}],"about":[{"href":"https:\/\/v31.es\/booksonline\/wp-json\/wp\/v2\/types\/product"}],"replies":[{"embeddable":true,"href":"https:\/\/v31.es\/booksonline\/wp-json\/wp\/v2\/comments?post=8455"}],"wp:featuredmedia":[{"embeddable":true,"href":"https:\/\/v31.es\/booksonline\/wp-json\/wp\/v2\/media\/8483"}],"wp:attachment":[{"href":"https:\/\/v31.es\/booksonline\/wp-json\/wp\/v2\/media?parent=8455"}],"wp:term":[{"taxonomy":"product_brand","embeddable":true,"href":"https:\/\/v31.es\/booksonline\/wp-json\/wp\/v2\/product_brand?post=8455"},{"taxonomy":"product_cat","embeddable":true,"href":"https:\/\/v31.es\/booksonline\/wp-json\/wp\/v2\/product_cat?post=8455"},{"taxonomy":"product_tag","embeddable":true,"href":"https:\/\/v31.es\/booksonline\/wp-json\/wp\/v2\/product_tag?post=8455"}],"curies":[{"name":"wp","href":"https:\/\/api.w.org\/{rel}","templated":true}]}}