{"id":8460,"date":"2020-11-05T11:05:32","date_gmt":"2020-11-05T10:05:32","guid":{"rendered":"http:\/\/v31.es\/booksonline\/?post_type=product&#038;p=8460"},"modified":"2021-12-27T12:57:09","modified_gmt":"2021-12-27T11:57:09","slug":"el-analisis","status":"publish","type":"product","link":"https:\/\/v31.es\/booksonline\/producto\/el-analisis\/","title":{"rendered":"El An\u00e1lisis"},"content":{"rendered":"<p><i>El An\u00e1lisis<\/i> es una secci\u00f3n radiof\u00f3nica de Cope Alto Arag\u00f3n (106.9 FM) que se puede escuchar los lunes entre las 07:50 y las 08:00 horas. En ella, el periodista literano analiza, a veces desde la seriedad que requiere la ocasi\u00f3n y, en ocasiones, desde el humor y la iron\u00eda, la actualidad comarcal, regional, nacional e internacional pero, tambi\u00e9n, cuestiones atemporales dignas de ser tratadas.<\/p>\n<div class='et-learn-more clearfix'>\n\t\t\t\t\t<h3 class='heading-more'>leer m\u00e1s<span class='et_learnmore_arrow'><span><\/span><\/span><\/h3>\n\t\t\t\t\t<div class='learn-more-content'>Este libro recoge \u00edntegramente 40 an\u00e1lisis de Cope Alto Arag\u00f3n y, tambi\u00e9n, cuenta con un ep\u00edlogo con otros 11 an\u00e1lisis, realizados en 2014 y 2015 en la valenciana Swing Radio, y que se han considerado acreedores de integrarse en esta publicaci\u00f3n. El lector podr\u00e1 reflexionar en torno a diferentes cuestiones, todas ellas interesantes y sugerentes, a partir de las transcripciones, en forma de textos, trasladadas desde las ondas de Cope. Ascen Lardi\u00e9s, Mar\u00eda A\u00f1a\u00f1os y Antonio Bl\u00e1zquez son quienes dirigen Cope Alto Arag\u00f3n, emisora de radio de referencia en la zona oriental de la provincia de Huesca que cuenta con 9.000 oyentes diarios.<\/p>\n<p>El pr\u00f3logo de la obra est\u00e1 escrito por la popular periodista barbastrense Ascen Lardi\u00e9s (Cope Alto Arag\u00f3n y El Cruzado Aragon\u00e9s), directora de Informativos en Cope Alto Arag\u00f3n.<\/div>\n\t\t\t\t<\/div>\n<p>&nbsp;<\/p>\n","protected":false},"excerpt":{"rendered":"<p>El An\u00e1lisis es una secci\u00f3n radiof\u00f3nica de Cope Alto Arag\u00f3n (106.9 FM) que se puede escuchar los lunes entre las 07:50 y las 08:00 horas. En ella, el periodista literano analiza, a veces desde la seriedad que requiere la ocasi\u00f3n y, en ocasiones, desde el humor y la iron\u00eda, la actualidad comarcal, regional, nacional e [&hellip;]<\/p>\n","protected":false},"featured_media":8462,"comment_status":"open","ping_status":"closed","template":"","meta":{"_et_pb_use_builder":"","_et_pb_old_content":"","_et_gb_content_width":""},"product_brand":[],"product_cat":[276],"product_tag":[278,277,279],"class_list":{"0":"post-8460","1":"product","2":"type-product","3":"status-publish","4":"has-post-thumbnail","6":"product_cat-hector-castro","7":"product_tag-160-9-fm","8":"product_tag-cope-aragon","9":"product_tag-temporada-2018-2019","10":"product_shipping_class-envio-estandar","12":"first","13":"instock","14":"taxable","15":"shipping-taxable","16":"purchasable","17":"product-type-simple"},"_links":{"self":[{"href":"https:\/\/v31.es\/booksonline\/wp-json\/wp\/v2\/product\/8460","targetHints":{"allow":["GET"]}}],"collection":[{"href":"https:\/\/v31.es\/booksonline\/wp-json\/wp\/v2\/product"}],"about":[{"href":"https:\/\/v31.es\/booksonline\/wp-json\/wp\/v2\/types\/product"}],"replies":[{"embeddable":true,"href":"https:\/\/v31.es\/booksonline\/wp-json\/wp\/v2\/comments?post=8460"}],"wp:featuredmedia":[{"embeddable":true,"href":"https:\/\/v31.es\/booksonline\/wp-json\/wp\/v2\/media\/8462"}],"wp:attachment":[{"href":"https:\/\/v31.es\/booksonline\/wp-json\/wp\/v2\/media?parent=8460"}],"wp:term":[{"taxonomy":"product_brand","embeddable":true,"href":"https:\/\/v31.es\/booksonline\/wp-json\/wp\/v2\/product_brand?post=8460"},{"taxonomy":"product_cat","embeddable":true,"href":"https:\/\/v31.es\/booksonline\/wp-json\/wp\/v2\/product_cat?post=8460"},{"taxonomy":"product_tag","embeddable":true,"href":"https:\/\/v31.es\/booksonline\/wp-json\/wp\/v2\/product_tag?post=8460"}],"curies":[{"name":"wp","href":"https:\/\/api.w.org\/{rel}","templated":true}]}}