{"id":8469,"date":"2021-02-04T09:08:22","date_gmt":"2021-02-04T08:08:22","guid":{"rendered":"http:\/\/v31.es\/booksonline\/?post_type=product&#038;p=8469"},"modified":"2021-12-27T12:56:54","modified_gmt":"2021-12-27T11:56:54","slug":"maria-marinera-feliz-2","status":"publish","type":"product","link":"https:\/\/v31.es\/booksonline\/producto\/maria-marinera-feliz-2\/","title":{"rendered":"MAR\u00cdA, MARINERA FELIZ"},"content":{"rendered":"<p>En la vida vamos a tener que afrontar realidades que no nos gustan, queramos o no. Vivir implica navegar a veces en aguas tranquilas, a veces revueltas, en medio de tempestades o en d\u00edas de gloriosa calma.<\/p>\n<p>La resiliencia es la capacidad de salir fortalecido de las situaciones que suponen disgusto o malestar. Es un m\u00fasculo que se puede fortalecer. A mayor resiliencia, mayor bienestar emocional.<br \/>\nEn este cuento, la protagonista aprende que a utilizar su imaginaci\u00f3n para sobrellevar una situaci\u00f3n que le molesta. El objetivo es calmar su mente, pobl\u00e1ndola con im\u00e1genes que le producen paz y alegr\u00eda. Todos los problemas pueden verse como oportunidades de aprendizaje y crecimiento. Es mejor afrontar las circunstancias dif\u00edciles que huir de ellas. Cuestionar nuestros pensamientos, prestar atenci\u00f3n a las cosas bellas que nos rodean o crear un espacio interior de silencio y serenidad son herramientas que, utilizadas en el d\u00eda a d\u00eda, nos ayudar\u00e1n a vivir la vida con mayor plenitud y alegr\u00eda.<\/p>\n","protected":false},"excerpt":{"rendered":"<p>En la vida vamos a tener que afrontar realidades que no nos gustan, queramos o no. Vivir implica navegar a veces en aguas tranquilas, a veces revueltas, en medio de tempestades o en d\u00edas de gloriosa calma. La resiliencia es la capacidad de salir fortalecido de las situaciones que suponen disgusto o malestar. Es un [&hellip;]<\/p>\n","protected":false},"featured_media":8470,"comment_status":"open","ping_status":"closed","template":"","meta":{"_et_pb_use_builder":"","_et_pb_old_content":"","_et_gb_content_width":""},"product_brand":[],"product_cat":[218,281,280],"product_tag":[250],"class_list":{"0":"post-8469","1":"product","2":"type-product","3":"status-publish","4":"has-post-thumbnail","6":"product_cat-booksonline","7":"product_cat-enca-fernandez","8":"product_cat-maria-tallon","9":"product_tag-infantil","10":"product_shipping_class-envio-estandar","12":"first","13":"instock","14":"taxable","15":"shipping-taxable","16":"purchasable","17":"product-type-simple"},"_links":{"self":[{"href":"https:\/\/v31.es\/booksonline\/wp-json\/wp\/v2\/product\/8469","targetHints":{"allow":["GET"]}}],"collection":[{"href":"https:\/\/v31.es\/booksonline\/wp-json\/wp\/v2\/product"}],"about":[{"href":"https:\/\/v31.es\/booksonline\/wp-json\/wp\/v2\/types\/product"}],"replies":[{"embeddable":true,"href":"https:\/\/v31.es\/booksonline\/wp-json\/wp\/v2\/comments?post=8469"}],"wp:featuredmedia":[{"embeddable":true,"href":"https:\/\/v31.es\/booksonline\/wp-json\/wp\/v2\/media\/8470"}],"wp:attachment":[{"href":"https:\/\/v31.es\/booksonline\/wp-json\/wp\/v2\/media?parent=8469"}],"wp:term":[{"taxonomy":"product_brand","embeddable":true,"href":"https:\/\/v31.es\/booksonline\/wp-json\/wp\/v2\/product_brand?post=8469"},{"taxonomy":"product_cat","embeddable":true,"href":"https:\/\/v31.es\/booksonline\/wp-json\/wp\/v2\/product_cat?post=8469"},{"taxonomy":"product_tag","embeddable":true,"href":"https:\/\/v31.es\/booksonline\/wp-json\/wp\/v2\/product_tag?post=8469"}],"curies":[{"name":"wp","href":"https:\/\/api.w.org\/{rel}","templated":true}]}}