{"id":8471,"date":"2021-02-04T09:23:49","date_gmt":"2021-02-04T08:23:49","guid":{"rendered":"http:\/\/v31.es\/booksonline\/?post_type=product&#038;p=8471"},"modified":"2021-12-27T12:56:47","modified_gmt":"2021-12-27T11:56:47","slug":"mas-alla-del-espejo","status":"publish","type":"product","link":"https:\/\/v31.es\/booksonline\/producto\/mas-alla-del-espejo\/","title":{"rendered":"M\u00c1S ALL\u00c1 DEL ESPEJO"},"content":{"rendered":"<p>A trav\u00e9s de nuestro cuerpo somos capaces de sentir, de movernos, de comunicarnos&#8230;<br \/>\nNuestro cuerpo es un tesoro que nos permite estar en el mundo. En este cuento la protagonista consigue comprender que ella es mucho m\u00e1s de lo que ve en el espejo y aprende a amarse tal y como es. Ella nos ayuda a comprender d\u00f3nde reside la verdadera belleza. Todos los problemas pueden verse como oportunidades de aprendizaje y crecimiento. Es mejor afrontar las situaciones dif\u00edciles que huir de ellas. Cuestionar nuestros pensamientos, prestar atenci\u00f3n a las cosas bellas que nos rodean o crear un espacio interior de calma y serenidad son herramientas que, utilizadas en el d\u00eda a d\u00eda, nos ayudar\u00e1n a vivir la vida con mayor plenitud y alegr\u00eda.<\/p>\n","protected":false},"excerpt":{"rendered":"<p>A trav\u00e9s de nuestro cuerpo somos capaces de sentir, de movernos, de comunicarnos&#8230; Nuestro cuerpo es un tesoro que nos permite estar en el mundo. En este cuento la protagonista consigue comprender que ella es mucho m\u00e1s de lo que ve en el espejo y aprende a amarse tal y como es. Ella nos ayuda [&hellip;]<\/p>\n","protected":false},"featured_media":8472,"comment_status":"open","ping_status":"closed","template":"","meta":{"_et_pb_use_builder":"","_et_pb_old_content":"","_et_gb_content_width":""},"product_brand":[],"product_cat":[218,280,282],"product_tag":[250],"class_list":{"0":"post-8471","1":"product","2":"type-product","3":"status-publish","4":"has-post-thumbnail","6":"product_cat-booksonline","7":"product_cat-maria-tallon","8":"product_cat-xcar-malavida","9":"product_tag-infantil","10":"product_shipping_class-envio-estandar","12":"first","13":"instock","14":"taxable","15":"shipping-taxable","16":"purchasable","17":"product-type-simple"},"_links":{"self":[{"href":"https:\/\/v31.es\/booksonline\/wp-json\/wp\/v2\/product\/8471","targetHints":{"allow":["GET"]}}],"collection":[{"href":"https:\/\/v31.es\/booksonline\/wp-json\/wp\/v2\/product"}],"about":[{"href":"https:\/\/v31.es\/booksonline\/wp-json\/wp\/v2\/types\/product"}],"replies":[{"embeddable":true,"href":"https:\/\/v31.es\/booksonline\/wp-json\/wp\/v2\/comments?post=8471"}],"wp:featuredmedia":[{"embeddable":true,"href":"https:\/\/v31.es\/booksonline\/wp-json\/wp\/v2\/media\/8472"}],"wp:attachment":[{"href":"https:\/\/v31.es\/booksonline\/wp-json\/wp\/v2\/media?parent=8471"}],"wp:term":[{"taxonomy":"product_brand","embeddable":true,"href":"https:\/\/v31.es\/booksonline\/wp-json\/wp\/v2\/product_brand?post=8471"},{"taxonomy":"product_cat","embeddable":true,"href":"https:\/\/v31.es\/booksonline\/wp-json\/wp\/v2\/product_cat?post=8471"},{"taxonomy":"product_tag","embeddable":true,"href":"https:\/\/v31.es\/booksonline\/wp-json\/wp\/v2\/product_tag?post=8471"}],"curies":[{"name":"wp","href":"https:\/\/api.w.org\/{rel}","templated":true}]}}