{"id":8473,"date":"2021-02-04T09:29:47","date_gmt":"2021-02-04T08:29:47","guid":{"rendered":"http:\/\/v31.es\/booksonline\/?post_type=product&#038;p=8473"},"modified":"2024-12-27T11:09:16","modified_gmt":"2024-12-27T10:09:16","slug":"el-mondo-de-santi","status":"publish","type":"product","link":"https:\/\/v31.es\/booksonline\/producto\/el-mondo-de-santi\/","title":{"rendered":"El Mundo de Santi"},"content":{"rendered":"<p>La tecnolog\u00eda ha tra\u00eddo a nuestras vidas una infinidad de posibilidades de crecimiento personal y social. Pone a nuestra disposici\u00f3n un sinf\u00edn de fuentes de informaci\u00f3n.<\/p>\n<p>Facilita los quehaceres cotidianos liberando tiempo para estar con los seres queridos y practicar actividades de ocio que pueden contribuir de manera determinante a nuestra felicidad. Pero, \u00bfy si pasamos a ser dependientes de la tecnolog\u00eda, de las redes sociales, de las pantallas en general? \u00bfPor qu\u00e9 se antepone, en ocasiones, un chat insustancial al contacto real y cercano con las personas que amamos?<br \/>\nEste libro es una propuesta de reflexi\u00f3n sobre el uso\/abuso que hacemos de las pantallas y a favor de la creaci\u00f3n<br \/>\nde verdaderas redes sociales, cercanas en tiempo y espacio.<\/p>\n","protected":false},"excerpt":{"rendered":"<p>La tecnolog\u00eda ha tra\u00eddo a nuestras vidas una infinidad de posibilidades de crecimiento personal y social. Pone a nuestra disposici\u00f3n un sinf\u00edn de fuentes de informaci\u00f3n. Facilita los quehaceres cotidianos liberando tiempo para estar con los seres queridos y practicar actividades de ocio que pueden contribuir de manera determinante a nuestra felicidad. Pero, \u00bfy si [&hellip;]<\/p>\n","protected":false},"featured_media":8474,"comment_status":"open","ping_status":"closed","template":"","meta":{"_et_pb_use_builder":"","_et_pb_old_content":"","_et_gb_content_width":""},"product_brand":[],"product_cat":[281,280],"product_tag":[250],"class_list":{"0":"post-8473","1":"product","2":"type-product","3":"status-publish","4":"has-post-thumbnail","6":"product_cat-enca-fernandez","7":"product_cat-maria-tallon","8":"product_tag-infantil","9":"product_shipping_class-envio-estandar","11":"first","12":"instock","13":"taxable","14":"shipping-taxable","15":"purchasable","16":"product-type-simple"},"_links":{"self":[{"href":"https:\/\/v31.es\/booksonline\/wp-json\/wp\/v2\/product\/8473","targetHints":{"allow":["GET"]}}],"collection":[{"href":"https:\/\/v31.es\/booksonline\/wp-json\/wp\/v2\/product"}],"about":[{"href":"https:\/\/v31.es\/booksonline\/wp-json\/wp\/v2\/types\/product"}],"replies":[{"embeddable":true,"href":"https:\/\/v31.es\/booksonline\/wp-json\/wp\/v2\/comments?post=8473"}],"wp:featuredmedia":[{"embeddable":true,"href":"https:\/\/v31.es\/booksonline\/wp-json\/wp\/v2\/media\/8474"}],"wp:attachment":[{"href":"https:\/\/v31.es\/booksonline\/wp-json\/wp\/v2\/media?parent=8473"}],"wp:term":[{"taxonomy":"product_brand","embeddable":true,"href":"https:\/\/v31.es\/booksonline\/wp-json\/wp\/v2\/product_brand?post=8473"},{"taxonomy":"product_cat","embeddable":true,"href":"https:\/\/v31.es\/booksonline\/wp-json\/wp\/v2\/product_cat?post=8473"},{"taxonomy":"product_tag","embeddable":true,"href":"https:\/\/v31.es\/booksonline\/wp-json\/wp\/v2\/product_tag?post=8473"}],"curies":[{"name":"wp","href":"https:\/\/api.w.org\/{rel}","templated":true}]}}