{"id":9022,"date":"2021-07-02T12:21:49","date_gmt":"2021-07-02T10:21:49","guid":{"rendered":"https:\/\/v31.es\/booksonline\/?post_type=product&#038;p=9022"},"modified":"2022-04-04T11:22:17","modified_gmt":"2022-04-04T09:22:17","slug":"te-de-roca","status":"publish","type":"product","link":"https:\/\/v31.es\/booksonline\/producto\/te-de-roca\/","title":{"rendered":"T\u00e9 de Roca"},"content":{"rendered":"<p>De peque\u00f1os muchos de nosotros pas\u00e1bamos las vacaciones en el pueblo.<br \/>\nPor aquel entonces no hab\u00eda Internet, ni m\u00f3viles, ni grandes coches, ni autov\u00edas, y all\u00ed aun no hab\u00eda llegado ni tan siquiera el agua corriente, la canalizaci\u00f3n de aguas residuales o la linea telef\u00f3nica. Pero su gente, enraizada a su tierra como el t\u00e9 de roca, viv\u00eda feliz con lo que tenia. Como las \u00abengrinetas\u00bb -golondrinas- que viajan cuando empieza y termina la \u00e9poca estival, este relato nos traslada a nuestra infancia y juventud, a dos veranos narrados por un ni\u00f1o -a\u00f1os m\u00e1s tarde adolescente- y su relaci\u00f3n con el entorno rural de un peque\u00f1o pueblo de Arag\u00f3n.<\/p>\n<p><iframe loading=\"lazy\" title=\"Llibre &quot;Te de roca&quot;, de Josep M. Nin, i Calasanz. CHARRIN CHARRAN d&#039;Arag\u00f3n TV, con Silvia Cebolla\" width=\"1080\" height=\"608\" src=\"https:\/\/www.youtube.com\/embed\/p3bMjII8XGo?feature=oembed\" frameborder=\"0\" allow=\"accelerometer; autoplay; clipboard-write; encrypted-media; gyroscope; picture-in-picture\" allowfullscreen><\/iframe><\/p>\n<p>&nbsp;<\/p>\n","protected":false},"excerpt":{"rendered":"<p>De peque\u00f1os muchos de nosotros pas\u00e1bamos las vacaciones en el pueblo. Por aquel entonces no hab\u00eda Internet, ni m\u00f3viles, ni grandes coches, ni autov\u00edas, y all\u00ed aun no hab\u00eda llegado ni tan siquiera el agua corriente, la canalizaci\u00f3n de aguas residuales o la linea telef\u00f3nica. Pero su gente, enraizada a su tierra como el t\u00e9 [&hellip;]<\/p>\n","protected":false},"featured_media":10185,"comment_status":"open","ping_status":"closed","template":"","meta":{"_et_pb_use_builder":"off","_et_pb_old_content":"\u201cNada es lo que parece, nada parece lo que es\u201d\r\n\r\n[learn_more caption=\"leer m\u00e1s\"]Nos pasamos la mayor parte de nuestra existencia sumidos en una profunda oscuridad, y no somos conscientes de que con un simple gesto, podemos pulsar el interruptor que llenar\u00eda nuestra vida de luz y felicidad. Pocas son las personas capaces de ver que malgastando nuestro tiempo en esa pelea constante con nosotros mismos y con los dem\u00e1s nunca llegaremos a encontrar lo que realmente buscamos, el amor. El amor llegar\u00e1 a ti si le abres la puerta, o al menos una ventana. El amor no es perfecto, pero es lo \u00fanico por lo que merece la pena sufrir, y sobre todo vivir.[\/learn_more]","_et_gb_content_width":""},"product_brand":[],"product_cat":[218,295],"product_tag":[36],"class_list":{"0":"post-9022","1":"product","2":"type-product","3":"status-publish","4":"has-post-thumbnail","6":"product_cat-booksonline","7":"product_cat-josep-maria-nin-lumbiarres","8":"product_tag-novela","9":"product_shipping_class-envio-estandar","11":"first","12":"instock","13":"taxable","14":"shipping-taxable","15":"purchasable","16":"product-type-simple"},"_links":{"self":[{"href":"https:\/\/v31.es\/booksonline\/wp-json\/wp\/v2\/product\/9022","targetHints":{"allow":["GET"]}}],"collection":[{"href":"https:\/\/v31.es\/booksonline\/wp-json\/wp\/v2\/product"}],"about":[{"href":"https:\/\/v31.es\/booksonline\/wp-json\/wp\/v2\/types\/product"}],"replies":[{"embeddable":true,"href":"https:\/\/v31.es\/booksonline\/wp-json\/wp\/v2\/comments?post=9022"}],"wp:featuredmedia":[{"embeddable":true,"href":"https:\/\/v31.es\/booksonline\/wp-json\/wp\/v2\/media\/10185"}],"wp:attachment":[{"href":"https:\/\/v31.es\/booksonline\/wp-json\/wp\/v2\/media?parent=9022"}],"wp:term":[{"taxonomy":"product_brand","embeddable":true,"href":"https:\/\/v31.es\/booksonline\/wp-json\/wp\/v2\/product_brand?post=9022"},{"taxonomy":"product_cat","embeddable":true,"href":"https:\/\/v31.es\/booksonline\/wp-json\/wp\/v2\/product_cat?post=9022"},{"taxonomy":"product_tag","embeddable":true,"href":"https:\/\/v31.es\/booksonline\/wp-json\/wp\/v2\/product_tag?post=9022"}],"curies":[{"name":"wp","href":"https:\/\/api.w.org\/{rel}","templated":true}]}}