{"id":9253,"date":"2021-06-03T10:52:14","date_gmt":"2021-06-03T08:52:14","guid":{"rendered":"https:\/\/v31.es\/booksonline\/?post_type=product&#038;p=9253"},"modified":"2022-03-28T12:46:10","modified_gmt":"2022-03-28T10:46:10","slug":"aves-y-caza-en-la-cocina","status":"publish","type":"product","link":"https:\/\/v31.es\/booksonline\/producto\/aves-y-caza-en-la-cocina\/","title":{"rendered":"Aves y Caza, en la cocina"},"content":{"rendered":"<p>Txuno Etxaniz nos presenta una selecci\u00f3n de recetas tanto nacionales como internacionales de las aves de corral (pollo, gallina, pularda, pavo, etc.) haciendo un apartado especial para el pato y la oca con todos sus derivados (foie, confit, magret, etc.) y m\u00e1s de cien recetas de caza (pato, paloma, jabal\u00ed, ciervo, fais\u00e1n, becada, etc.).<br \/>\nTxuno Etxaniz ha escrito \u00e9sta obra como es habitual en \u00e9l, es cecir, con un lenguaje claro y sencillo y utilizando ingredientes y componentes para que todo el que lo desee pueda cocinar sin grandes complicaciones.<\/p>\n","protected":false},"excerpt":{"rendered":"<p>Txuno Etxaniz nos presenta una selecci\u00f3n de recetas tanto nacionales como internacionales de las aves de corral (pollo, gallina, pularda, pavo, etc.) haciendo un apartado especial para el pato y la oca con todos sus derivados (foie, confit, magret, etc.) y m\u00e1s de cien recetas de caza (pato, paloma, jabal\u00ed, ciervo, fais\u00e1n, becada, etc.). Txuno [&hellip;]<\/p>\n","protected":false},"featured_media":10091,"comment_status":"open","ping_status":"closed","template":"","meta":{"_et_pb_use_builder":"","_et_pb_old_content":"","_et_gb_content_width":""},"product_brand":[],"product_cat":[222,299],"product_tag":[298],"class_list":{"0":"post-9253","1":"product","2":"type-product","3":"status-publish","4":"has-post-thumbnail","6":"product_cat-editorial-anteo","7":"product_cat-txuno-etxaniz","8":"product_tag-txuno-etxaniz","9":"product_shipping_class-envio-estandar","11":"first","12":"instock","13":"taxable","14":"shipping-taxable","15":"purchasable","16":"product-type-simple"},"_links":{"self":[{"href":"https:\/\/v31.es\/booksonline\/wp-json\/wp\/v2\/product\/9253","targetHints":{"allow":["GET"]}}],"collection":[{"href":"https:\/\/v31.es\/booksonline\/wp-json\/wp\/v2\/product"}],"about":[{"href":"https:\/\/v31.es\/booksonline\/wp-json\/wp\/v2\/types\/product"}],"replies":[{"embeddable":true,"href":"https:\/\/v31.es\/booksonline\/wp-json\/wp\/v2\/comments?post=9253"}],"wp:featuredmedia":[{"embeddable":true,"href":"https:\/\/v31.es\/booksonline\/wp-json\/wp\/v2\/media\/10091"}],"wp:attachment":[{"href":"https:\/\/v31.es\/booksonline\/wp-json\/wp\/v2\/media?parent=9253"}],"wp:term":[{"taxonomy":"product_brand","embeddable":true,"href":"https:\/\/v31.es\/booksonline\/wp-json\/wp\/v2\/product_brand?post=9253"},{"taxonomy":"product_cat","embeddable":true,"href":"https:\/\/v31.es\/booksonline\/wp-json\/wp\/v2\/product_cat?post=9253"},{"taxonomy":"product_tag","embeddable":true,"href":"https:\/\/v31.es\/booksonline\/wp-json\/wp\/v2\/product_tag?post=9253"}],"curies":[{"name":"wp","href":"https:\/\/api.w.org\/{rel}","templated":true}]}}