{"id":9260,"date":"2021-06-03T11:10:29","date_gmt":"2021-06-03T09:10:29","guid":{"rendered":"https:\/\/v31.es\/booksonline\/?post_type=product&#038;p=9260"},"modified":"2022-03-28T12:43:42","modified_gmt":"2022-03-28T10:43:42","slug":"las-cofradias-y-sus-recetas","status":"publish","type":"product","link":"https:\/\/v31.es\/booksonline\/producto\/las-cofradias-y-sus-recetas\/","title":{"rendered":"Las Cofradias y sus recetas"},"content":{"rendered":"<p>Txuno Etxaniz en este libro de cocina nos muestra que los verdaderos protagonistas son los ingredientes, aut\u00e9nticos tesoros gastron\u00f3micos en todos los casos. Y quieres han propuesto y elaborado estas recetas son las personas que con m\u00e1s entusiasmo y autoridad pueden hacerlo: los cofrades de las m\u00e1s importantes cofrad\u00edas gastron\u00f3micas.<br \/>\nTxuno Etxaniz ha escrito \u00e9sta obra como es habitual en \u00e9l, con un lenguaje claro y sencillo y utilizando ingredientes y componentes para que todo el que lo desee pueda cocinar sin grandes complicaciones.<\/p>\n","protected":false},"excerpt":{"rendered":"<p>Txuno Etxaniz en este libro de cocina nos muestra que los verdaderos protagonistas son los ingredientes, aut\u00e9nticos tesoros gastron\u00f3micos en todos los casos. Y quieres han propuesto y elaborado estas recetas son las personas que con m\u00e1s entusiasmo y autoridad pueden hacerlo: los cofrades de las m\u00e1s importantes cofrad\u00edas gastron\u00f3micas. Txuno Etxaniz ha escrito \u00e9sta [&hellip;]<\/p>\n","protected":false},"featured_media":10125,"comment_status":"open","ping_status":"closed","template":"","meta":{"_et_pb_use_builder":"","_et_pb_old_content":"","_et_gb_content_width":""},"product_brand":[],"product_cat":[222,299],"product_tag":[298],"class_list":{"0":"post-9260","1":"product","2":"type-product","3":"status-publish","4":"has-post-thumbnail","6":"product_cat-editorial-anteo","7":"product_cat-txuno-etxaniz","8":"product_tag-txuno-etxaniz","9":"product_shipping_class-envio-estandar","11":"first","12":"instock","13":"taxable","14":"shipping-taxable","15":"purchasable","16":"product-type-simple"},"_links":{"self":[{"href":"https:\/\/v31.es\/booksonline\/wp-json\/wp\/v2\/product\/9260","targetHints":{"allow":["GET"]}}],"collection":[{"href":"https:\/\/v31.es\/booksonline\/wp-json\/wp\/v2\/product"}],"about":[{"href":"https:\/\/v31.es\/booksonline\/wp-json\/wp\/v2\/types\/product"}],"replies":[{"embeddable":true,"href":"https:\/\/v31.es\/booksonline\/wp-json\/wp\/v2\/comments?post=9260"}],"wp:featuredmedia":[{"embeddable":true,"href":"https:\/\/v31.es\/booksonline\/wp-json\/wp\/v2\/media\/10125"}],"wp:attachment":[{"href":"https:\/\/v31.es\/booksonline\/wp-json\/wp\/v2\/media?parent=9260"}],"wp:term":[{"taxonomy":"product_brand","embeddable":true,"href":"https:\/\/v31.es\/booksonline\/wp-json\/wp\/v2\/product_brand?post=9260"},{"taxonomy":"product_cat","embeddable":true,"href":"https:\/\/v31.es\/booksonline\/wp-json\/wp\/v2\/product_cat?post=9260"},{"taxonomy":"product_tag","embeddable":true,"href":"https:\/\/v31.es\/booksonline\/wp-json\/wp\/v2\/product_tag?post=9260"}],"curies":[{"name":"wp","href":"https:\/\/api.w.org\/{rel}","templated":true}]}}