{"id":9264,"date":"2021-06-04T06:45:41","date_gmt":"2021-06-04T04:45:41","guid":{"rendered":"https:\/\/v31.es\/booksonline\/?post_type=product&#038;p=9264"},"modified":"2022-03-28T12:40:46","modified_gmt":"2022-03-28T10:40:46","slug":"nanas-de-colores","status":"publish","type":"product","link":"https:\/\/v31.es\/booksonline\/producto\/nanas-de-colores\/","title":{"rendered":"Nanas de Colores"},"content":{"rendered":"<p>Poemas originales bellamente ilustrados para cantar a los m\u00e1s peque\u00f1os de la casa. Agudiza el o\u00eddo, sigue los acordes y agudiza la voz. Invitaci\u00f3n a cantar suaves melod\u00edas a los m\u00e1s\u00a0 peque\u00f1os de la casa. \u00bfDulces Sue\u00f1os!<\/p>\n","protected":false},"excerpt":{"rendered":"<p>Poemas originales bellamente ilustrados para cantar a los m\u00e1s peque\u00f1os de la casa. Agudiza el o\u00eddo, sigue los acordes y agudiza la voz. Invitaci\u00f3n a cantar suaves melod\u00edas a los m\u00e1s\u00a0 peque\u00f1os de la casa. \u00bfDulces Sue\u00f1os!<\/p>\n","protected":false},"featured_media":10135,"comment_status":"open","ping_status":"closed","template":"","meta":{"_et_pb_use_builder":"","_et_pb_old_content":"","_et_gb_content_width":""},"product_brand":[],"product_cat":[302,303,304],"product_tag":[305,307,306],"class_list":{"0":"post-9264","1":"product","2":"type-product","3":"status-publish","4":"has-post-thumbnail","6":"product_cat-cosquillas-editorial","7":"product_cat-jani-lunablau","8":"product_cat-paulina-fariza","9":"product_tag-cosquillas-editorial","10":"product_tag-jani-lunablau","11":"product_tag-paulina-fariza","12":"product_shipping_class-envio-estandar","14":"first","15":"instock","16":"taxable","17":"shipping-taxable","18":"purchasable","19":"product-type-simple"},"_links":{"self":[{"href":"https:\/\/v31.es\/booksonline\/wp-json\/wp\/v2\/product\/9264","targetHints":{"allow":["GET"]}}],"collection":[{"href":"https:\/\/v31.es\/booksonline\/wp-json\/wp\/v2\/product"}],"about":[{"href":"https:\/\/v31.es\/booksonline\/wp-json\/wp\/v2\/types\/product"}],"replies":[{"embeddable":true,"href":"https:\/\/v31.es\/booksonline\/wp-json\/wp\/v2\/comments?post=9264"}],"wp:featuredmedia":[{"embeddable":true,"href":"https:\/\/v31.es\/booksonline\/wp-json\/wp\/v2\/media\/10135"}],"wp:attachment":[{"href":"https:\/\/v31.es\/booksonline\/wp-json\/wp\/v2\/media?parent=9264"}],"wp:term":[{"taxonomy":"product_brand","embeddable":true,"href":"https:\/\/v31.es\/booksonline\/wp-json\/wp\/v2\/product_brand?post=9264"},{"taxonomy":"product_cat","embeddable":true,"href":"https:\/\/v31.es\/booksonline\/wp-json\/wp\/v2\/product_cat?post=9264"},{"taxonomy":"product_tag","embeddable":true,"href":"https:\/\/v31.es\/booksonline\/wp-json\/wp\/v2\/product_tag?post=9264"}],"curies":[{"name":"wp","href":"https:\/\/api.w.org\/{rel}","templated":true}]}}