{"id":9276,"date":"2021-06-07T10:32:21","date_gmt":"2021-06-07T08:32:21","guid":{"rendered":"https:\/\/v31.es\/booksonline\/?post_type=product&#038;p=9276"},"modified":"2022-03-28T12:34:16","modified_gmt":"2022-03-28T10:34:16","slug":"entre-pitos-flautas-y-pajaros-locos","status":"publish","type":"product","link":"https:\/\/v31.es\/booksonline\/producto\/entre-pitos-flautas-y-pajaros-locos\/","title":{"rendered":"Entre Pitos Flautas y P\u00e1jaros Locos"},"content":{"rendered":"<p><b>Pollo<\/b> es el \u00faltimo p\u00e1jaro de este mundo al que le pedir\u00edas entregar un mensaje de socorro. Es torpe y despistado a m\u00e1s no poder. Pero\u00a0<b>Brujularrota<\/b>\u00a0est\u00e1 desesperada, se ha perdido en el\u00a0<b>Pa\u00eds de la Plastilina<\/b>. Intentar evitar toda clase de peligros no es tarea f\u00e1cil, aunque m\u00e1s complicado resulte,\u00a0a veces,\u00a0superar las propias debilidades.<br \/>\n\u00bfCrees que\u00a0<b>Pollo<\/b>\u00a0lo conseguir\u00e1? Tal vez pierda un poco la cabeza\u2026<\/p>\n","protected":false},"excerpt":{"rendered":"<p>Pollo es el \u00faltimo p\u00e1jaro de este mundo al que le pedir\u00edas entregar un mensaje de socorro. Es torpe y despistado a m\u00e1s no poder. Pero\u00a0Brujularrota\u00a0est\u00e1 desesperada, se ha perdido en el\u00a0Pa\u00eds de la Plastilina. Intentar evitar toda clase de peligros no es tarea f\u00e1cil, aunque m\u00e1s complicado resulte,\u00a0a veces,\u00a0superar las propias debilidades. \u00bfCrees que\u00a0Pollo\u00a0lo [&hellip;]<\/p>\n","protected":false},"featured_media":10111,"comment_status":"open","ping_status":"closed","template":"","meta":{"_et_pb_use_builder":"","_et_pb_old_content":"","_et_gb_content_width":""},"product_brand":[],"product_cat":[302,217,326],"product_tag":[305,46,327],"class_list":{"0":"post-9276","1":"product","2":"type-product","3":"status-publish","4":"has-post-thumbnail","6":"product_cat-cosquillas-editorial","7":"product_cat-daniel-vilalta","8":"product_cat-jorge-valero","9":"product_tag-cosquillas-editorial","10":"product_tag-daniel-vilalta","11":"product_tag-jorge-valero","13":"first","14":"instock","15":"taxable","16":"shipping-taxable","17":"purchasable","18":"product-type-simple"},"_links":{"self":[{"href":"https:\/\/v31.es\/booksonline\/wp-json\/wp\/v2\/product\/9276","targetHints":{"allow":["GET"]}}],"collection":[{"href":"https:\/\/v31.es\/booksonline\/wp-json\/wp\/v2\/product"}],"about":[{"href":"https:\/\/v31.es\/booksonline\/wp-json\/wp\/v2\/types\/product"}],"replies":[{"embeddable":true,"href":"https:\/\/v31.es\/booksonline\/wp-json\/wp\/v2\/comments?post=9276"}],"wp:featuredmedia":[{"embeddable":true,"href":"https:\/\/v31.es\/booksonline\/wp-json\/wp\/v2\/media\/10111"}],"wp:attachment":[{"href":"https:\/\/v31.es\/booksonline\/wp-json\/wp\/v2\/media?parent=9276"}],"wp:term":[{"taxonomy":"product_brand","embeddable":true,"href":"https:\/\/v31.es\/booksonline\/wp-json\/wp\/v2\/product_brand?post=9276"},{"taxonomy":"product_cat","embeddable":true,"href":"https:\/\/v31.es\/booksonline\/wp-json\/wp\/v2\/product_cat?post=9276"},{"taxonomy":"product_tag","embeddable":true,"href":"https:\/\/v31.es\/booksonline\/wp-json\/wp\/v2\/product_tag?post=9276"}],"curies":[{"name":"wp","href":"https:\/\/api.w.org\/{rel}","templated":true}]}}