{"id":9289,"date":"2021-06-10T10:39:45","date_gmt":"2021-06-10T08:39:45","guid":{"rendered":"https:\/\/v31.es\/booksonline\/?post_type=product&#038;p=9289"},"modified":"2025-04-20T11:51:51","modified_gmt":"2025-04-20T09:51:51","slug":"suenos-en-papel","status":"publish","type":"product","link":"https:\/\/v31.es\/booksonline\/producto\/suenos-en-papel\/","title":{"rendered":"Sue\u00f1os en Papel"},"content":{"rendered":"<div>\n<div class=\"wpb_text_column wpb_content_element \">\n<div class=\"wpb_wrapper\">\n<div class=\"wpb_text_column wpb_content_element \">\n<div class=\"wpb_wrapper\">\n<p><b>Alborada<\/b> tiene sue\u00f1os por cumplir. Le encanta dibujar y colorear a su antojo esa realidad que la rodea, a veces tan fea, a veces tan triste\u2026 Y, aun as\u00ed, lo intenta, se esfuerza por ponerle color donde solo hay grises. Unos d\u00edas lo consigue, otros no. Pero una ma\u00f1ana, un\u00a0incre\u00edble\u00a0hallazgo en el jard\u00edn de su casa\u2026<\/p>\n<\/div>\n<\/div>\n<\/div>\n<\/div>\n<\/div>\n<p><img loading=\"lazy\" decoding=\"async\" class=\"aligncenter\" src=\"http:\/\/ir-es.amazon-adsystem.com\/e\/ir?t=bauldecursos-21&amp;l=as2&amp;o=30&amp;a=8494324462\" alt=\"\" width=\"1\" height=\"1\" border=\"0\" \/><\/p>\n","protected":false},"excerpt":{"rendered":"<p>Alborada tiene sue\u00f1os por cumplir. Le encanta dibujar y colorear a su antojo esa realidad que la rodea, a veces tan fea, a veces tan triste\u2026 Y, aun as\u00ed, lo intenta, se esfuerza por ponerle color donde solo hay grises. Unos d\u00edas lo consigue, otros no. Pero una ma\u00f1ana, un\u00a0incre\u00edble\u00a0hallazgo en el jard\u00edn de su [&hellip;]<\/p>\n","protected":false},"featured_media":10154,"comment_status":"open","ping_status":"closed","template":"","meta":{"_et_pb_use_builder":"","_et_pb_old_content":"","_et_gb_content_width":""},"product_brand":[],"product_cat":[302,217,338],"product_tag":[305,46,339],"class_list":{"0":"post-9289","1":"product","2":"type-product","3":"status-publish","4":"has-post-thumbnail","6":"product_cat-cosquillas-editorial","7":"product_cat-daniel-vilalta","8":"product_cat-javi-hernandez","9":"product_tag-cosquillas-editorial","10":"product_tag-daniel-vilalta","11":"product_tag-javi-hernandez","12":"product_shipping_class-envio-estandar","14":"first","15":"instock","16":"taxable","17":"shipping-taxable","18":"purchasable","19":"product-type-simple"},"_links":{"self":[{"href":"https:\/\/v31.es\/booksonline\/wp-json\/wp\/v2\/product\/9289","targetHints":{"allow":["GET"]}}],"collection":[{"href":"https:\/\/v31.es\/booksonline\/wp-json\/wp\/v2\/product"}],"about":[{"href":"https:\/\/v31.es\/booksonline\/wp-json\/wp\/v2\/types\/product"}],"replies":[{"embeddable":true,"href":"https:\/\/v31.es\/booksonline\/wp-json\/wp\/v2\/comments?post=9289"}],"wp:featuredmedia":[{"embeddable":true,"href":"https:\/\/v31.es\/booksonline\/wp-json\/wp\/v2\/media\/10154"}],"wp:attachment":[{"href":"https:\/\/v31.es\/booksonline\/wp-json\/wp\/v2\/media?parent=9289"}],"wp:term":[{"taxonomy":"product_brand","embeddable":true,"href":"https:\/\/v31.es\/booksonline\/wp-json\/wp\/v2\/product_brand?post=9289"},{"taxonomy":"product_cat","embeddable":true,"href":"https:\/\/v31.es\/booksonline\/wp-json\/wp\/v2\/product_cat?post=9289"},{"taxonomy":"product_tag","embeddable":true,"href":"https:\/\/v31.es\/booksonline\/wp-json\/wp\/v2\/product_tag?post=9289"}],"curies":[{"name":"wp","href":"https:\/\/api.w.org\/{rel}","templated":true}]}}